{"id":7377,"date":"2024-08-06T12:45:46","date_gmt":"2024-08-06T10:45:46","guid":{"rendered":"https:\/\/vossenwood.com\/privacy-policy\/"},"modified":"2024-09-17T08:53:44","modified_gmt":"2024-09-17T06:53:44","slug":"politique-de-confidentialite","status":"publish","type":"page","link":"https:\/\/vossenwood.com\/fr\/politique-de-confidentialite\/","title":{"rendered":"Politique de confidentialit\u00e9"},"content":{"rendered":"\t\t<div data-elementor-type=\"wp-page\" data-elementor-id=\"7377\" class=\"elementor elementor-7377 elementor-6636\" data-elementor-post-type=\"page\">\n\t\t\t\t<div class=\"elementor-element elementor-element-0a95d4a e-flex e-con-boxed parallax_section_no qode_elementor_container_no e-con e-parent\" data-id=\"0a95d4a\" data-element_type=\"container\">\n\t\t\t\t\t<div class=\"e-con-inner\">\n\t\t\t\t<div class=\"elementor-element elementor-element-9311313 elementor-widget elementor-widget-text-editor\" data-id=\"9311313\" data-element_type=\"widget\" data-widget_type=\"text-editor.default\">\n\t\t\t\t<div class=\"elementor-widget-container\">\n\t\t\t\t\t\t\t\t\t<p>Conform\u00e9ment aux dispositions de la loi 15\/1999 du 13 d\u00e9cembre, Protection des donn\u00e9es personnelles, ) i R\u00e8glement europ\u00e9en 2016\/680 du Parlement europ\u00e9en du 27 avril, David Vossen communique que les donn\u00e9es personnelles fournies par l&rsquo;utilisateur tout au long du processus, y compris votre adresse e-mail et toutes les donn\u00e9es personnelles auxquelles l&rsquo;entreprise acc\u00e8de pendant la navigation, seront trait\u00e9es en dossier \/ si toujours conform\u00e9ment \u00e0 la l\u00e9gislation en vigueur.<\/p><p>Les informations qui pourraient \u00eatre transmises \u00e0 David Vossen seront int\u00e9gr\u00e9es dans ses syst\u00e8mes d&rsquo;information et seront utilis\u00e9es uniquement aux fins pour lesquelles elles ont \u00e9t\u00e9 collect\u00e9es.<\/p><p>\u00a0<\/p><p>David Vossen vous informe que vos donn\u00e9es personnelles se trouvent dans nos fichiers Manuels ou Informatis\u00e9s, que nous respectons la confidentialit\u00e9 des informations fournies, et que vous pouvez exercer votre droit \u00e0 l&rsquo;information dans la collecte de vos donn\u00e9es, pour savoir pourquoi et comment vos donn\u00e9es personnelles sont trait\u00e9s et de d\u00e9cider de leur traitement.<\/p><p>\u00a0<\/p><p>Les donn\u00e9es fournies seront conserv\u00e9es aussi longtemps que la relation commerciale sera maintenue ou pendant les ann\u00e9es n\u00e9cessaires au respect des obligations l\u00e9gales. Les donn\u00e9es ne seront pas c\u00e9d\u00e9es \u00e0 des tiers sauf dans les cas o\u00f9 il existe une obligation l\u00e9gale. Vous avez le droit d&rsquo;acc\u00e9der \u00e0 vos donn\u00e9es personnelles, \u00e0 des donn\u00e9es inexactes ou de demander leur suppression lorsque les donn\u00e9es ne sont plus n\u00e9cessaires. Vous pouvez exercer \u00e0 tout moment les droits de consultation, d&rsquo;acc\u00e8s, de rectification, d&rsquo;opposition, de limitation et de suppression de vos donn\u00e9es, en adressant une lettre accompagn\u00e9e d&rsquo;une photocopie de votre carte d&rsquo;identit\u00e9 ou autre pi\u00e8ce d&rsquo;identit\u00e9, \u00e0 David Vossen, Carrer Sant Rafael 5, 17176 Sant Esteve d&rsquo;en Bas, david@vossenwood.com<\/p>\t\t\t\t\t\t\t\t<\/div>\n\t\t\t\t<\/div>\n\t\t\t\t\t<\/div>\n\t\t\t\t<\/div>\n\t\t\t\t<\/div>\n\t\t","protected":false},"excerpt":{"rendered":"<p>Conform\u00e9ment aux dispositions de la loi 15\/1999 du 13 d\u00e9cembre, Protection des donn\u00e9es personnelles, ) i R\u00e8glement europ\u00e9en 2016\/680 du Parlement europ\u00e9en du 27 avril, David Vossen communique que les donn\u00e9es personnelles fournies par l&rsquo;utilisateur tout au long du processus, y compris votre adresse e-mail&#8230;<\/p>\n","protected":false},"author":1,"featured_media":0,"parent":0,"menu_order":0,"comment_status":"closed","ping_status":"closed","template":"","meta":{"footnotes":""},"class_list":["post-7377","page","type-page","status-publish","hentry"],"yoast_head":"<!-- This site is optimized with the Yoast SEO plugin v26.8 - https:\/\/yoast.com\/product\/yoast-seo-wordpress\/ -->\n<title>Politique de confidentialit\u00e9 - Vossen wood<\/title>\n<meta name=\"robots\" content=\"index, follow, max-snippet:-1, max-image-preview:large, max-video-preview:-1\" \/>\n<link rel=\"canonical\" href=\"https:\/\/vossenwood.com\/fr\/politique-de-confidentialite\/\" \/>\n<meta property=\"og:locale\" content=\"fr_FR\" \/>\n<meta property=\"og:type\" content=\"article\" \/>\n<meta property=\"og:title\" content=\"Politique de confidentialit\u00e9 - Vossen wood\" \/>\n<meta property=\"og:description\" content=\"Conform\u00e9ment aux dispositions de la loi 15\/1999 du 13 d\u00e9cembre, Protection des donn\u00e9es personnelles, ) i R\u00e8glement europ\u00e9en 2016\/680 du Parlement europ\u00e9en du 27 avril, David Vossen communique que les donn\u00e9es personnelles fournies par l&rsquo;utilisateur tout au long du processus, y compris votre adresse e-mail...\" \/>\n<meta property=\"og:url\" content=\"https:\/\/vossenwood.com\/fr\/politique-de-confidentialite\/\" \/>\n<meta property=\"og:site_name\" content=\"Vossen wood\" \/>\n<meta property=\"article:modified_time\" content=\"2024-09-17T06:53:44+00:00\" \/>\n<meta property=\"og:image\" content=\"https:\/\/vossenwood.com\/wp-content\/uploads\/2024\/08\/favicon.png\" \/>\n\t<meta property=\"og:image:width\" content=\"80\" \/>\n\t<meta property=\"og:image:height\" content=\"66\" \/>\n\t<meta property=\"og:image:type\" content=\"image\/png\" \/>\n<meta name=\"twitter:card\" content=\"summary_large_image\" \/>\n<meta name=\"twitter:label1\" content=\"Dur\u00e9e de lecture estim\u00e9e\" \/>\n\t<meta name=\"twitter:data1\" content=\"2 minutes\" \/>\n<script type=\"application\/ld+json\" class=\"yoast-schema-graph\">{\"@context\":\"https:\/\/schema.org\",\"@graph\":[{\"@type\":\"WebPage\",\"@id\":\"https:\/\/vossenwood.com\/fr\/politique-de-confidentialite\/\",\"url\":\"https:\/\/vossenwood.com\/fr\/politique-de-confidentialite\/\",\"name\":\"Politique de confidentialit\u00e9 - Vossen wood\",\"isPartOf\":{\"@id\":\"https:\/\/vossenwood.com\/fr\/#website\"},\"datePublished\":\"2024-08-06T10:45:46+00:00\",\"dateModified\":\"2024-09-17T06:53:44+00:00\",\"breadcrumb\":{\"@id\":\"https:\/\/vossenwood.com\/fr\/politique-de-confidentialite\/#breadcrumb\"},\"inLanguage\":\"fr-FR\",\"potentialAction\":[{\"@type\":\"ReadAction\",\"target\":[\"https:\/\/vossenwood.com\/fr\/politique-de-confidentialite\/\"]}]},{\"@type\":\"BreadcrumbList\",\"@id\":\"https:\/\/vossenwood.com\/fr\/politique-de-confidentialite\/#breadcrumb\",\"itemListElement\":[{\"@type\":\"ListItem\",\"position\":1,\"name\":\"Inici\",\"item\":\"https:\/\/vossenwood.com\/fr\/\"},{\"@type\":\"ListItem\",\"position\":2,\"name\":\"Politique de confidentialit\u00e9\"}]},{\"@type\":\"WebSite\",\"@id\":\"https:\/\/vossenwood.com\/fr\/#website\",\"url\":\"https:\/\/vossenwood.com\/fr\/\",\"name\":\"Vossen Wood\",\"description\":\"Handcrafted wood design\",\"publisher\":{\"@id\":\"https:\/\/vossenwood.com\/fr\/#organization\"},\"alternateName\":\"Vossen Wood\",\"potentialAction\":[{\"@type\":\"SearchAction\",\"target\":{\"@type\":\"EntryPoint\",\"urlTemplate\":\"https:\/\/vossenwood.com\/fr\/?s={search_term_string}\"},\"query-input\":{\"@type\":\"PropertyValueSpecification\",\"valueRequired\":true,\"valueName\":\"search_term_string\"}}],\"inLanguage\":\"fr-FR\"},{\"@type\":\"Organization\",\"@id\":\"https:\/\/vossenwood.com\/fr\/#organization\",\"name\":\"Vossen Wood\",\"alternateName\":\"Vossen Wood\",\"url\":\"https:\/\/vossenwood.com\/fr\/\",\"logo\":{\"@type\":\"ImageObject\",\"inLanguage\":\"fr-FR\",\"@id\":\"https:\/\/vossenwood.com\/fr\/#\/schema\/logo\/image\/\",\"url\":\"https:\/\/vossenwood.com\/wp-content\/uploads\/2024\/08\/vossen-header.svg\",\"contentUrl\":\"https:\/\/vossenwood.com\/wp-content\/uploads\/2024\/08\/vossen-header.svg\",\"width\":903,\"height\":253,\"caption\":\"Vossen Wood\"},\"image\":{\"@id\":\"https:\/\/vossenwood.com\/fr\/#\/schema\/logo\/image\/\"},\"sameAs\":[\"https:\/\/www.instagram.com\/vossendavid\/\"]}]}<\/script>\n<!-- \/ Yoast SEO plugin. -->","yoast_head_json":{"title":"Politique de confidentialit\u00e9 - Vossen wood","robots":{"index":"index","follow":"follow","max-snippet":"max-snippet:-1","max-image-preview":"max-image-preview:large","max-video-preview":"max-video-preview:-1"},"canonical":"https:\/\/vossenwood.com\/fr\/politique-de-confidentialite\/","og_locale":"fr_FR","og_type":"article","og_title":"Politique de confidentialit\u00e9 - Vossen wood","og_description":"Conform\u00e9ment aux dispositions de la loi 15\/1999 du 13 d\u00e9cembre, Protection des donn\u00e9es personnelles, ) i R\u00e8glement europ\u00e9en 2016\/680 du Parlement europ\u00e9en du 27 avril, David Vossen communique que les donn\u00e9es personnelles fournies par l&rsquo;utilisateur tout au long du processus, y compris votre adresse e-mail...","og_url":"https:\/\/vossenwood.com\/fr\/politique-de-confidentialite\/","og_site_name":"Vossen wood","article_modified_time":"2024-09-17T06:53:44+00:00","og_image":[{"width":80,"height":66,"url":"https:\/\/vossenwood.com\/wp-content\/uploads\/2024\/08\/favicon.png","type":"image\/png"}],"twitter_card":"summary_large_image","twitter_misc":{"Dur\u00e9e de lecture estim\u00e9e":"2 minutes"},"schema":{"@context":"https:\/\/schema.org","@graph":[{"@type":"WebPage","@id":"https:\/\/vossenwood.com\/fr\/politique-de-confidentialite\/","url":"https:\/\/vossenwood.com\/fr\/politique-de-confidentialite\/","name":"Politique de confidentialit\u00e9 - Vossen wood","isPartOf":{"@id":"https:\/\/vossenwood.com\/fr\/#website"},"datePublished":"2024-08-06T10:45:46+00:00","dateModified":"2024-09-17T06:53:44+00:00","breadcrumb":{"@id":"https:\/\/vossenwood.com\/fr\/politique-de-confidentialite\/#breadcrumb"},"inLanguage":"fr-FR","potentialAction":[{"@type":"ReadAction","target":["https:\/\/vossenwood.com\/fr\/politique-de-confidentialite\/"]}]},{"@type":"BreadcrumbList","@id":"https:\/\/vossenwood.com\/fr\/politique-de-confidentialite\/#breadcrumb","itemListElement":[{"@type":"ListItem","position":1,"name":"Inici","item":"https:\/\/vossenwood.com\/fr\/"},{"@type":"ListItem","position":2,"name":"Politique de confidentialit\u00e9"}]},{"@type":"WebSite","@id":"https:\/\/vossenwood.com\/fr\/#website","url":"https:\/\/vossenwood.com\/fr\/","name":"Vossen Wood","description":"Handcrafted wood design","publisher":{"@id":"https:\/\/vossenwood.com\/fr\/#organization"},"alternateName":"Vossen Wood","potentialAction":[{"@type":"SearchAction","target":{"@type":"EntryPoint","urlTemplate":"https:\/\/vossenwood.com\/fr\/?s={search_term_string}"},"query-input":{"@type":"PropertyValueSpecification","valueRequired":true,"valueName":"search_term_string"}}],"inLanguage":"fr-FR"},{"@type":"Organization","@id":"https:\/\/vossenwood.com\/fr\/#organization","name":"Vossen Wood","alternateName":"Vossen Wood","url":"https:\/\/vossenwood.com\/fr\/","logo":{"@type":"ImageObject","inLanguage":"fr-FR","@id":"https:\/\/vossenwood.com\/fr\/#\/schema\/logo\/image\/","url":"https:\/\/vossenwood.com\/wp-content\/uploads\/2024\/08\/vossen-header.svg","contentUrl":"https:\/\/vossenwood.com\/wp-content\/uploads\/2024\/08\/vossen-header.svg","width":903,"height":253,"caption":"Vossen Wood"},"image":{"@id":"https:\/\/vossenwood.com\/fr\/#\/schema\/logo\/image\/"},"sameAs":["https:\/\/www.instagram.com\/vossendavid\/"]}]}},"_links":{"self":[{"href":"https:\/\/vossenwood.com\/fr\/wp-json\/wp\/v2\/pages\/7377","targetHints":{"allow":["GET"]}}],"collection":[{"href":"https:\/\/vossenwood.com\/fr\/wp-json\/wp\/v2\/pages"}],"about":[{"href":"https:\/\/vossenwood.com\/fr\/wp-json\/wp\/v2\/types\/page"}],"author":[{"embeddable":true,"href":"https:\/\/vossenwood.com\/fr\/wp-json\/wp\/v2\/users\/1"}],"replies":[{"embeddable":true,"href":"https:\/\/vossenwood.com\/fr\/wp-json\/wp\/v2\/comments?post=7377"}],"version-history":[{"count":0,"href":"https:\/\/vossenwood.com\/fr\/wp-json\/wp\/v2\/pages\/7377\/revisions"}],"wp:attachment":[{"href":"https:\/\/vossenwood.com\/fr\/wp-json\/wp\/v2\/media?parent=7377"}],"curies":[{"name":"wp","href":"https:\/\/api.w.org\/{rel}","templated":true}]}}