{"id":7373,"date":"2024-08-06T12:42:40","date_gmt":"2024-08-06T10:42:40","guid":{"rendered":"https:\/\/vossenwood.com\/legal-notice\/"},"modified":"2024-09-17T08:49:47","modified_gmt":"2024-09-17T06:49:47","slug":"mentions-legales","status":"publish","type":"page","link":"https:\/\/vossenwood.com\/fr\/mentions-legales\/","title":{"rendered":"Mentions l\u00e9gales"},"content":{"rendered":"\t\t<div data-elementor-type=\"wp-page\" data-elementor-id=\"7373\" class=\"elementor elementor-7373 elementor-6623\" data-elementor-post-type=\"page\">\n\t\t\t\t<div class=\"elementor-element elementor-element-36e7fdf e-flex e-con-boxed parallax_section_no qode_elementor_container_no e-con e-parent\" data-id=\"36e7fdf\" data-element_type=\"container\">\n\t\t\t\t\t<div class=\"e-con-inner\">\n\t\t\t\t<div class=\"elementor-element elementor-element-c0cfa06 elementor-widget elementor-widget-text-editor\" data-id=\"c0cfa06\" data-element_type=\"widget\" data-widget_type=\"text-editor.default\">\n\t\t\t\t<div class=\"elementor-widget-container\">\n\t\t\t\t\t\t\t\t\t<p><strong>1. LE SITE VOSSENWOOD<\/strong><\/p><p>1.1 Gr\u00e2ce \u00e0 VOSSEN WOOD accessible via l&rsquo;URL www.vossenwood.com offre aux visiteurs et utilisateurs (ci-apr\u00e8s, les \u00ab Utilisateurs \u00bb) un acc\u00e8s \u00e0 une large gamme de produits, services et contenus (ci-apr\u00e8s, \u00ab les Services \u00bb).<\/p><p>\u00a0<\/p><p>1.2 Les donn\u00e9es d&rsquo;identification du responsable du Portail sont les suivantes:<br \/>David Vossen, ind\u00e9pendant\u2013 personne physique<br \/>Si\u00e8ge social : Carrer Sant Rafael 5, 17176 Sant Esteve d&rsquo;en Bas<br \/>Code d&rsquo;identification fiscale : Y6020769G<br \/>Adresse e-mail : <a href=\"mailto:david@vossenwood.com\">david@vossenwood.com<\/a><\/p><p>\u00a0<\/p><p><strong>2. CONDITIONS D&rsquo;ACC\u00c8S ET D&rsquo;UTILISATION DU PORTAIL<\/strong><\/p><p>L\u2019acc\u00e8s au Portail implique la lecture et l\u2019acceptation pr\u00e9alable par les Utilisateurs des pr\u00e9sentes Conditions G\u00e9n\u00e9rales d\u2019Acc\u00e8s et d\u2019Utilisation (ci-apr\u00e8s, \u00ab les Conditions G\u00e9n\u00e9rales \u00bb). En acc\u00e9dant et en utilisant le Portail, il est entendu que l&rsquo;Utilisateur accepte express\u00e9ment, pleinement et sans r\u00e9serve le contenu de chacune des pr\u00e9sentes Conditions G\u00e9n\u00e9rales dans la version publi\u00e9e sur le Portail au moment de l&rsquo;acc\u00e8s. Si l&rsquo;Utilisateur n&rsquo;est pas d&rsquo;accord avec le contenu des pr\u00e9sentes Conditions G\u00e9n\u00e9rales, il doit s&rsquo;abstenir d&rsquo;acc\u00e9der au Portail et d&rsquo;op\u00e9rer \u00e0 travers celui-ci. Le Portail se r\u00e9serve le droit de modifier les pr\u00e9sentes Conditions G\u00e9n\u00e9rales, en avertissant les Utilisateurs au moyen des mentions correspondantes sur le Portail, afin que les utilisateurs puissent prendre connaissance de leur contenu d\u00e8s le premier instant.<\/p><p>\u00a0<\/p><p>La souscription et\/ou l&rsquo;utilisation de certains Services peuvent n\u00e9cessiter l&rsquo;identification de l&rsquo;Utilisateur sur le Portail et l&rsquo;acceptation pr\u00e9alable de certaines conditions particuli\u00e8res qui d\u00e9veloppent, compl\u00e8tent et\/ou modifient \u00e9ventuellement les pr\u00e9sentes Conditions G\u00e9n\u00e9rales (ci-apr\u00e8s, \u00ab les Conditions Particuli\u00e8res \u00bb). Les utilisateurs doivent \u00e9galement lire avec la plus grande attention le contenu des Conditions Particuli\u00e8res correspondantes ou autres mentions l\u00e9gales qui apparaissent sur le Portail.<\/p><p>\u00a0<\/p><p>En tant qu&rsquo;Utilisateur, vous d\u00e9clarez \u00eatre majeur et\/ou avoir la capacit\u00e9 juridique suffisante pour \u00eatre li\u00e9 par les pr\u00e9sentes Conditions G\u00e9n\u00e9rales (et, le cas \u00e9ch\u00e9ant, par les Conditions Particuli\u00e8res r\u00e9gissant l&rsquo;utilisation d&rsquo;un Service particulier) et pour utiliser et, le cas \u00e9ch\u00e9ant. le cas \u00e9ch\u00e9ant, contractez les services propos\u00e9s sur le portail. L&rsquo;Utilisateur accepte express\u00e9ment, pleinement, sans r\u00e9serves ni exceptions, que l&rsquo;acc\u00e8s et l&rsquo;utilisation du Portail, de ses Services et de ses contenus s&rsquo;effectuent sous sa seule et exclusive responsabilit\u00e9.<\/p><p>\u00a0<\/p><p>En cas de contradiction entre les conditions g\u00e9n\u00e9rales d&rsquo;acc\u00e8s et d&rsquo;utilisation du Portail et les Conditions Particuli\u00e8res correspondantes, ces derni\u00e8res pr\u00e9vaudront sur les premi\u00e8res, \u00e0 moins que les conditions g\u00e9n\u00e9rales ne soient plus avantageuses pour l&rsquo;Utilisateur que les conditions particuli\u00e8res.<\/p><p>\u00a0<\/p><p><strong>3. CONTENU DU PORTAIL<\/strong><\/p><p>3.1 L&rsquo;utilisateur du portail suppose, sait et accepte, du fait m\u00eame de le visiter, que les donn\u00e9es et informations sur les produits ou services, ainsi que toutes autres donn\u00e9es et informations contenues dans le portail, apparaissent dans celui-ci, uniquement et exclusivement, pour \u00e0 des fins d&rsquo;information, en tant qu&rsquo;informations pr\u00e9liminaires disponibles \u00e0 l&rsquo;attention de l&rsquo;Utilisateur, et qui, \u00e0 tout moment, peuvent contenir des erreurs, des inexactitudes ou ne pas \u00eatre mises \u00e0 jour.<\/p><p>\u00a0<\/p><p>3.2 David Vossen se r\u00e9serve le droit de modifier, \u00e0 sa discr\u00e9tion et unilat\u00e9ralement, \u00e0 tout moment et sans pr\u00e9avis, la configuration du Portail, ainsi que le contenu et l&rsquo;\u00e9tendue des Services fournis via le Portail et les conditions d&rsquo;acc\u00e8s \u00e0 ceux-ci. . De m\u00eame, David Vossen se r\u00e9serve le droit d&rsquo;incorporer de nouveaux services et contenus dans le portail, ainsi que le droit d&rsquo;\u00e9liminer, limiter, suspendre ou emp\u00eacher l&rsquo;acc\u00e8s aux services fournis via le portail, soit temporairement soit d\u00e9finitivement, lorsque les raisons pr\u00e9vues dans les pr\u00e9sentes Des conditions g\u00e9n\u00e9rales surviennent.<\/p><p>\u00a0<\/p><p>3.3 David Vossen informe l&rsquo;Utilisateur que via le Portail, il pourra acc\u00e9der aux produits et services propos\u00e9s par David Vossen.<\/p><p>\u00a0<\/p><p><strong>4. LOI SUR LA PROTECTION DES DONN\u00c9ES<\/strong><\/p><p><strong>Protectio des donn\u00e9es personnelles<\/strong><\/p><p>David Vossen garantit le respect de la LOPD (Loi Organique sur la Protection des Donn\u00e9es Personnelles 15\/1999 du 13 d\u00e9cembre et du R\u00e8glement Europ\u00e9en 2016\/680 du Parlement Europ\u00e9en du 27 avril). Cette loi vise \u00e0 garantir et prot\u00e9ger, \u00e0 l&rsquo;\u00e9gard des traitements de donn\u00e9es \u00e0 caract\u00e8re personnel, les libert\u00e9s publiques et les droits fondamentaux des personnes physiques, et notamment leur honneur et leur vie priv\u00e9e et familiale.<\/p><p>Vous serez inform\u00e9 \u00e0 tout moment, lors de la collecte des donn\u00e9es, de la finalit\u00e9 de leur traitement et que nous respectons la confidentialit\u00e9 des informations fournies, et que vous pouvez exercer le droit \u00e0 l&rsquo;information dans la collecte de vos donn\u00e9es, pour savoir pourquoi. et comment vos donn\u00e9es personnelles sont trait\u00e9es et d\u00e9cider de leur traitement.<br \/>Les donn\u00e9es fournies seront conserv\u00e9es aussi longtemps que la relation commerciale sera maintenue ou pendant les ann\u00e9es n\u00e9cessaires au respect des obligations l\u00e9gales. Les donn\u00e9es ne seront pas c\u00e9d\u00e9es \u00e0 des tiers sauf dans les cas o\u00f9 il existe une obligation l\u00e9gale. Vous avez le droit d&rsquo;acc\u00e9der \u00e0 vos donn\u00e9es personnelles, \u00e0 des donn\u00e9es inexactes ou de demander leur suppression lorsque les donn\u00e9es ne sont plus n\u00e9cessaires. Vous pouvez exercer \u00e0 tout moment les droits de consultation, d&rsquo;acc\u00e8s, de rectification, d&rsquo;opposition, de limitation et de suppression de vos donn\u00e9es, en envoyant un courrier avec une photocopie de votre carte d&rsquo;identit\u00e9 ou autre pi\u00e8ce d&rsquo;identit\u00e9, David Vossen, Carrer Sant Rafael 5, 17176 Sant Esteve d&rsquo;en Bas, david@vossenwood.com.<\/p><p>L&rsquo;utilisateur doit savoir que le fait de remplir le formulaire et d&rsquo;envoyer les donn\u00e9es demand\u00e9es implique que les informations refl\u00e9t\u00e9es dans cet avis ont \u00e9t\u00e9 lues et express\u00e9ment accept\u00e9es et que, par cons\u00e9quent, il donne son consentement univoque et expr\u00e8s au traitement de ses donn\u00e9es. ses donn\u00e9es personnelles conform\u00e9ment \u00e0 la finalit\u00e9 expliqu\u00e9e.<\/p><p>David Vossen a adopt\u00e9 les mesures de s\u00e9curit\u00e9 techniques et organisationnelles requises par la l\u00e9gislation en vigueur sur la protection des donn\u00e9es personnelles. A cet effet, tous les moyens et m\u00e9canismes n\u00e9cessaires ont \u00e9t\u00e9 mis en place pour \u00e9viter l&rsquo;alt\u00e9ration, la perte, l&rsquo;utilisation abusive, le traitement et l&rsquo;acc\u00e8s non autoris\u00e9 ou le vol des donn\u00e9es, compte tenu de l&rsquo;\u00e9tat de la technologie.<\/p><p>Concernant le transfert de donn\u00e9es personnelles \u00e0 des tiers, les utilisateurs sont inform\u00e9s que, en g\u00e9n\u00e9ral, les donn\u00e9es personnelles ne seront pas transf\u00e9r\u00e9es \u00e0 des tiers, sauf dans les cas o\u00f9 le transfert r\u00e9pond au respect d&rsquo;une obligation l\u00e9gale ou dans les cas o\u00f9 il existe un relation contractuelle pour la fourniture d&rsquo;un service particulier. Dans tous les cas, l&rsquo;utilisateur doit \u00eatre conscient qu&rsquo;un tel transfert ne sera effectu\u00e9 qu&rsquo;apr\u00e8s avoir obtenu le consentement expr\u00e8s de l&rsquo;utilisateur.<\/p><p>Nonobstant ce qui pr\u00e9c\u00e8de, vous consentez express\u00e9ment au traitement de vos donn\u00e9es afin que nous puissions vous adresser, par tous moyens, notamment t\u00e9l\u00e9phoniques et t\u00e9l\u00e9matiques (entre autres, par email et sms), des informations commerciales sur les produits et services commercialis\u00e9s par David Vossen.<\/p>\t\t\t\t\t\t\t\t<\/div>\n\t\t\t\t<\/div>\n\t\t\t\t\t<\/div>\n\t\t\t\t<\/div>\n\t\t\t\t<\/div>\n\t\t","protected":false},"excerpt":{"rendered":"<p>1. LE SITE VOSSENWOOD 1.1 Gr\u00e2ce \u00e0 VOSSEN WOOD accessible via l&rsquo;URL www.vossenwood.com offre aux visiteurs et utilisateurs (ci-apr\u00e8s, les \u00ab Utilisateurs \u00bb) un acc\u00e8s \u00e0 une large gamme de produits, services et contenus (ci-apr\u00e8s, \u00ab les Services \u00bb). \u00a0 1.2 Les donn\u00e9es d&rsquo;identification du&#8230;<\/p>\n","protected":false},"author":1,"featured_media":0,"parent":0,"menu_order":0,"comment_status":"closed","ping_status":"closed","template":"","meta":{"footnotes":""},"class_list":["post-7373","page","type-page","status-publish","hentry"],"yoast_head":"<!-- This site is optimized with the Yoast SEO plugin v26.8 - https:\/\/yoast.com\/product\/yoast-seo-wordpress\/ -->\n<title>Mentions l\u00e9gales - Vossen wood<\/title>\n<meta name=\"robots\" content=\"index, follow, max-snippet:-1, max-image-preview:large, max-video-preview:-1\" \/>\n<link rel=\"canonical\" href=\"https:\/\/vossenwood.com\/fr\/mentions-legales\/\" \/>\n<meta property=\"og:locale\" content=\"fr_FR\" \/>\n<meta property=\"og:type\" content=\"article\" \/>\n<meta property=\"og:title\" content=\"Mentions l\u00e9gales - Vossen wood\" \/>\n<meta property=\"og:description\" content=\"1. LE SITE VOSSENWOOD 1.1 Gr\u00e2ce \u00e0 VOSSEN WOOD accessible via l&rsquo;URL www.vossenwood.com offre aux visiteurs et utilisateurs (ci-apr\u00e8s, les \u00ab Utilisateurs \u00bb) un acc\u00e8s \u00e0 une large gamme de produits, services et contenus (ci-apr\u00e8s, \u00ab les Services \u00bb). \u00a0 1.2 Les donn\u00e9es d&rsquo;identification du...\" \/>\n<meta property=\"og:url\" content=\"https:\/\/vossenwood.com\/fr\/mentions-legales\/\" \/>\n<meta property=\"og:site_name\" content=\"Vossen wood\" \/>\n<meta property=\"article:modified_time\" content=\"2024-09-17T06:49:47+00:00\" \/>\n<meta property=\"og:image\" content=\"https:\/\/vossenwood.com\/wp-content\/uploads\/2024\/08\/favicon.png\" \/>\n\t<meta property=\"og:image:width\" content=\"80\" \/>\n\t<meta property=\"og:image:height\" content=\"66\" \/>\n\t<meta property=\"og:image:type\" content=\"image\/png\" \/>\n<meta name=\"twitter:card\" content=\"summary_large_image\" \/>\n<meta name=\"twitter:label1\" content=\"Dur\u00e9e de lecture estim\u00e9e\" \/>\n\t<meta name=\"twitter:data1\" content=\"6 minutes\" \/>\n<script type=\"application\/ld+json\" class=\"yoast-schema-graph\">{\"@context\":\"https:\/\/schema.org\",\"@graph\":[{\"@type\":\"WebPage\",\"@id\":\"https:\/\/vossenwood.com\/fr\/mentions-legales\/\",\"url\":\"https:\/\/vossenwood.com\/fr\/mentions-legales\/\",\"name\":\"Mentions l\u00e9gales - Vossen wood\",\"isPartOf\":{\"@id\":\"https:\/\/vossenwood.com\/fr\/#website\"},\"datePublished\":\"2024-08-06T10:42:40+00:00\",\"dateModified\":\"2024-09-17T06:49:47+00:00\",\"breadcrumb\":{\"@id\":\"https:\/\/vossenwood.com\/fr\/mentions-legales\/#breadcrumb\"},\"inLanguage\":\"fr-FR\",\"potentialAction\":[{\"@type\":\"ReadAction\",\"target\":[\"https:\/\/vossenwood.com\/fr\/mentions-legales\/\"]}]},{\"@type\":\"BreadcrumbList\",\"@id\":\"https:\/\/vossenwood.com\/fr\/mentions-legales\/#breadcrumb\",\"itemListElement\":[{\"@type\":\"ListItem\",\"position\":1,\"name\":\"Inici\",\"item\":\"https:\/\/vossenwood.com\/fr\/\"},{\"@type\":\"ListItem\",\"position\":2,\"name\":\"Mentions l\u00e9gales\"}]},{\"@type\":\"WebSite\",\"@id\":\"https:\/\/vossenwood.com\/fr\/#website\",\"url\":\"https:\/\/vossenwood.com\/fr\/\",\"name\":\"Vossen Wood\",\"description\":\"Handcrafted wood design\",\"publisher\":{\"@id\":\"https:\/\/vossenwood.com\/fr\/#organization\"},\"alternateName\":\"Vossen Wood\",\"potentialAction\":[{\"@type\":\"SearchAction\",\"target\":{\"@type\":\"EntryPoint\",\"urlTemplate\":\"https:\/\/vossenwood.com\/fr\/?s={search_term_string}\"},\"query-input\":{\"@type\":\"PropertyValueSpecification\",\"valueRequired\":true,\"valueName\":\"search_term_string\"}}],\"inLanguage\":\"fr-FR\"},{\"@type\":\"Organization\",\"@id\":\"https:\/\/vossenwood.com\/fr\/#organization\",\"name\":\"Vossen Wood\",\"alternateName\":\"Vossen Wood\",\"url\":\"https:\/\/vossenwood.com\/fr\/\",\"logo\":{\"@type\":\"ImageObject\",\"inLanguage\":\"fr-FR\",\"@id\":\"https:\/\/vossenwood.com\/fr\/#\/schema\/logo\/image\/\",\"url\":\"https:\/\/vossenwood.com\/wp-content\/uploads\/2024\/08\/vossen-header.svg\",\"contentUrl\":\"https:\/\/vossenwood.com\/wp-content\/uploads\/2024\/08\/vossen-header.svg\",\"width\":903,\"height\":253,\"caption\":\"Vossen Wood\"},\"image\":{\"@id\":\"https:\/\/vossenwood.com\/fr\/#\/schema\/logo\/image\/\"},\"sameAs\":[\"https:\/\/www.instagram.com\/vossendavid\/\"]}]}<\/script>\n<!-- \/ Yoast SEO plugin. -->","yoast_head_json":{"title":"Mentions l\u00e9gales - Vossen wood","robots":{"index":"index","follow":"follow","max-snippet":"max-snippet:-1","max-image-preview":"max-image-preview:large","max-video-preview":"max-video-preview:-1"},"canonical":"https:\/\/vossenwood.com\/fr\/mentions-legales\/","og_locale":"fr_FR","og_type":"article","og_title":"Mentions l\u00e9gales - Vossen wood","og_description":"1. LE SITE VOSSENWOOD 1.1 Gr\u00e2ce \u00e0 VOSSEN WOOD accessible via l&rsquo;URL www.vossenwood.com offre aux visiteurs et utilisateurs (ci-apr\u00e8s, les \u00ab Utilisateurs \u00bb) un acc\u00e8s \u00e0 une large gamme de produits, services et contenus (ci-apr\u00e8s, \u00ab les Services \u00bb). \u00a0 1.2 Les donn\u00e9es d&rsquo;identification du...","og_url":"https:\/\/vossenwood.com\/fr\/mentions-legales\/","og_site_name":"Vossen wood","article_modified_time":"2024-09-17T06:49:47+00:00","og_image":[{"width":80,"height":66,"url":"https:\/\/vossenwood.com\/wp-content\/uploads\/2024\/08\/favicon.png","type":"image\/png"}],"twitter_card":"summary_large_image","twitter_misc":{"Dur\u00e9e de lecture estim\u00e9e":"6 minutes"},"schema":{"@context":"https:\/\/schema.org","@graph":[{"@type":"WebPage","@id":"https:\/\/vossenwood.com\/fr\/mentions-legales\/","url":"https:\/\/vossenwood.com\/fr\/mentions-legales\/","name":"Mentions l\u00e9gales - Vossen wood","isPartOf":{"@id":"https:\/\/vossenwood.com\/fr\/#website"},"datePublished":"2024-08-06T10:42:40+00:00","dateModified":"2024-09-17T06:49:47+00:00","breadcrumb":{"@id":"https:\/\/vossenwood.com\/fr\/mentions-legales\/#breadcrumb"},"inLanguage":"fr-FR","potentialAction":[{"@type":"ReadAction","target":["https:\/\/vossenwood.com\/fr\/mentions-legales\/"]}]},{"@type":"BreadcrumbList","@id":"https:\/\/vossenwood.com\/fr\/mentions-legales\/#breadcrumb","itemListElement":[{"@type":"ListItem","position":1,"name":"Inici","item":"https:\/\/vossenwood.com\/fr\/"},{"@type":"ListItem","position":2,"name":"Mentions l\u00e9gales"}]},{"@type":"WebSite","@id":"https:\/\/vossenwood.com\/fr\/#website","url":"https:\/\/vossenwood.com\/fr\/","name":"Vossen Wood","description":"Handcrafted wood design","publisher":{"@id":"https:\/\/vossenwood.com\/fr\/#organization"},"alternateName":"Vossen Wood","potentialAction":[{"@type":"SearchAction","target":{"@type":"EntryPoint","urlTemplate":"https:\/\/vossenwood.com\/fr\/?s={search_term_string}"},"query-input":{"@type":"PropertyValueSpecification","valueRequired":true,"valueName":"search_term_string"}}],"inLanguage":"fr-FR"},{"@type":"Organization","@id":"https:\/\/vossenwood.com\/fr\/#organization","name":"Vossen Wood","alternateName":"Vossen Wood","url":"https:\/\/vossenwood.com\/fr\/","logo":{"@type":"ImageObject","inLanguage":"fr-FR","@id":"https:\/\/vossenwood.com\/fr\/#\/schema\/logo\/image\/","url":"https:\/\/vossenwood.com\/wp-content\/uploads\/2024\/08\/vossen-header.svg","contentUrl":"https:\/\/vossenwood.com\/wp-content\/uploads\/2024\/08\/vossen-header.svg","width":903,"height":253,"caption":"Vossen Wood"},"image":{"@id":"https:\/\/vossenwood.com\/fr\/#\/schema\/logo\/image\/"},"sameAs":["https:\/\/www.instagram.com\/vossendavid\/"]}]}},"_links":{"self":[{"href":"https:\/\/vossenwood.com\/fr\/wp-json\/wp\/v2\/pages\/7373","targetHints":{"allow":["GET"]}}],"collection":[{"href":"https:\/\/vossenwood.com\/fr\/wp-json\/wp\/v2\/pages"}],"about":[{"href":"https:\/\/vossenwood.com\/fr\/wp-json\/wp\/v2\/types\/page"}],"author":[{"embeddable":true,"href":"https:\/\/vossenwood.com\/fr\/wp-json\/wp\/v2\/users\/1"}],"replies":[{"embeddable":true,"href":"https:\/\/vossenwood.com\/fr\/wp-json\/wp\/v2\/comments?post=7373"}],"version-history":[{"count":0,"href":"https:\/\/vossenwood.com\/fr\/wp-json\/wp\/v2\/pages\/7373\/revisions"}],"wp:attachment":[{"href":"https:\/\/vossenwood.com\/fr\/wp-json\/wp\/v2\/media?parent=7373"}],"curies":[{"name":"wp","href":"https:\/\/api.w.org\/{rel}","templated":true}]}}