{"id":7363,"date":"2024-08-06T12:50:42","date_gmt":"2024-08-06T10:50:42","guid":{"rendered":"https:\/\/vossenwood.com\/cookies-policy\/"},"modified":"2024-09-17T09:01:55","modified_gmt":"2024-09-17T07:01:55","slug":"politique-de-cookies","status":"publish","type":"page","link":"https:\/\/vossenwood.com\/fr\/politique-de-cookies\/","title":{"rendered":"Politique de cookies"},"content":{"rendered":"\t\t<div data-elementor-type=\"wp-page\" data-elementor-id=\"7363\" class=\"elementor elementor-7363 elementor-6638\" data-elementor-post-type=\"page\">\n\t\t\t\t<div class=\"elementor-element elementor-element-1cbf2b1 e-flex e-con-boxed parallax_section_no qode_elementor_container_no e-con e-parent\" data-id=\"1cbf2b1\" data-element_type=\"container\">\n\t\t\t\t\t<div class=\"e-con-inner\">\n\t\t\t\t<div class=\"elementor-element elementor-element-22848e9 elementor-widget elementor-widget-text-editor\" data-id=\"22848e9\" data-element_type=\"widget\" data-widget_type=\"text-editor.default\">\n\t\t\t\t<div class=\"elementor-widget-container\">\n\t\t\t\t\t\t\t\t\t<p>Un cookie est un fichier t\u00e9l\u00e9charg\u00e9 sur votre ordinateur lorsque vous acc\u00e9dez \u00e0 certaines pages Web. Les cookies permettent, entre autres, \u00e0 un site Web de stocker et de r\u00e9cup\u00e9rer des informations sur les habitudes de navigation d&rsquo;un utilisateur ou de votre ordinateur et, en fonction des informations qu&rsquo;ils contiennent et de la mani\u00e8re dont vous utilisez votre ordinateur, peuvent \u00eatre utilis\u00e9s pour reconna\u00eetre l&rsquo;utilisateur.<br \/>Les cookies sont essentiels au fonctionnement d&rsquo;Internet et offrent d&rsquo;innombrables avantages dans la fourniture de services interactifs, facilitant la navigation et la convivialit\u00e9 de notre site Web.<br \/>Les informations fournies ci-dessous vous aideront \u00e0 comprendre les diff\u00e9rents types de cookies :<\/p><p>\u00a0<\/p><p><strong>SELON L&rsquo;ENTIT\u00c9 QUI LES G\u00c8RE<\/strong><\/p><p>Cookies propres : Ce sont ceux qui sont collect\u00e9s par l&rsquo;\u00e9diteur lui-m\u00eame pour fournir le service demand\u00e9 par l&rsquo;utilisateur.<br \/>Cookies tiers : ce sont ceux qui sont collect\u00e9s et g\u00e9r\u00e9s par un tiers, ils ne peuvent pas \u00eatre consid\u00e9r\u00e9s comme des cookies propres.<\/p><p>\u00a0<\/p><p><strong>EN FONCTION DE LA DUR\u00c9E D&rsquo;ACTIVIT\u00c9<\/strong><\/p><p>Cookies de session : collectent des donn\u00e9es pendant que l&rsquo;utilisateur navigue sur le r\u00e9seau afin de fournir le service demand\u00e9.<\/p><p>Cookies persistants : Ils sont stock\u00e9s dans le terminal et les informations obtenues seront utilis\u00e9es par le responsable du cookie afin de fournir le service demand\u00e9.<\/p><p>\u00a0<\/p><p><strong>PAR OBJECTIF<\/strong><\/p><p>Cookies techniques : ceux-ci sont n\u00e9cessaires \u00e0 la bonne navigation sur le Web.<br \/>Cookies de personnalisation : permettent \u00e0 l&rsquo;utilisateur de param\u00e9trer les caract\u00e9ristiques (langue) de navigation sur le site Internet.<br \/>Cookies d&rsquo;analyse : permettent au prestataire l&rsquo;analyse li\u00e9e \u00e0 la navigation effectu\u00e9e par l&rsquo;utilisateur, afin de garder une trace de l&rsquo;utilisation du site Internet, ainsi que des statistiques sur les contenus les plus visit\u00e9s, le nombre de visiteurs, etc.<br \/>Cookies publicitaires : permettent \u00e0 l&rsquo;\u00e9diteur d&rsquo;inclure des espaces publicitaires sur le site, en fonction du contenu du site lui-m\u00eame.<br \/>Cookies de publicit\u00e9 comportementale : Ils permettent \u00e0 l&rsquo;\u00e9diteur d&rsquo;inclure des espaces publicitaires sur le site Internet en fonction des informations obtenues gr\u00e2ce aux habitudes de navigation de l&rsquo;utilisateur.<\/p><p>Conform\u00e9ment aux dispositions de l&rsquo;article 22.2 de la loi 34\/2002 du 11 juillet 2002 relative aux services de la soci\u00e9t\u00e9 de l&rsquo;information et au commerce \u00e9lectronique (LSSI-CE), DAVID VOSSEN vous informe sur les cookies utilis\u00e9s sur notre site Internet :<\/p>\t\t\t\t\t\t\t\t<\/div>\n\t\t\t\t<\/div>\n\t\t\t\t\t<\/div>\n\t\t\t\t<\/div>\n\t\t<div class=\"elementor-element elementor-element-f72da09 e-flex e-con-boxed parallax_section_no qode_elementor_container_no e-con e-parent\" data-id=\"f72da09\" data-element_type=\"container\">\n\t\t\t\t\t<div class=\"e-con-inner\">\n\t\t\t\t<div class=\"elementor-element elementor-element-5026b2f elementor-widget elementor-widget-text-editor\" data-id=\"5026b2f\" data-element_type=\"widget\" data-widget_type=\"text-editor.default\">\n\t\t\t\t<div class=\"elementor-widget-container\">\n\t\t\t\t\t\t\t\t\t<table>\n<thead>\n<tr>\n<th>Nom<\/th>\n<th>Entit\u00e9<\/th>\n<th>Domaine<\/th>\n<th>Description<\/th>\n<th>Dur\u00e9e<\/th>\n<\/tr>\n<\/thead>\n<tbody>\n<tr>\n<td>_ga<\/td>\n<td>Tierce personne<\/td>\n<td>vossenwood.com<\/td>\n<td>Ce cookie est d\u00e9fini par Google Analytics. Le cookie est utilis\u00e9 pour calculer les donn\u00e9es des visiteurs, les sessions, les campagnes et suivre l&rsquo;utilisation du site pour les rapports d&rsquo;analyse du site. Les cookies stockent des informations de mani\u00e8re anonyme et attribuent un num\u00e9ro g\u00e9n\u00e9r\u00e9 al\u00e9atoirement pour identifier les visiteurs uniques.<\/td>\n<td>2 ans<\/td>\n<\/tr>\n<tr>\n<td>_gid<\/td>\n<td>Tierce personne<\/td>\n<td>vossenwood.com<\/td>\n<td>Ce cookie est d\u00e9fini par Google Analytics. Le cookie est utilis\u00e9 pour stocker des informations sur la fa\u00e7on dont les visiteurs utilisent un site Web et permet de cr\u00e9er un rapport analytique sur les performances du site Web. Les donn\u00e9es collect\u00e9es comprennent le nombre de visiteurs, la source d&rsquo;o\u00f9 ils proviennent et les pages qu&rsquo;ils ont bloqu\u00e9es de mani\u00e8re anonyme.<\/td>\n<td>1 jour<\/td>\n<\/tr>\n<tr>\n<td>_gat_gtag_G-QPFFJD1PH5<\/td>\n<td>Tierce personne<\/td>\n<td>vossenwood.com<\/td>\n<td>Google utilise ce cookie pour distinguer les utilisateurs.<\/td>\n<td>1 minute<\/td>\n<\/tr>\n<tr>\n<td>_icl_current_language<\/td>\n<td>Propre<\/td>\n<td>vossenwood.com<\/td>\n<td>Ce cookie est stock\u00e9 par le plugin WordPress WPML. Le but du cookie est de stocker la langue actuelle.<\/td>\n<td>1 jour<\/td>\n<\/tr>\n<\/tbody>\n<\/table>\t\t\t\t\t\t\t\t<\/div>\n\t\t\t\t<\/div>\n\t\t\t\t<div class=\"elementor-element elementor-element-cbdf526 elementor-widget elementor-widget-text-editor\" data-id=\"cbdf526\" data-element_type=\"widget\" data-widget_type=\"text-editor.default\">\n\t\t\t\t<div class=\"elementor-widget-container\">\n\t\t\t\t\t\t\t\t\t<strong>Google Analytics<\/strong>: stocke des cookies pour compiler des statistiques sur le trafic et le volume de visites sur ce site Web. En utilisant ce site Internet, vous consentez au traitement des donn\u00e9es vous concernant par Google. Par cons\u00e9quent, l\u2019exercice de tout droit \u00e0 cet \u00e9gard doit se faire en communiquant directement avec Google. Les cookies de Google Analytics sont stock\u00e9s sur des serveurs situ\u00e9s aux \u00c9tats-Unis et s&rsquo;engage \u00e0 ne pas les partager avec des tiers, sauf lorsque cela est n\u00e9cessaire au fonctionnement du syst\u00e8me ou lorsque la loi l&rsquo;exige \u00e0 cet effet. Selon Google, votre adresse IP n&rsquo;est pas stock\u00e9e. Google Inc. est une soci\u00e9t\u00e9 \u00ab Privacy Shield \u00bb qui garantit que toutes les donn\u00e9es transf\u00e9r\u00e9es seront trait\u00e9es avec un niveau de protection conforme \u00e0 la r\u00e9glementation europ\u00e9enne. Vous pouvez consulter des informations d\u00e9taill\u00e9es \u00e0 ce sujet via le lien suivant : https:\/\/support.google.com\/analytics\/answer\/6004245. Si vous le souhaitez, vous pouvez utiliser le module compl\u00e9mentaire de navigateur de d\u00e9sactivation de Google Analytics pour les navigateurs par l&rsquo;interm\u00e9diaire desquels les instructions peuvent \u00eatre rejet\u00e9 les cookies analytiques de ce service dans tous les navigateurs. Vous trouverez plus d&rsquo;informations \u00e0 ce sujet sur le lien suivant : https:\/\/tools.google.com\/dlpage\/gaoptout\n\n&nbsp;\n\nPar ailleurs, DAVID VOSSEN informe l&rsquo;utilisateur qu&rsquo;il a la possibilit\u00e9 de configurer son navigateur pour \u00eatre inform\u00e9 de la r\u00e9ception de cookies, et peut, s&rsquo;il le souhaite, emp\u00eacher leur installation sur son disque dur.\n\n&nbsp;\n\nCi-dessous, nous fournissons des liens vers diff\u00e9rents navigateurs, gr\u00e2ce auxquels vous pouvez configurer les param\u00e8tres suivants :\n\u2022 Firefox: https:\/\/support.mozilla.org\/es\/kb\/habilitar-y-deshabilitar-cookies-sitios-web-rastrear-preferencias?redirectlocale=es&amp;redirectslug=habilitar-y-deshabilitar-cookies-que-los-sitios-we\n\u2022 Chrome: https:\/\/support.google.com\/chrome\/answer\/95647?hl=es\n\u2022 Explorer: https:\/\/support.microsoft.com\/es-es\/help\/17442\/windows-internet-explorer-delete-manage-cookies#ie=ie-10\n\u2022 Safari: https:\/\/support.apple.com\/es-es\/guide\/safari\/sfri11471\/mac\n\u2022 Opera: https:\/\/help.opera.com\/en\/latest\/web-preferences\/#cookies\t\t\t\t\t\t\t\t<\/div>\n\t\t\t\t<\/div>\n\t\t\t\t\t<\/div>\n\t\t\t\t<\/div>\n\t\t\t\t<\/div>\n\t\t","protected":false},"excerpt":{"rendered":"<p>Un cookie est un fichier t\u00e9l\u00e9charg\u00e9 sur votre ordinateur lorsque vous acc\u00e9dez \u00e0 certaines pages Web. Les cookies permettent, entre autres, \u00e0 un site Web de stocker et de r\u00e9cup\u00e9rer des informations sur les habitudes de navigation d&rsquo;un utilisateur ou de votre ordinateur et, en&#8230;<\/p>\n","protected":false},"author":1,"featured_media":0,"parent":0,"menu_order":0,"comment_status":"closed","ping_status":"closed","template":"","meta":{"footnotes":""},"class_list":["post-7363","page","type-page","status-publish","hentry"],"yoast_head":"<!-- This site is optimized with the Yoast SEO plugin v26.8 - https:\/\/yoast.com\/product\/yoast-seo-wordpress\/ -->\n<title>Politique de cookies - Vossen wood<\/title>\n<meta name=\"robots\" content=\"index, follow, max-snippet:-1, max-image-preview:large, max-video-preview:-1\" \/>\n<link rel=\"canonical\" href=\"https:\/\/vossenwood.com\/fr\/politique-de-cookies\/\" \/>\n<meta property=\"og:locale\" content=\"fr_FR\" \/>\n<meta property=\"og:type\" content=\"article\" \/>\n<meta property=\"og:title\" content=\"Politique de cookies - Vossen wood\" \/>\n<meta property=\"og:description\" content=\"Un cookie est un fichier t\u00e9l\u00e9charg\u00e9 sur votre ordinateur lorsque vous acc\u00e9dez \u00e0 certaines pages Web. Les cookies permettent, entre autres, \u00e0 un site Web de stocker et de r\u00e9cup\u00e9rer des informations sur les habitudes de navigation d&rsquo;un utilisateur ou de votre ordinateur et, en...\" \/>\n<meta property=\"og:url\" content=\"https:\/\/vossenwood.com\/fr\/politique-de-cookies\/\" \/>\n<meta property=\"og:site_name\" content=\"Vossen wood\" \/>\n<meta property=\"article:modified_time\" content=\"2024-09-17T07:01:55+00:00\" \/>\n<meta property=\"og:image\" content=\"https:\/\/vossenwood.com\/wp-content\/uploads\/2024\/08\/favicon.png\" \/>\n\t<meta property=\"og:image:width\" content=\"80\" \/>\n\t<meta property=\"og:image:height\" content=\"66\" \/>\n\t<meta property=\"og:image:type\" content=\"image\/png\" \/>\n<meta name=\"twitter:card\" content=\"summary_large_image\" \/>\n<meta name=\"twitter:label1\" content=\"Dur\u00e9e de lecture estim\u00e9e\" \/>\n\t<meta name=\"twitter:data1\" content=\"4 minutes\" \/>\n<script type=\"application\/ld+json\" class=\"yoast-schema-graph\">{\"@context\":\"https:\/\/schema.org\",\"@graph\":[{\"@type\":\"WebPage\",\"@id\":\"https:\/\/vossenwood.com\/fr\/politique-de-cookies\/\",\"url\":\"https:\/\/vossenwood.com\/fr\/politique-de-cookies\/\",\"name\":\"Politique de cookies - Vossen wood\",\"isPartOf\":{\"@id\":\"https:\/\/vossenwood.com\/fr\/#website\"},\"datePublished\":\"2024-08-06T10:50:42+00:00\",\"dateModified\":\"2024-09-17T07:01:55+00:00\",\"breadcrumb\":{\"@id\":\"https:\/\/vossenwood.com\/fr\/politique-de-cookies\/#breadcrumb\"},\"inLanguage\":\"fr-FR\",\"potentialAction\":[{\"@type\":\"ReadAction\",\"target\":[\"https:\/\/vossenwood.com\/fr\/politique-de-cookies\/\"]}]},{\"@type\":\"BreadcrumbList\",\"@id\":\"https:\/\/vossenwood.com\/fr\/politique-de-cookies\/#breadcrumb\",\"itemListElement\":[{\"@type\":\"ListItem\",\"position\":1,\"name\":\"Inici\",\"item\":\"https:\/\/vossenwood.com\/fr\/\"},{\"@type\":\"ListItem\",\"position\":2,\"name\":\"Politique de cookies\"}]},{\"@type\":\"WebSite\",\"@id\":\"https:\/\/vossenwood.com\/fr\/#website\",\"url\":\"https:\/\/vossenwood.com\/fr\/\",\"name\":\"Vossen Wood\",\"description\":\"Handcrafted wood design\",\"publisher\":{\"@id\":\"https:\/\/vossenwood.com\/fr\/#organization\"},\"alternateName\":\"Vossen Wood\",\"potentialAction\":[{\"@type\":\"SearchAction\",\"target\":{\"@type\":\"EntryPoint\",\"urlTemplate\":\"https:\/\/vossenwood.com\/fr\/?s={search_term_string}\"},\"query-input\":{\"@type\":\"PropertyValueSpecification\",\"valueRequired\":true,\"valueName\":\"search_term_string\"}}],\"inLanguage\":\"fr-FR\"},{\"@type\":\"Organization\",\"@id\":\"https:\/\/vossenwood.com\/fr\/#organization\",\"name\":\"Vossen Wood\",\"alternateName\":\"Vossen Wood\",\"url\":\"https:\/\/vossenwood.com\/fr\/\",\"logo\":{\"@type\":\"ImageObject\",\"inLanguage\":\"fr-FR\",\"@id\":\"https:\/\/vossenwood.com\/fr\/#\/schema\/logo\/image\/\",\"url\":\"https:\/\/vossenwood.com\/wp-content\/uploads\/2024\/08\/vossen-header.svg\",\"contentUrl\":\"https:\/\/vossenwood.com\/wp-content\/uploads\/2024\/08\/vossen-header.svg\",\"width\":903,\"height\":253,\"caption\":\"Vossen Wood\"},\"image\":{\"@id\":\"https:\/\/vossenwood.com\/fr\/#\/schema\/logo\/image\/\"},\"sameAs\":[\"https:\/\/www.instagram.com\/vossendavid\/\"]}]}<\/script>\n<!-- \/ Yoast SEO plugin. -->","yoast_head_json":{"title":"Politique de cookies - Vossen wood","robots":{"index":"index","follow":"follow","max-snippet":"max-snippet:-1","max-image-preview":"max-image-preview:large","max-video-preview":"max-video-preview:-1"},"canonical":"https:\/\/vossenwood.com\/fr\/politique-de-cookies\/","og_locale":"fr_FR","og_type":"article","og_title":"Politique de cookies - Vossen wood","og_description":"Un cookie est un fichier t\u00e9l\u00e9charg\u00e9 sur votre ordinateur lorsque vous acc\u00e9dez \u00e0 certaines pages Web. Les cookies permettent, entre autres, \u00e0 un site Web de stocker et de r\u00e9cup\u00e9rer des informations sur les habitudes de navigation d&rsquo;un utilisateur ou de votre ordinateur et, en...","og_url":"https:\/\/vossenwood.com\/fr\/politique-de-cookies\/","og_site_name":"Vossen wood","article_modified_time":"2024-09-17T07:01:55+00:00","og_image":[{"width":80,"height":66,"url":"https:\/\/vossenwood.com\/wp-content\/uploads\/2024\/08\/favicon.png","type":"image\/png"}],"twitter_card":"summary_large_image","twitter_misc":{"Dur\u00e9e de lecture estim\u00e9e":"4 minutes"},"schema":{"@context":"https:\/\/schema.org","@graph":[{"@type":"WebPage","@id":"https:\/\/vossenwood.com\/fr\/politique-de-cookies\/","url":"https:\/\/vossenwood.com\/fr\/politique-de-cookies\/","name":"Politique de cookies - Vossen wood","isPartOf":{"@id":"https:\/\/vossenwood.com\/fr\/#website"},"datePublished":"2024-08-06T10:50:42+00:00","dateModified":"2024-09-17T07:01:55+00:00","breadcrumb":{"@id":"https:\/\/vossenwood.com\/fr\/politique-de-cookies\/#breadcrumb"},"inLanguage":"fr-FR","potentialAction":[{"@type":"ReadAction","target":["https:\/\/vossenwood.com\/fr\/politique-de-cookies\/"]}]},{"@type":"BreadcrumbList","@id":"https:\/\/vossenwood.com\/fr\/politique-de-cookies\/#breadcrumb","itemListElement":[{"@type":"ListItem","position":1,"name":"Inici","item":"https:\/\/vossenwood.com\/fr\/"},{"@type":"ListItem","position":2,"name":"Politique de cookies"}]},{"@type":"WebSite","@id":"https:\/\/vossenwood.com\/fr\/#website","url":"https:\/\/vossenwood.com\/fr\/","name":"Vossen Wood","description":"Handcrafted wood design","publisher":{"@id":"https:\/\/vossenwood.com\/fr\/#organization"},"alternateName":"Vossen Wood","potentialAction":[{"@type":"SearchAction","target":{"@type":"EntryPoint","urlTemplate":"https:\/\/vossenwood.com\/fr\/?s={search_term_string}"},"query-input":{"@type":"PropertyValueSpecification","valueRequired":true,"valueName":"search_term_string"}}],"inLanguage":"fr-FR"},{"@type":"Organization","@id":"https:\/\/vossenwood.com\/fr\/#organization","name":"Vossen Wood","alternateName":"Vossen Wood","url":"https:\/\/vossenwood.com\/fr\/","logo":{"@type":"ImageObject","inLanguage":"fr-FR","@id":"https:\/\/vossenwood.com\/fr\/#\/schema\/logo\/image\/","url":"https:\/\/vossenwood.com\/wp-content\/uploads\/2024\/08\/vossen-header.svg","contentUrl":"https:\/\/vossenwood.com\/wp-content\/uploads\/2024\/08\/vossen-header.svg","width":903,"height":253,"caption":"Vossen Wood"},"image":{"@id":"https:\/\/vossenwood.com\/fr\/#\/schema\/logo\/image\/"},"sameAs":["https:\/\/www.instagram.com\/vossendavid\/"]}]}},"_links":{"self":[{"href":"https:\/\/vossenwood.com\/fr\/wp-json\/wp\/v2\/pages\/7363","targetHints":{"allow":["GET"]}}],"collection":[{"href":"https:\/\/vossenwood.com\/fr\/wp-json\/wp\/v2\/pages"}],"about":[{"href":"https:\/\/vossenwood.com\/fr\/wp-json\/wp\/v2\/types\/page"}],"author":[{"embeddable":true,"href":"https:\/\/vossenwood.com\/fr\/wp-json\/wp\/v2\/users\/1"}],"replies":[{"embeddable":true,"href":"https:\/\/vossenwood.com\/fr\/wp-json\/wp\/v2\/comments?post=7363"}],"version-history":[{"count":0,"href":"https:\/\/vossenwood.com\/fr\/wp-json\/wp\/v2\/pages\/7363\/revisions"}],"wp:attachment":[{"href":"https:\/\/vossenwood.com\/fr\/wp-json\/wp\/v2\/media?parent=7363"}],"curies":[{"name":"wp","href":"https:\/\/api.w.org\/{rel}","templated":true}]}}