{"id":7360,"date":"2023-11-03T08:04:27","date_gmt":"2023-11-03T06:04:27","guid":{"rendered":"https:\/\/vossenwood.com\/contact-me\/"},"modified":"2025-07-30T09:39:40","modified_gmt":"2025-07-30T07:39:40","slug":"contacter","status":"publish","type":"page","link":"https:\/\/vossenwood.com\/fr\/contacter\/","title":{"rendered":"Contacter"},"content":{"rendered":"\t\t<div data-elementor-type=\"wp-page\" data-elementor-id=\"7360\" class=\"elementor elementor-7360 elementor-5431\" data-elementor-post-type=\"page\">\n\t\t\t\t<div class=\"elementor-element elementor-element-c1ebf7d e-con-full e-flex parallax_section_no qode_elementor_container_no e-con e-parent\" data-id=\"c1ebf7d\" data-element_type=\"container\">\n\t\t<div class=\"elementor-element elementor-element-91df7b5 e-con-full e-flex parallax_section_no qode_elementor_container_no e-con e-child\" data-id=\"91df7b5\" data-element_type=\"container\" data-settings=\"{&quot;background_background&quot;:&quot;classic&quot;}\">\n\t\t\t\t<div class=\"elementor-element elementor-element-cc90e48 elementor-widget elementor-widget-text-editor\" data-id=\"cc90e48\" data-element_type=\"widget\" data-widget_type=\"text-editor.default\">\n\t\t\t\t<div class=\"elementor-widget-container\">\n\t\t\t\t\t\t\t\t\t<iframe src=\"https:\/\/www.google.com\/maps\/embed?pb=!1m18!1m12!1m3!1d2959.4464454940066!2d2.455163112014344!3d42.119324850156104!2m3!1f0!2f0!3f0!3m2!1i1024!2i768!4f13.1!3m3!1m2!1s0x12a5334da88833ed%3A0x6d9a5b464808fca3!2sCarrer%20Armenguer%2C%2010%2C%2017176%20Sant%20Esteve%20d&#39;en%20Bas%2C%20Girona!5e0!3m2!1sen!2ses!4v1722531894050!5m2!1sen!2ses\" width=\"100%\" height=\"350\" style=\"border:0;\" allowfullscreen=\"\" loading=\"lazy\" referrerpolicy=\"no-referrer-when-downgrade\"><\/iframe>\t\t\t\t\t\t\t\t<\/div>\n\t\t\t\t<\/div>\n\t\t\t\t<div class=\"elementor-element elementor-element-9b13768 elementor-absolute elementor-hidden-tablet elementor-hidden-mobile elementor-widget elementor-widget-bridge_vertical_separator\" data-id=\"9b13768\" data-element_type=\"widget\" data-settings=\"{&quot;_position&quot;:&quot;absolute&quot;}\" data-widget_type=\"bridge_vertical_separator.default\">\n\t\t\t\t<div class=\"elementor-widget-container\">\n\t\t\t\t\t<div class=\"qode_vertical_separator\" style=\"height: 800px;width: 1px;background-color: #ECE8E5\">\n<\/div>\t\t\t\t<\/div>\n\t\t\t\t<\/div>\n\t\t\t\t<div class=\"elementor-element elementor-element-eca81b4 elementor-absolute elementor-hidden-tablet elementor-hidden-mobile elementor-widget elementor-widget-bridge_vertical_separator\" data-id=\"eca81b4\" data-element_type=\"widget\" data-settings=\"{&quot;_position&quot;:&quot;absolute&quot;}\" data-widget_type=\"bridge_vertical_separator.default\">\n\t\t\t\t<div class=\"elementor-widget-container\">\n\t\t\t\t\t<div class=\"qode_vertical_separator\" style=\"height: 400px;width: 1px;background-color: #ECE8E5\">\n<\/div>\t\t\t\t<\/div>\n\t\t\t\t<\/div>\n\t\t\t\t<\/div>\n\t\t\t\t<\/div>\n\t\t<div class=\"elementor-element elementor-element-6bc3b5a e-con-full e-flex parallax_section_no qode_elementor_container_no e-con e-parent\" data-id=\"6bc3b5a\" data-element_type=\"container\">\n\t\t\t\t<div class=\"elementor-element elementor-element-4046ec6 elementor-absolute elementor-hidden-tablet elementor-hidden-mobile elementor-widget elementor-widget-bridge_vertical_separator\" data-id=\"4046ec6\" data-element_type=\"widget\" data-settings=\"{&quot;_position&quot;:&quot;absolute&quot;}\" data-widget_type=\"bridge_vertical_separator.default\">\n\t\t\t\t<div class=\"elementor-widget-container\">\n\t\t\t\t\t<div class=\"qode_vertical_separator\" style=\"height: 800px;width: 1px;background-color: #ECE8E5\">\n<\/div>\t\t\t\t<\/div>\n\t\t\t\t<\/div>\n\t\t\t\t<div class=\"elementor-element elementor-element-dbdbc85 elementor-absolute elementor-hidden-tablet elementor-hidden-mobile elementor-widget elementor-widget-bridge_vertical_separator\" data-id=\"dbdbc85\" data-element_type=\"widget\" data-settings=\"{&quot;_position&quot;:&quot;absolute&quot;}\" data-widget_type=\"bridge_vertical_separator.default\">\n\t\t\t\t<div class=\"elementor-widget-container\">\n\t\t\t\t\t<div class=\"qode_vertical_separator\" style=\"height: 800px;width: 1px;background-color: #ECE8E5\">\n<\/div>\t\t\t\t<\/div>\n\t\t\t\t<\/div>\n\t\t<div class=\"elementor-element elementor-element-f1632ca e-con-full qode_elementor_container_inner e-flex parallax_section_no e-con e-child\" data-id=\"f1632ca\" data-element_type=\"container\">\n\t\t<div class=\"elementor-element elementor-element-c0c28b5 e-con-full e-flex parallax_section_no qode_elementor_container_no e-con e-child\" data-id=\"c0c28b5\" data-element_type=\"container\">\n\t\t\t\t<div class=\"elementor-element elementor-element-205f099 elementor-widget elementor-widget-heading\" data-id=\"205f099\" data-element_type=\"widget\" data-widget_type=\"heading.default\">\n\t\t\t\t<div class=\"elementor-widget-container\">\n\t\t\t\t\t<h1 class=\"elementor-heading-title elementor-size-default\">Contacter<\/h1>\t\t\t\t<\/div>\n\t\t\t\t<\/div>\n\t\t\t\t<div class=\"elementor-element elementor-element-60dc3c4 elementor-widget elementor-widget-text-editor\" data-id=\"60dc3c4\" data-element_type=\"widget\" data-widget_type=\"text-editor.default\">\n\t\t\t\t<div class=\"elementor-widget-container\">\n\t\t\t\t\t\t\t\t\tSi vous \u00eates un curieux, un professionnel, un r\u00eaveur ou quelqu\u2019un avec une id\u00e9e, n\u2019h\u00e9sitez pas \u00e0 vous mettre en contact avec nous, via l\u2019adresse e-mail ou gr\u00e2ce au formulaire ci-dessous.\t\t\t\t\t\t\t\t<\/div>\n\t\t\t\t<\/div>\n\t\t\t\t<\/div>\n\t\t<div class=\"elementor-element elementor-element-b015770 e-con-full e-flex parallax_section_no qode_elementor_container_no e-con e-child\" data-id=\"b015770\" data-element_type=\"container\">\n\t\t<div class=\"elementor-element elementor-element-aff5a63 e-con-full e-flex parallax_section_no qode_elementor_container_no e-con e-child\" data-id=\"aff5a63\" data-element_type=\"container\">\n\t\t<div class=\"elementor-element elementor-element-dc4b229 e-con-full e-flex parallax_section_no qode_elementor_container_no e-con e-child\" data-id=\"dc4b229\" data-element_type=\"container\">\n\t\t\t\t<div class=\"elementor-element elementor-element-a1a99f3 elementor-widget elementor-widget-text-editor\" data-id=\"a1a99f3\" data-element_type=\"widget\" data-widget_type=\"text-editor.default\">\n\t\t\t\t<div class=\"elementor-widget-container\">\n\t\t\t\t\t\t\t\t\t<p>Carrer Armenguer 10<br \/>17176 Sant Esteve d\u2019en Bas<br \/>Girona (Espagne)<\/p><p>\u00a0<\/p>\t\t\t\t\t\t\t\t<\/div>\n\t\t\t\t<\/div>\n\t\t\t\t<div class=\"elementor-element elementor-element-9c337d3 elementor-widget elementor-widget-text-editor\" data-id=\"9c337d3\" data-element_type=\"widget\" data-widget_type=\"text-editor.default\">\n\t\t\t\t<div class=\"elementor-widget-container\">\n\t\t\t\t\t\t\t\t\t<p>Tel: (+34) 693 731 547<br \/><a href=\"mailto:david@vossenwood.com\" target=\"_blank\" rel=\"noopener\">david@vossenwood.com<\/a><\/p>\t\t\t\t\t\t\t\t<\/div>\n\t\t\t\t<\/div>\n\t\t\t\t<\/div>\n\t\t<div class=\"elementor-element elementor-element-022c4d6 e-con-full e-flex parallax_section_no qode_elementor_container_no e-con e-child\" data-id=\"022c4d6\" data-element_type=\"container\">\n\t\t\t\t<div class=\"elementor-element elementor-element-0dd0c84 elementor-widget elementor-widget-text-editor\" data-id=\"0dd0c84\" data-element_type=\"widget\" data-widget_type=\"text-editor.default\">\n\t\t\t\t<div class=\"elementor-widget-container\">\n\t\t\t\t\t\t\t\t\t<p>Visite d&rsquo;atelier sur demande<\/p><p>\u00a0<\/p>\t\t\t\t\t\t\t\t<\/div>\n\t\t\t\t<\/div>\n\t\t\t\t<div class=\"elementor-element elementor-element-bf62d08 elementor-widget elementor-widget-text-editor\" data-id=\"bf62d08\" data-element_type=\"widget\" data-widget_type=\"text-editor.default\">\n\t\t\t\t<div class=\"elementor-widget-container\">\n\t\t\t\t\t\t\t\t\tLa livraison et l&rsquo;exp\u00e9dition peuvent \u00eatre organis\u00e9es dans le monde entier\t\t\t\t\t\t\t\t<\/div>\n\t\t\t\t<\/div>\n\t\t\t\t<\/div>\n\t\t\t\t<\/div>\n\t\t\t\t<\/div>\n\t\t\t\t<\/div>\n\t\t\t\t<\/div>\n\t\t<div class=\"elementor-element elementor-element-f0a6450 e-con-full e-flex parallax_section_no qode_elementor_container_no e-con e-parent\" data-id=\"f0a6450\" data-element_type=\"container\">\n\t\t<div class=\"elementor-element elementor-element-8bffb03 e-con-full qode_elementor_container_inner e-flex parallax_section_no e-con e-child\" data-id=\"8bffb03\" data-element_type=\"container\">\n\t\t<div class=\"elementor-element elementor-element-e52ce00 e-grid e-con-full parallax_section_no qode_elementor_container_no e-con e-child\" data-id=\"e52ce00\" data-element_type=\"container\">\n\t\t\t\t<div class=\"elementor-element elementor-element-0147dae elementor-widget elementor-widget-bridge_cf_7\" data-id=\"0147dae\" data-element_type=\"widget\" data-widget_type=\"bridge_cf_7.default\">\n\t\t\t\t<div class=\"elementor-widget-container\">\n\t\t\t\t\t    <div class=\"qode-contact-form-7 qode-contact-form-7-0\">\n    \n<div class=\"wpcf7 no-js\" id=\"wpcf7-f7393-o1\" lang=\"fr-FR\" dir=\"ltr\" data-wpcf7-id=\"7393\">\n<div class=\"screen-reader-response\"><p role=\"status\" aria-live=\"polite\" aria-atomic=\"true\"><\/p> <ul><\/ul><\/div>\n<form action=\"\/fr\/wp-json\/wp\/v2\/pages\/7360#wpcf7-f7393-o1\" method=\"post\" class=\"wpcf7-form init cf7_custom_style_2 wpcf7-acceptance-as-validation\" aria-label=\"Formulaire de contact\" novalidate=\"novalidate\" data-status=\"init\">\n<fieldset class=\"hidden-fields-container\"><input type=\"hidden\" name=\"_wpcf7\" value=\"7393\" \/><input type=\"hidden\" name=\"_wpcf7_version\" value=\"6.1.4\" \/><input type=\"hidden\" name=\"_wpcf7_locale\" value=\"fr_FR\" \/><input type=\"hidden\" name=\"_wpcf7_unit_tag\" value=\"wpcf7-f7393-o1\" \/><input type=\"hidden\" name=\"_wpcf7_container_post\" value=\"0\" \/><input type=\"hidden\" name=\"_wpcf7_posted_data_hash\" value=\"\" \/><input type=\"hidden\" name=\"_wpcf7_recaptcha_response\" value=\"\" \/>\n<\/fieldset>\n<span class=\"wpcf7-form-control-wrap\" data-name=\"your-name\"><input size=\"40\" maxlength=\"400\" class=\"wpcf7-form-control wpcf7-text wpcf7-validates-as-required\" aria-required=\"true\" aria-invalid=\"false\" placeholder=\"Nom *\" value=\"\" type=\"text\" name=\"your-name\" \/><\/span>\n<span class=\"wpcf7-form-control-wrap\" data-name=\"your-email\"><input size=\"40\" maxlength=\"400\" class=\"wpcf7-form-control wpcf7-email wpcf7-validates-as-required wpcf7-text wpcf7-validates-as-email\" aria-required=\"true\" aria-invalid=\"false\" placeholder=\"Email *\" value=\"\" type=\"email\" name=\"your-email\" \/><\/span>\n<span class=\"wpcf7-form-control-wrap\" data-name=\"your-message\"><textarea cols=\"40\" rows=\"10\" maxlength=\"2000\" class=\"wpcf7-form-control wpcf7-textarea wpcf7-validates-as-required\" aria-required=\"true\" aria-invalid=\"false\" placeholder=\"Message *\" name=\"your-message\"><\/textarea><\/span>\n<div class=\"accepto\"><span class=\"wpcf7-form-control-wrap\" data-name=\"acceptance-751\"><span class=\"wpcf7-form-control wpcf7-acceptance\"><span class=\"wpcf7-list-item\"><input type=\"checkbox\" name=\"acceptance-751\" value=\"1\" aria-invalid=\"false\" \/><\/span><\/span><\/span> Lu et approuv\u00e9 la <a target=\"_blank\" rel=\"nofollow noopener\" href=\"https:\/\/vossenwood.com\/fr\/politique-de-confidentialite\/\">Politique de Confidentialit\u00e9<\/a><br><\/div>\n<input class=\"wpcf7-form-control wpcf7-submit has-spinner\" type=\"submit\" value=\"Envoyer\" \/><div class=\"wpcf7-response-output\" aria-hidden=\"true\"><\/div>\n<\/form>\n<\/div>\n    <\/div>\n\t\t\t\t<\/div>\n\t\t\t\t<\/div>\n\t\t\t\t<div class=\"elementor-element elementor-element-dfdfa80 elementor-widget elementor-widget-image\" data-id=\"dfdfa80\" data-element_type=\"widget\" data-widget_type=\"image.default\">\n\t\t\t\t<div class=\"elementor-widget-container\">\n\t\t\t\t\t\t\t\t\t\t\t\t\t\t\t<img fetchpriority=\"high\" decoding=\"async\" width=\"770\" height=\"587\" src=\"https:\/\/vossenwood.com\/wp-content\/uploads\/2024\/08\/01-contact.jpg\" class=\"attachment-large size-large wp-image-7361\" alt=\"\" srcset=\"https:\/\/vossenwood.com\/wp-content\/uploads\/2024\/08\/01-contact.jpg 770w, https:\/\/vossenwood.com\/wp-content\/uploads\/2024\/08\/01-contact-300x229.jpg 300w, https:\/\/vossenwood.com\/wp-content\/uploads\/2024\/08\/01-contact-768x585.jpg 768w, https:\/\/vossenwood.com\/wp-content\/uploads\/2024\/08\/01-contact-500x380.jpg 500w, https:\/\/vossenwood.com\/wp-content\/uploads\/2024\/08\/01-contact-700x534.jpg 700w\" sizes=\"(max-width: 770px) 100vw, 770px\" \/>\t\t\t\t\t\t\t\t\t\t\t\t\t\t\t<\/div>\n\t\t\t\t<\/div>\n\t\t\t\t<\/div>\n\t\t\t\t<\/div>\n\t\t\t\t<div class=\"elementor-element elementor-element-026809f elementor-absolute elementor-hidden-tablet elementor-hidden-mobile elementor-widget elementor-widget-bridge_vertical_separator\" data-id=\"026809f\" data-element_type=\"widget\" data-settings=\"{&quot;_position&quot;:&quot;absolute&quot;}\" data-widget_type=\"bridge_vertical_separator.default\">\n\t\t\t\t<div class=\"elementor-widget-container\">\n\t\t\t\t\t<div class=\"qode_vertical_separator\" style=\"height: 1000px;width: 1px;background-color: #ECE8E5\">\n<\/div>\t\t\t\t<\/div>\n\t\t\t\t<\/div>\n\t\t\t\t<div class=\"elementor-element elementor-element-cb5c9b0 elementor-absolute elementor-hidden-tablet elementor-hidden-mobile elementor-widget elementor-widget-bridge_vertical_separator\" data-id=\"cb5c9b0\" data-element_type=\"widget\" data-settings=\"{&quot;_position&quot;:&quot;absolute&quot;}\" data-widget_type=\"bridge_vertical_separator.default\">\n\t\t\t\t<div class=\"elementor-widget-container\">\n\t\t\t\t\t<div class=\"qode_vertical_separator\" style=\"height: 1000px;width: 1px;background-color: #ECE8E5\">\n<\/div>\t\t\t\t<\/div>\n\t\t\t\t<\/div>\n\t\t\t\t<\/div>\n\t\t\t\t<\/div>\n\t\t","protected":false},"excerpt":{"rendered":"<p>Contacter Si vous \u00eates un curieux, un professionnel, un r\u00eaveur ou quelqu\u2019un avec une id\u00e9e, n\u2019h\u00e9sitez pas \u00e0 vous mettre en contact avec nous, via l\u2019adresse e-mail ou gr\u00e2ce au formulaire ci-dessous. Carrer Armenguer 1017176 Sant Esteve d\u2019en BasGirona (Espagne) \u00a0 Tel: (+34) 693 731&#8230;<\/p>\n","protected":false},"author":1,"featured_media":0,"parent":0,"menu_order":0,"comment_status":"closed","ping_status":"closed","template":"full_width.php","meta":{"footnotes":""},"class_list":["post-7360","page","type-page","status-publish","hentry"],"yoast_head":"<!-- This site is optimized with the Yoast SEO plugin v26.8 - https:\/\/yoast.com\/product\/yoast-seo-wordpress\/ -->\n<title>Contacter - Vossen wood<\/title>\n<meta name=\"robots\" content=\"index, follow, max-snippet:-1, max-image-preview:large, max-video-preview:-1\" \/>\n<link rel=\"canonical\" href=\"https:\/\/vossenwood.com\/fr\/contacter\/\" \/>\n<meta property=\"og:locale\" content=\"fr_FR\" \/>\n<meta property=\"og:type\" content=\"article\" \/>\n<meta property=\"og:title\" content=\"Contacter - Vossen wood\" \/>\n<meta property=\"og:description\" content=\"Contacter Si vous \u00eates un curieux, un professionnel, un r\u00eaveur ou quelqu\u2019un avec une id\u00e9e, n\u2019h\u00e9sitez pas \u00e0 vous mettre en contact avec nous, via l\u2019adresse e-mail ou gr\u00e2ce au formulaire ci-dessous. Carrer Armenguer 1017176 Sant Esteve d\u2019en BasGirona (Espagne) \u00a0 Tel: (+34) 693 731...\" \/>\n<meta property=\"og:url\" content=\"https:\/\/vossenwood.com\/fr\/contacter\/\" \/>\n<meta property=\"og:site_name\" content=\"Vossen wood\" \/>\n<meta property=\"article:modified_time\" content=\"2025-07-30T07:39:40+00:00\" \/>\n<meta property=\"og:image\" content=\"https:\/\/vossenwood.com\/wp-content\/uploads\/2024\/08\/01-contact.jpg\" \/>\n\t<meta property=\"og:image:width\" content=\"770\" \/>\n\t<meta property=\"og:image:height\" content=\"587\" \/>\n\t<meta property=\"og:image:type\" content=\"image\/jpeg\" \/>\n<meta name=\"twitter:card\" content=\"summary_large_image\" \/>\n<meta name=\"twitter:label1\" content=\"Dur\u00e9e de lecture estim\u00e9e\" \/>\n\t<meta name=\"twitter:data1\" content=\"1 minute\" \/>\n<script type=\"application\/ld+json\" class=\"yoast-schema-graph\">{\"@context\":\"https:\/\/schema.org\",\"@graph\":[{\"@type\":\"WebPage\",\"@id\":\"https:\/\/vossenwood.com\/fr\/contacter\/\",\"url\":\"https:\/\/vossenwood.com\/fr\/contacter\/\",\"name\":\"Contacter - Vossen wood\",\"isPartOf\":{\"@id\":\"https:\/\/vossenwood.com\/fr\/#website\"},\"primaryImageOfPage\":{\"@id\":\"https:\/\/vossenwood.com\/fr\/contacter\/#primaryimage\"},\"image\":{\"@id\":\"https:\/\/vossenwood.com\/fr\/contacter\/#primaryimage\"},\"thumbnailUrl\":\"https:\/\/vossenwood.com\/wp-content\/uploads\/2024\/08\/01-contact.jpg\",\"datePublished\":\"2023-11-03T06:04:27+00:00\",\"dateModified\":\"2025-07-30T07:39:40+00:00\",\"breadcrumb\":{\"@id\":\"https:\/\/vossenwood.com\/fr\/contacter\/#breadcrumb\"},\"inLanguage\":\"fr-FR\",\"potentialAction\":[{\"@type\":\"ReadAction\",\"target\":[\"https:\/\/vossenwood.com\/fr\/contacter\/\"]}]},{\"@type\":\"ImageObject\",\"inLanguage\":\"fr-FR\",\"@id\":\"https:\/\/vossenwood.com\/fr\/contacter\/#primaryimage\",\"url\":\"https:\/\/vossenwood.com\/wp-content\/uploads\/2024\/08\/01-contact.jpg\",\"contentUrl\":\"https:\/\/vossenwood.com\/wp-content\/uploads\/2024\/08\/01-contact.jpg\"},{\"@type\":\"BreadcrumbList\",\"@id\":\"https:\/\/vossenwood.com\/fr\/contacter\/#breadcrumb\",\"itemListElement\":[{\"@type\":\"ListItem\",\"position\":1,\"name\":\"Inici\",\"item\":\"https:\/\/vossenwood.com\/fr\/\"},{\"@type\":\"ListItem\",\"position\":2,\"name\":\"Contacter\"}]},{\"@type\":\"WebSite\",\"@id\":\"https:\/\/vossenwood.com\/fr\/#website\",\"url\":\"https:\/\/vossenwood.com\/fr\/\",\"name\":\"Vossen Wood\",\"description\":\"Handcrafted wood design\",\"publisher\":{\"@id\":\"https:\/\/vossenwood.com\/fr\/#organization\"},\"alternateName\":\"Vossen Wood\",\"potentialAction\":[{\"@type\":\"SearchAction\",\"target\":{\"@type\":\"EntryPoint\",\"urlTemplate\":\"https:\/\/vossenwood.com\/fr\/?s={search_term_string}\"},\"query-input\":{\"@type\":\"PropertyValueSpecification\",\"valueRequired\":true,\"valueName\":\"search_term_string\"}}],\"inLanguage\":\"fr-FR\"},{\"@type\":\"Organization\",\"@id\":\"https:\/\/vossenwood.com\/fr\/#organization\",\"name\":\"Vossen Wood\",\"alternateName\":\"Vossen Wood\",\"url\":\"https:\/\/vossenwood.com\/fr\/\",\"logo\":{\"@type\":\"ImageObject\",\"inLanguage\":\"fr-FR\",\"@id\":\"https:\/\/vossenwood.com\/fr\/#\/schema\/logo\/image\/\",\"url\":\"https:\/\/vossenwood.com\/wp-content\/uploads\/2024\/08\/vossen-header.svg\",\"contentUrl\":\"https:\/\/vossenwood.com\/wp-content\/uploads\/2024\/08\/vossen-header.svg\",\"width\":903,\"height\":253,\"caption\":\"Vossen Wood\"},\"image\":{\"@id\":\"https:\/\/vossenwood.com\/fr\/#\/schema\/logo\/image\/\"},\"sameAs\":[\"https:\/\/www.instagram.com\/vossendavid\/\"]}]}<\/script>\n<!-- \/ Yoast SEO plugin. -->","yoast_head_json":{"title":"Contacter - Vossen wood","robots":{"index":"index","follow":"follow","max-snippet":"max-snippet:-1","max-image-preview":"max-image-preview:large","max-video-preview":"max-video-preview:-1"},"canonical":"https:\/\/vossenwood.com\/fr\/contacter\/","og_locale":"fr_FR","og_type":"article","og_title":"Contacter - Vossen wood","og_description":"Contacter Si vous \u00eates un curieux, un professionnel, un r\u00eaveur ou quelqu\u2019un avec une id\u00e9e, n\u2019h\u00e9sitez pas \u00e0 vous mettre en contact avec nous, via l\u2019adresse e-mail ou gr\u00e2ce au formulaire ci-dessous. Carrer Armenguer 1017176 Sant Esteve d\u2019en BasGirona (Espagne) \u00a0 Tel: (+34) 693 731...","og_url":"https:\/\/vossenwood.com\/fr\/contacter\/","og_site_name":"Vossen wood","article_modified_time":"2025-07-30T07:39:40+00:00","og_image":[{"width":770,"height":587,"url":"https:\/\/vossenwood.com\/wp-content\/uploads\/2024\/08\/01-contact.jpg","type":"image\/jpeg"}],"twitter_card":"summary_large_image","twitter_misc":{"Dur\u00e9e de lecture estim\u00e9e":"1 minute"},"schema":{"@context":"https:\/\/schema.org","@graph":[{"@type":"WebPage","@id":"https:\/\/vossenwood.com\/fr\/contacter\/","url":"https:\/\/vossenwood.com\/fr\/contacter\/","name":"Contacter - Vossen wood","isPartOf":{"@id":"https:\/\/vossenwood.com\/fr\/#website"},"primaryImageOfPage":{"@id":"https:\/\/vossenwood.com\/fr\/contacter\/#primaryimage"},"image":{"@id":"https:\/\/vossenwood.com\/fr\/contacter\/#primaryimage"},"thumbnailUrl":"https:\/\/vossenwood.com\/wp-content\/uploads\/2024\/08\/01-contact.jpg","datePublished":"2023-11-03T06:04:27+00:00","dateModified":"2025-07-30T07:39:40+00:00","breadcrumb":{"@id":"https:\/\/vossenwood.com\/fr\/contacter\/#breadcrumb"},"inLanguage":"fr-FR","potentialAction":[{"@type":"ReadAction","target":["https:\/\/vossenwood.com\/fr\/contacter\/"]}]},{"@type":"ImageObject","inLanguage":"fr-FR","@id":"https:\/\/vossenwood.com\/fr\/contacter\/#primaryimage","url":"https:\/\/vossenwood.com\/wp-content\/uploads\/2024\/08\/01-contact.jpg","contentUrl":"https:\/\/vossenwood.com\/wp-content\/uploads\/2024\/08\/01-contact.jpg"},{"@type":"BreadcrumbList","@id":"https:\/\/vossenwood.com\/fr\/contacter\/#breadcrumb","itemListElement":[{"@type":"ListItem","position":1,"name":"Inici","item":"https:\/\/vossenwood.com\/fr\/"},{"@type":"ListItem","position":2,"name":"Contacter"}]},{"@type":"WebSite","@id":"https:\/\/vossenwood.com\/fr\/#website","url":"https:\/\/vossenwood.com\/fr\/","name":"Vossen Wood","description":"Handcrafted wood design","publisher":{"@id":"https:\/\/vossenwood.com\/fr\/#organization"},"alternateName":"Vossen Wood","potentialAction":[{"@type":"SearchAction","target":{"@type":"EntryPoint","urlTemplate":"https:\/\/vossenwood.com\/fr\/?s={search_term_string}"},"query-input":{"@type":"PropertyValueSpecification","valueRequired":true,"valueName":"search_term_string"}}],"inLanguage":"fr-FR"},{"@type":"Organization","@id":"https:\/\/vossenwood.com\/fr\/#organization","name":"Vossen Wood","alternateName":"Vossen Wood","url":"https:\/\/vossenwood.com\/fr\/","logo":{"@type":"ImageObject","inLanguage":"fr-FR","@id":"https:\/\/vossenwood.com\/fr\/#\/schema\/logo\/image\/","url":"https:\/\/vossenwood.com\/wp-content\/uploads\/2024\/08\/vossen-header.svg","contentUrl":"https:\/\/vossenwood.com\/wp-content\/uploads\/2024\/08\/vossen-header.svg","width":903,"height":253,"caption":"Vossen Wood"},"image":{"@id":"https:\/\/vossenwood.com\/fr\/#\/schema\/logo\/image\/"},"sameAs":["https:\/\/www.instagram.com\/vossendavid\/"]}]}},"_links":{"self":[{"href":"https:\/\/vossenwood.com\/fr\/wp-json\/wp\/v2\/pages\/7360","targetHints":{"allow":["GET"]}}],"collection":[{"href":"https:\/\/vossenwood.com\/fr\/wp-json\/wp\/v2\/pages"}],"about":[{"href":"https:\/\/vossenwood.com\/fr\/wp-json\/wp\/v2\/types\/page"}],"author":[{"embeddable":true,"href":"https:\/\/vossenwood.com\/fr\/wp-json\/wp\/v2\/users\/1"}],"replies":[{"embeddable":true,"href":"https:\/\/vossenwood.com\/fr\/wp-json\/wp\/v2\/comments?post=7360"}],"version-history":[{"count":0,"href":"https:\/\/vossenwood.com\/fr\/wp-json\/wp\/v2\/pages\/7360\/revisions"}],"wp:attachment":[{"href":"https:\/\/vossenwood.com\/fr\/wp-json\/wp\/v2\/media?parent=7360"}],"curies":[{"name":"wp","href":"https:\/\/api.w.org\/{rel}","templated":true}]}}