{"id":7353,"date":"2024-08-06T12:45:17","date_gmt":"2024-08-06T10:45:17","guid":{"rendered":"https:\/\/vossenwood.com\/accessibility-statement\/"},"modified":"2024-09-17T08:43:18","modified_gmt":"2024-09-17T06:43:18","slug":"declaration-daccessibilite","status":"publish","type":"page","link":"https:\/\/vossenwood.com\/fr\/declaration-daccessibilite\/","title":{"rendered":"D\u00e9claration d&rsquo;accessibilit\u00e9"},"content":{"rendered":"\t\t<div data-elementor-type=\"wp-page\" data-elementor-id=\"7353\" class=\"elementor elementor-7353 elementor-6634\" data-elementor-post-type=\"page\">\n\t\t\t\t<div class=\"elementor-element elementor-element-9d8e07a e-flex e-con-boxed parallax_section_no qode_elementor_container_no e-con e-parent\" data-id=\"9d8e07a\" data-element_type=\"container\">\n\t\t\t\t\t<div class=\"e-con-inner\">\n\t\t\t\t<div class=\"elementor-element elementor-element-0850146 elementor-widget elementor-widget-text-editor\" data-id=\"0850146\" data-element_type=\"widget\" data-widget_type=\"text-editor.default\">\n\t\t\t\t<div class=\"elementor-widget-container\">\n\t\t\t\t\t\t\t\t\t<p><strong>DAVID VOSSEN<\/strong> s&rsquo;engage \u00e0 garantir l&rsquo;accessibilit\u00e9 num\u00e9rique aux personnes handicap\u00e9es. Nous am\u00e9liorons continuellement l\u2019exp\u00e9rience utilisateur pour chacun et essayons d\u2019appliquer les normes d\u2019accessibilit\u00e9 les plus pertinentes. Nous prenons \u00e9galement cet engagement conform\u00e9ment au d\u00e9cret royal 1112\/2018 du 7 septembre concernant l&rsquo;accessibilit\u00e9 des sites Web et des applications pour appareils mobiles.<\/p><p>\u00a0<\/p><p><strong>Statut de conformit\u00e9<\/strong><br \/>Les <a href=\"https:\/\/www.w3.org\/WAI\/standards-guidelines\/wcag\/\">directives pour l&rsquo;accessibilit\u00e9 du contenu Web (WCAG) 2.1<\/a> d\u00e9finissent les exigences impos\u00e9es aux concepteurs et aux d\u00e9veloppeurs afin d&rsquo;am\u00e9liorer l&rsquo;accessibilit\u00e9 pour les personnes handicap\u00e9es. Ces lignes directrices d\u00e9finissent trois niveaux de conformit\u00e9 : niveau A, niveau AA et niveau AAA. Le site Web est partiellement conforme au niveau AA des WCAG 2.1. Cela signifie que certaines parties du contenu ne sont pas enti\u00e8rement conformes aux normes d&rsquo;accessibilit\u00e9.<\/p><p>\u00a0<\/p><p><strong>Fonctionnalit\u00e9s d&rsquo;accessibilit\u00e9<\/strong><\/p><ul><li>Les pages sont structur\u00e9es avec des \u00e9l\u00e9ments s\u00e9mantiques tels que l&rsquo;en-t\u00eate, la navigation, le contenu principal et le pied de page, qui peuvent vous aider \u00e0 vous d\u00e9placer plus rapidement entre les diff\u00e9rents \u00e9l\u00e9ments.<\/li><li>Les titres de niveau 1 marquent la zone de contenu principale de chaque page et \u00e0 partir de l\u00e0, la structure de chaque page doit suivre un ordre logique de titres.<\/li><li>Chaque page de ce site Web comporte des liens \u00ab passer au contenu \u00bb et \u00ab passer au menu \u00bb en haut et un lien \u00ab retour en haut \u00bb en bas.<\/li><li>Les images sont d\u00e9crites avec des \u00e9quivalents textuels (ALT) pour garantir que tout le monde puisse acc\u00e9der au contenu graphique.<\/li><li>La page peut \u00eatre agrandie jusqu&rsquo;\u00e0 300% sans aucun probl\u00e8me.<\/li><li>Les couleurs de ce site Web ont \u00e9t\u00e9 choisies pour chaque page afin de garantir un contraste de couleurs suffisant.<\/li><li>Tous les composants de ce site Web sont accessibles par souris, clavier ou toucher.<\/li><li>Tous les composants de ce site Web sont accessibles par souris, clavier ou toucher.<\/li><li>Ce site Web a \u00e9t\u00e9 test\u00e9 avec des navigateurs et des appareils modernes et existants, ainsi qu&rsquo;avec des outils d&rsquo;\u00e9valuation de l&rsquo;accessibilit\u00e9 tels que <a href=\"https:\/\/wave.webaim.org\/\">WAVE<\/a>,\u00a0<a href=\"https:\/\/accessibilityinsights.io\/en\/\">Accessibility Insights<\/a> et le lecteur d&rsquo;\u00e9cran <a href=\"https:\/\/www.chromevox.com\/\">ChromeVox<\/a>.<\/li><\/ul><p>\u00a0<\/p><p><strong>Contenu non accessible<\/strong><br \/>Nous sommes conscients que certaines parties de ce site Web ne sont pas enti\u00e8rement accessibles :<br \/>Parfois, nous ins\u00e9rons des supports audio ou vid\u00e9o dans nos pages qui peuvent ne pas \u00eatre d\u00e9crits de mani\u00e8re ad\u00e9quate.<br \/>Si vous trouvez des m\u00e9dias ou des \u00e9l\u00e9ments confus, vous pouvez nous envoyer un email pour nous en informer.<br \/>Nous sommes \u00e9galement conscients que la plupart des documents PDF plus anciens ne sont pas enti\u00e8rement accessibles aux programmes de lecture d&rsquo;\u00e9cran.<\/p><p>\u00a0<\/p><p><strong>Retour<\/strong><br \/>Nous appr\u00e9cions vos commentaires sur l\u2019accessibilit\u00e9 de notre site Web. Veuillez nous faire savoir si vous rencontrez des obstacles \u00e0 l&rsquo;accessibilit\u00e9 sur ce site Web:<\/p><p>Courriel : david@vossenwood.com<\/p><p>Cette d\u00e9claration a \u00e9t\u00e9 cr\u00e9\u00e9e le 6 ao\u00fbt 2024.<\/p>\t\t\t\t\t\t\t\t<\/div>\n\t\t\t\t<\/div>\n\t\t\t\t\t<\/div>\n\t\t\t\t<\/div>\n\t\t\t\t<\/div>\n\t\t","protected":false},"excerpt":{"rendered":"<p>DAVID VOSSEN s&rsquo;engage \u00e0 garantir l&rsquo;accessibilit\u00e9 num\u00e9rique aux personnes handicap\u00e9es. Nous am\u00e9liorons continuellement l\u2019exp\u00e9rience utilisateur pour chacun et essayons d\u2019appliquer les normes d\u2019accessibilit\u00e9 les plus pertinentes. Nous prenons \u00e9galement cet engagement conform\u00e9ment au d\u00e9cret royal 1112\/2018 du 7 septembre concernant l&rsquo;accessibilit\u00e9 des sites Web et&#8230;<\/p>\n","protected":false},"author":1,"featured_media":0,"parent":0,"menu_order":0,"comment_status":"closed","ping_status":"closed","template":"","meta":{"footnotes":""},"class_list":["post-7353","page","type-page","status-publish","hentry"],"yoast_head":"<!-- This site is optimized with the Yoast SEO plugin v26.8 - https:\/\/yoast.com\/product\/yoast-seo-wordpress\/ -->\n<title>D\u00e9claration d&#039;accessibilit\u00e9 - Vossen wood<\/title>\n<meta name=\"robots\" content=\"index, follow, max-snippet:-1, max-image-preview:large, max-video-preview:-1\" \/>\n<link rel=\"canonical\" href=\"https:\/\/vossenwood.com\/fr\/declaration-daccessibilite\/\" \/>\n<meta property=\"og:locale\" content=\"fr_FR\" \/>\n<meta property=\"og:type\" content=\"article\" \/>\n<meta property=\"og:title\" content=\"D\u00e9claration d&#039;accessibilit\u00e9 - Vossen wood\" \/>\n<meta property=\"og:description\" content=\"DAVID VOSSEN s&rsquo;engage \u00e0 garantir l&rsquo;accessibilit\u00e9 num\u00e9rique aux personnes handicap\u00e9es. Nous am\u00e9liorons continuellement l\u2019exp\u00e9rience utilisateur pour chacun et essayons d\u2019appliquer les normes d\u2019accessibilit\u00e9 les plus pertinentes. Nous prenons \u00e9galement cet engagement conform\u00e9ment au d\u00e9cret royal 1112\/2018 du 7 septembre concernant l&rsquo;accessibilit\u00e9 des sites Web et...\" \/>\n<meta property=\"og:url\" content=\"https:\/\/vossenwood.com\/fr\/declaration-daccessibilite\/\" \/>\n<meta property=\"og:site_name\" content=\"Vossen wood\" \/>\n<meta property=\"article:modified_time\" content=\"2024-09-17T06:43:18+00:00\" \/>\n<meta property=\"og:image\" content=\"https:\/\/vossenwood.com\/wp-content\/uploads\/2024\/08\/favicon.png\" \/>\n\t<meta property=\"og:image:width\" content=\"80\" \/>\n\t<meta property=\"og:image:height\" content=\"66\" \/>\n\t<meta property=\"og:image:type\" content=\"image\/png\" \/>\n<meta name=\"twitter:card\" content=\"summary_large_image\" \/>\n<meta name=\"twitter:label1\" content=\"Dur\u00e9e de lecture estim\u00e9e\" \/>\n\t<meta name=\"twitter:data1\" content=\"3 minutes\" \/>\n<script type=\"application\/ld+json\" class=\"yoast-schema-graph\">{\"@context\":\"https:\/\/schema.org\",\"@graph\":[{\"@type\":\"WebPage\",\"@id\":\"https:\/\/vossenwood.com\/fr\/declaration-daccessibilite\/\",\"url\":\"https:\/\/vossenwood.com\/fr\/declaration-daccessibilite\/\",\"name\":\"D\u00e9claration d'accessibilit\u00e9 - Vossen wood\",\"isPartOf\":{\"@id\":\"https:\/\/vossenwood.com\/fr\/#website\"},\"datePublished\":\"2024-08-06T10:45:17+00:00\",\"dateModified\":\"2024-09-17T06:43:18+00:00\",\"breadcrumb\":{\"@id\":\"https:\/\/vossenwood.com\/fr\/declaration-daccessibilite\/#breadcrumb\"},\"inLanguage\":\"fr-FR\",\"potentialAction\":[{\"@type\":\"ReadAction\",\"target\":[\"https:\/\/vossenwood.com\/fr\/declaration-daccessibilite\/\"]}]},{\"@type\":\"BreadcrumbList\",\"@id\":\"https:\/\/vossenwood.com\/fr\/declaration-daccessibilite\/#breadcrumb\",\"itemListElement\":[{\"@type\":\"ListItem\",\"position\":1,\"name\":\"Inici\",\"item\":\"https:\/\/vossenwood.com\/fr\/\"},{\"@type\":\"ListItem\",\"position\":2,\"name\":\"D\u00e9claration d&#8217;accessibilit\u00e9\"}]},{\"@type\":\"WebSite\",\"@id\":\"https:\/\/vossenwood.com\/fr\/#website\",\"url\":\"https:\/\/vossenwood.com\/fr\/\",\"name\":\"Vossen Wood\",\"description\":\"Handcrafted wood design\",\"publisher\":{\"@id\":\"https:\/\/vossenwood.com\/fr\/#organization\"},\"alternateName\":\"Vossen Wood\",\"potentialAction\":[{\"@type\":\"SearchAction\",\"target\":{\"@type\":\"EntryPoint\",\"urlTemplate\":\"https:\/\/vossenwood.com\/fr\/?s={search_term_string}\"},\"query-input\":{\"@type\":\"PropertyValueSpecification\",\"valueRequired\":true,\"valueName\":\"search_term_string\"}}],\"inLanguage\":\"fr-FR\"},{\"@type\":\"Organization\",\"@id\":\"https:\/\/vossenwood.com\/fr\/#organization\",\"name\":\"Vossen Wood\",\"alternateName\":\"Vossen Wood\",\"url\":\"https:\/\/vossenwood.com\/fr\/\",\"logo\":{\"@type\":\"ImageObject\",\"inLanguage\":\"fr-FR\",\"@id\":\"https:\/\/vossenwood.com\/fr\/#\/schema\/logo\/image\/\",\"url\":\"https:\/\/vossenwood.com\/wp-content\/uploads\/2024\/08\/vossen-header.svg\",\"contentUrl\":\"https:\/\/vossenwood.com\/wp-content\/uploads\/2024\/08\/vossen-header.svg\",\"width\":903,\"height\":253,\"caption\":\"Vossen Wood\"},\"image\":{\"@id\":\"https:\/\/vossenwood.com\/fr\/#\/schema\/logo\/image\/\"},\"sameAs\":[\"https:\/\/www.instagram.com\/vossendavid\/\"]}]}<\/script>\n<!-- \/ Yoast SEO plugin. -->","yoast_head_json":{"title":"D\u00e9claration d'accessibilit\u00e9 - Vossen wood","robots":{"index":"index","follow":"follow","max-snippet":"max-snippet:-1","max-image-preview":"max-image-preview:large","max-video-preview":"max-video-preview:-1"},"canonical":"https:\/\/vossenwood.com\/fr\/declaration-daccessibilite\/","og_locale":"fr_FR","og_type":"article","og_title":"D\u00e9claration d'accessibilit\u00e9 - Vossen wood","og_description":"DAVID VOSSEN s&rsquo;engage \u00e0 garantir l&rsquo;accessibilit\u00e9 num\u00e9rique aux personnes handicap\u00e9es. Nous am\u00e9liorons continuellement l\u2019exp\u00e9rience utilisateur pour chacun et essayons d\u2019appliquer les normes d\u2019accessibilit\u00e9 les plus pertinentes. Nous prenons \u00e9galement cet engagement conform\u00e9ment au d\u00e9cret royal 1112\/2018 du 7 septembre concernant l&rsquo;accessibilit\u00e9 des sites Web et...","og_url":"https:\/\/vossenwood.com\/fr\/declaration-daccessibilite\/","og_site_name":"Vossen wood","article_modified_time":"2024-09-17T06:43:18+00:00","og_image":[{"width":80,"height":66,"url":"https:\/\/vossenwood.com\/wp-content\/uploads\/2024\/08\/favicon.png","type":"image\/png"}],"twitter_card":"summary_large_image","twitter_misc":{"Dur\u00e9e de lecture estim\u00e9e":"3 minutes"},"schema":{"@context":"https:\/\/schema.org","@graph":[{"@type":"WebPage","@id":"https:\/\/vossenwood.com\/fr\/declaration-daccessibilite\/","url":"https:\/\/vossenwood.com\/fr\/declaration-daccessibilite\/","name":"D\u00e9claration d'accessibilit\u00e9 - Vossen wood","isPartOf":{"@id":"https:\/\/vossenwood.com\/fr\/#website"},"datePublished":"2024-08-06T10:45:17+00:00","dateModified":"2024-09-17T06:43:18+00:00","breadcrumb":{"@id":"https:\/\/vossenwood.com\/fr\/declaration-daccessibilite\/#breadcrumb"},"inLanguage":"fr-FR","potentialAction":[{"@type":"ReadAction","target":["https:\/\/vossenwood.com\/fr\/declaration-daccessibilite\/"]}]},{"@type":"BreadcrumbList","@id":"https:\/\/vossenwood.com\/fr\/declaration-daccessibilite\/#breadcrumb","itemListElement":[{"@type":"ListItem","position":1,"name":"Inici","item":"https:\/\/vossenwood.com\/fr\/"},{"@type":"ListItem","position":2,"name":"D\u00e9claration d&#8217;accessibilit\u00e9"}]},{"@type":"WebSite","@id":"https:\/\/vossenwood.com\/fr\/#website","url":"https:\/\/vossenwood.com\/fr\/","name":"Vossen Wood","description":"Handcrafted wood design","publisher":{"@id":"https:\/\/vossenwood.com\/fr\/#organization"},"alternateName":"Vossen Wood","potentialAction":[{"@type":"SearchAction","target":{"@type":"EntryPoint","urlTemplate":"https:\/\/vossenwood.com\/fr\/?s={search_term_string}"},"query-input":{"@type":"PropertyValueSpecification","valueRequired":true,"valueName":"search_term_string"}}],"inLanguage":"fr-FR"},{"@type":"Organization","@id":"https:\/\/vossenwood.com\/fr\/#organization","name":"Vossen Wood","alternateName":"Vossen Wood","url":"https:\/\/vossenwood.com\/fr\/","logo":{"@type":"ImageObject","inLanguage":"fr-FR","@id":"https:\/\/vossenwood.com\/fr\/#\/schema\/logo\/image\/","url":"https:\/\/vossenwood.com\/wp-content\/uploads\/2024\/08\/vossen-header.svg","contentUrl":"https:\/\/vossenwood.com\/wp-content\/uploads\/2024\/08\/vossen-header.svg","width":903,"height":253,"caption":"Vossen Wood"},"image":{"@id":"https:\/\/vossenwood.com\/fr\/#\/schema\/logo\/image\/"},"sameAs":["https:\/\/www.instagram.com\/vossendavid\/"]}]}},"_links":{"self":[{"href":"https:\/\/vossenwood.com\/fr\/wp-json\/wp\/v2\/pages\/7353","targetHints":{"allow":["GET"]}}],"collection":[{"href":"https:\/\/vossenwood.com\/fr\/wp-json\/wp\/v2\/pages"}],"about":[{"href":"https:\/\/vossenwood.com\/fr\/wp-json\/wp\/v2\/types\/page"}],"author":[{"embeddable":true,"href":"https:\/\/vossenwood.com\/fr\/wp-json\/wp\/v2\/users\/1"}],"replies":[{"embeddable":true,"href":"https:\/\/vossenwood.com\/fr\/wp-json\/wp\/v2\/comments?post=7353"}],"version-history":[{"count":0,"href":"https:\/\/vossenwood.com\/fr\/wp-json\/wp\/v2\/pages\/7353\/revisions"}],"wp:attachment":[{"href":"https:\/\/vossenwood.com\/fr\/wp-json\/wp\/v2\/media?parent=7353"}],"curies":[{"name":"wp","href":"https:\/\/api.w.org\/{rel}","templated":true}]}}