{"id":7342,"date":"2023-11-02T09:09:49","date_gmt":"2023-11-02T07:09:49","guid":{"rendered":"https:\/\/vossenwood.com\/about-me\/"},"modified":"2025-07-30T09:28:52","modified_gmt":"2025-07-30T07:28:52","slug":"a-propos","status":"publish","type":"page","link":"https:\/\/vossenwood.com\/fr\/a-propos\/","title":{"rendered":"A Propos"},"content":{"rendered":"\t\t<div data-elementor-type=\"wp-page\" data-elementor-id=\"7342\" class=\"elementor elementor-7342 elementor-4994\" data-elementor-post-type=\"page\">\n\t\t\t\t<div class=\"elementor-element elementor-element-8730421 e-con-full e-flex parallax_section_no qode_elementor_container_no e-con e-parent\" data-id=\"8730421\" data-element_type=\"container\">\n\t\t<div class=\"elementor-element elementor-element-8088c54 e-con-full e-flex parallax_section_no qode_elementor_container_no e-con e-child\" data-id=\"8088c54\" data-element_type=\"container\">\n\t\t\t\t<div class=\"elementor-element elementor-element-6d821ae elementor-absolute elementor-hidden-tablet elementor-hidden-mobile elementor-widget elementor-widget-bridge_vertical_separator\" data-id=\"6d821ae\" data-element_type=\"widget\" data-settings=\"{&quot;_position&quot;:&quot;absolute&quot;}\" data-widget_type=\"bridge_vertical_separator.default\">\n\t\t\t\t<div class=\"elementor-widget-container\">\n\t\t\t\t\t<div class=\"qode_vertical_separator\" style=\"height: 500px;width: 1px;background-color: #ECE8E5\">\n<\/div>\t\t\t\t<\/div>\n\t\t\t\t<\/div>\n\t\t\t\t<div class=\"elementor-element elementor-element-d7cf327 elementor-absolute elementor-hidden-tablet elementor-hidden-mobile elementor-widget elementor-widget-bridge_vertical_separator\" data-id=\"d7cf327\" data-element_type=\"widget\" data-settings=\"{&quot;_position&quot;:&quot;absolute&quot;}\" data-widget_type=\"bridge_vertical_separator.default\">\n\t\t\t\t<div class=\"elementor-widget-container\">\n\t\t\t\t\t<div class=\"qode_vertical_separator\" style=\"height: 500px;width: 1px;background-color: #ECE8E5\">\n<\/div>\t\t\t\t<\/div>\n\t\t\t\t<\/div>\n\t\t<div class=\"elementor-element elementor-element-8ecb906 e-con-full qode_elementor_container_inner e-flex parallax_section_no e-con e-child\" data-id=\"8ecb906\" data-element_type=\"container\">\n\t\t\t\t<div class=\"elementor-element elementor-element-396405c elementor-widget elementor-widget-heading\" data-id=\"396405c\" data-element_type=\"widget\" data-widget_type=\"heading.default\">\n\t\t\t\t<div class=\"elementor-widget-container\">\n\t\t\t\t\t<h1 class=\"elementor-heading-title elementor-size-default\">A Propos<\/h1>\t\t\t\t<\/div>\n\t\t\t\t<\/div>\n\t\t<div class=\"elementor-element elementor-element-4e8a187 e-grid e-con-full parallax_section_no qode_elementor_container_no e-con e-child\" data-id=\"4e8a187\" data-element_type=\"container\">\n\t\t\t\t<div class=\"elementor-element elementor-element-9405a5b elementor-widget__width-initial elementor-widget elementor-widget-text-editor\" data-id=\"9405a5b\" data-element_type=\"widget\" data-widget_type=\"text-editor.default\">\n\t\t\t\t<div class=\"elementor-widget-container\">\n\t\t\t\t\t\t\t\t\t<p>Salut. Je m&rsquo;appelle David Vossen, \u00e9b\u00e9niste et menuisier belge vivant en Catalogne, dans le nord de l&rsquo;Espagne. L&rsquo;art et le mouvement ont toujours fait partie de ma vie. Mon objectif professionnel<\/p>\t\t\t\t\t\t\t\t<\/div>\n\t\t\t\t<\/div>\n\t\t\t\t<div class=\"elementor-element elementor-element-af9c437 elementor-widget__width-initial elementor-widget elementor-widget-text-editor\" data-id=\"af9c437\" data-element_type=\"widget\" data-widget_type=\"text-editor.default\">\n\t\t\t\t<div class=\"elementor-widget-container\">\n\t\t\t\t\t\t\t\t\test de transposer cette exp\u00e9rience dans et via le bois que j&rsquo;utilise, alliant esth\u00e9tique et fonctionnalit\u00e9. Cr\u00e9er des pi\u00e8ces uniques en bois est ma passion!\t\t\t\t\t\t\t\t<\/div>\n\t\t\t\t<\/div>\n\t\t\t\t<\/div>\n\t\t\t\t<\/div>\n\t\t\t\t<\/div>\n\t\t\t\t<\/div>\n\t\t<div class=\"elementor-element elementor-element-3dc296d e-con-full e-flex parallax_section_no qode_elementor_container_no e-con e-parent\" data-id=\"3dc296d\" data-element_type=\"container\" data-settings=\"{&quot;background_background&quot;:&quot;classic&quot;}\">\n\t\t\t\t<div class=\"elementor-element elementor-element-0f20077 elementor-absolute elementor-hidden-tablet elementor-hidden-mobile elementor-widget elementor-widget-bridge_vertical_separator\" data-id=\"0f20077\" data-element_type=\"widget\" data-settings=\"{&quot;_position&quot;:&quot;absolute&quot;}\" data-widget_type=\"bridge_vertical_separator.default\">\n\t\t\t\t<div class=\"elementor-widget-container\">\n\t\t\t\t\t<div class=\"qode_vertical_separator\" style=\"height: 500px;width: 1px;background-color: #FFFFFF\">\n<\/div>\t\t\t\t<\/div>\n\t\t\t\t<\/div>\n\t\t\t\t<div class=\"elementor-element elementor-element-eec78fd elementor-absolute elementor-hidden-tablet elementor-hidden-mobile elementor-widget elementor-widget-bridge_vertical_separator\" data-id=\"eec78fd\" data-element_type=\"widget\" data-settings=\"{&quot;_position&quot;:&quot;absolute&quot;}\" data-widget_type=\"bridge_vertical_separator.default\">\n\t\t\t\t<div class=\"elementor-widget-container\">\n\t\t\t\t\t<div class=\"qode_vertical_separator\" style=\"height: 500px;width: 1px;background-color: #FFFFFF\">\n<\/div>\t\t\t\t<\/div>\n\t\t\t\t<\/div>\n\t\t\t\t<\/div>\n\t\t<div class=\"elementor-element elementor-element-7ab2a4f e-con-full e-flex parallax_section_no qode_elementor_container_no e-con e-parent\" data-id=\"7ab2a4f\" data-element_type=\"container\">\n\t\t\t\t<div class=\"elementor-element elementor-element-5eee4c7 elementor-absolute elementor-hidden-tablet elementor-hidden-mobile elementor-widget elementor-widget-bridge_vertical_separator\" data-id=\"5eee4c7\" data-element_type=\"widget\" data-settings=\"{&quot;_position&quot;:&quot;absolute&quot;}\" data-widget_type=\"bridge_vertical_separator.default\">\n\t\t\t\t<div class=\"elementor-widget-container\">\n\t\t\t\t\t<div class=\"qode_vertical_separator\" style=\"height: 1000px;width: 1px;background-color: #ECE8E5\">\n<\/div>\t\t\t\t<\/div>\n\t\t\t\t<\/div>\n\t\t\t\t<div class=\"elementor-element elementor-element-4487583 elementor-absolute elementor-hidden-tablet elementor-hidden-mobile elementor-widget elementor-widget-bridge_vertical_separator\" data-id=\"4487583\" data-element_type=\"widget\" data-settings=\"{&quot;_position&quot;:&quot;absolute&quot;}\" data-widget_type=\"bridge_vertical_separator.default\">\n\t\t\t\t<div class=\"elementor-widget-container\">\n\t\t\t\t\t<div class=\"qode_vertical_separator\" style=\"height: 1000px;width: 1px;background-color: #ECE8E5\">\n<\/div>\t\t\t\t<\/div>\n\t\t\t\t<\/div>\n\t\t<div class=\"elementor-element elementor-element-0d037da e-con-full qode_elementor_container_inner e-flex parallax_section_no e-con e-child\" data-id=\"0d037da\" data-element_type=\"container\">\n\t\t<div class=\"elementor-element elementor-element-254db51 e-con-full e-flex parallax_section_no qode_elementor_container_no e-con e-child\" data-id=\"254db51\" data-element_type=\"container\">\n\t\t\t\t<div class=\"elementor-element elementor-element-1d3060e elementor-widget elementor-widget-image\" data-id=\"1d3060e\" data-element_type=\"widget\" data-widget_type=\"image.default\">\n\t\t\t\t<div class=\"elementor-widget-container\">\n\t\t\t\t\t\t\t\t\t\t\t\t\t\t\t<img fetchpriority=\"high\" decoding=\"async\" width=\"624\" height=\"783\" src=\"https:\/\/vossenwood.com\/wp-content\/uploads\/2024\/08\/02-about-me.jpg\" class=\"attachment-full size-full wp-image-7591\" alt=\"\" srcset=\"https:\/\/vossenwood.com\/wp-content\/uploads\/2024\/08\/02-about-me.jpg 624w, https:\/\/vossenwood.com\/wp-content\/uploads\/2024\/08\/02-about-me-239x300.jpg 239w\" sizes=\"(max-width: 624px) 100vw, 624px\" \/>\t\t\t\t\t\t\t\t\t\t\t\t\t\t\t<\/div>\n\t\t\t\t<\/div>\n\t\t\t\t<\/div>\n\t\t<div class=\"elementor-element elementor-element-03c0a45 e-con-full e-flex parallax_section_no qode_elementor_container_no e-con e-child\" data-id=\"03c0a45\" data-element_type=\"container\">\n\t\t\t\t<div class=\"elementor-element elementor-element-6100c61 elementor-widget elementor-widget-bridge_vertical_separator\" data-id=\"6100c61\" data-element_type=\"widget\" data-widget_type=\"bridge_vertical_separator.default\">\n\t\t\t\t<div class=\"elementor-widget-container\">\n\t\t\t\t\t<div class=\"qode_vertical_separator\" style=\"height: 34px;width: 1px;background-color: #000000\">\n<\/div>\t\t\t\t<\/div>\n\t\t\t\t<\/div>\n\t\t\t\t<div class=\"elementor-element elementor-element-9dfb231 elementor-widget__width-auto elementor-widget elementor-widget-text-editor\" data-id=\"9dfb231\" data-element_type=\"widget\" data-widget_type=\"text-editor.default\">\n\t\t\t\t<div class=\"elementor-widget-container\">\n\t\t\t\t\t\t\t\t\t<h6 style=\"transform: rotate(-90deg);\">a propos<\/h6>\t\t\t\t\t\t\t\t<\/div>\n\t\t\t\t<\/div>\n\t\t\t\t<div class=\"elementor-element elementor-element-8958e7f elementor-widget__width-inherit elementor-widget elementor-widget-text-editor\" data-id=\"8958e7f\" data-element_type=\"widget\" data-widget_type=\"text-editor.default\">\n\t\t\t\t<div class=\"elementor-widget-container\">\n\t\t\t\t\t\t\t\t\tRacines Belges et \u00c9cossaises\t\t\t\t\t\t\t\t<\/div>\n\t\t\t\t<\/div>\n\t\t\t\t<div class=\"elementor-element elementor-element-9d4ee40 elementor-widget__width-initial elementor-widget-tablet__width-inherit elementor-widget elementor-widget-text-editor\" data-id=\"9d4ee40\" data-element_type=\"widget\" data-widget_type=\"text-editor.default\">\n\t\t\t\t<div class=\"elementor-widget-container\">\n\t\t\t\t\t\t\t\t\t<p>Je suis originaire de Belgique, o\u00f9 mon amour du th\u00e9\u00e2tre et du mouvement est n\u00e9 de mes racines belges et \u00e9cossaises. Ces racines artistiques m&rsquo;ont amen\u00e9 \u00e0 parcourir le monde pendant 15 ans. Durant cette p\u00e9riode j&rsquo;ai explor\u00e9 diff\u00e9rents arts et cultures. J\u2019ai acquis une compr\u00e9hension tr\u00e8s large de ce que signifie l\u2019essentiel.<\/p><p>\u00a0<\/p><p>Je vis en Catalogne quelques ann\u00e9es, j&rsquo;ai pu y d\u00e9velopper et exprimer mon amour pour le travail du bois. Apr\u00e8s avoir obtenu mon dipl\u00f4me de conception d&rsquo;objets et de meubles \u00e0 l&rsquo;Emad, en Catalogne, j&rsquo;ai ouvert mon propre atelier afin de pouvoir travailler et fa\u00e7onner le bois de la mani\u00e8re qui me semble faire ressortir le meilleur de l&rsquo;\u00e9l\u00e9ment.<\/p>\t\t\t\t\t\t\t\t<\/div>\n\t\t\t\t<\/div>\n\t\t\t\t<\/div>\n\t\t\t\t<\/div>\n\t\t\t\t<\/div>\n\t\t<div class=\"elementor-element elementor-element-090823e e-con-full e-flex parallax_section_no qode_elementor_container_no e-con e-parent\" data-id=\"090823e\" data-element_type=\"container\" data-settings=\"{&quot;background_background&quot;:&quot;classic&quot;}\">\n\t\t\t\t<div class=\"elementor-element elementor-element-4be9b60 elementor-absolute elementor-hidden-tablet elementor-hidden-mobile elementor-widget elementor-widget-bridge_vertical_separator\" data-id=\"4be9b60\" data-element_type=\"widget\" data-settings=\"{&quot;_position&quot;:&quot;absolute&quot;}\" data-widget_type=\"bridge_vertical_separator.default\">\n\t\t\t\t<div class=\"elementor-widget-container\">\n\t\t\t\t\t<div class=\"qode_vertical_separator\" style=\"height: 500px;width: 1px;background-color: #FFFFFF\">\n<\/div>\t\t\t\t<\/div>\n\t\t\t\t<\/div>\n\t\t\t\t<div class=\"elementor-element elementor-element-0d1abc9 elementor-absolute elementor-hidden-tablet elementor-hidden-mobile elementor-widget elementor-widget-bridge_vertical_separator\" data-id=\"0d1abc9\" data-element_type=\"widget\" data-settings=\"{&quot;_position&quot;:&quot;absolute&quot;}\" data-widget_type=\"bridge_vertical_separator.default\">\n\t\t\t\t<div class=\"elementor-widget-container\">\n\t\t\t\t\t<div class=\"qode_vertical_separator\" style=\"height: 500px;width: 1px;background-color: #FFFFFF\">\n<\/div>\t\t\t\t<\/div>\n\t\t\t\t<\/div>\n\t\t\t\t<\/div>\n\t\t<div class=\"elementor-element elementor-element-2d2eaf7 e-flex e-con-boxed parallax_section_no qode_elementor_container_no e-con e-parent\" data-id=\"2d2eaf7\" data-element_type=\"container\">\n\t\t\t\t\t<div class=\"e-con-inner\">\n\t\t<div class=\"elementor-element elementor-element-f53cc1f e-grid e-con-full parallax_section_no qode_elementor_container_no e-con e-child\" data-id=\"f53cc1f\" data-element_type=\"container\">\n\t\t\t\t<div class=\"elementor-element elementor-element-ee38b77 elementor-widget__width-initial elementor-widget-tablet__width-inherit elementor-widget elementor-widget-text-editor\" data-id=\"ee38b77\" data-element_type=\"widget\" data-widget_type=\"text-editor.default\">\n\t\t\t\t<div class=\"elementor-widget-container\">\n\t\t\t\t\t\t\t\t\t<p>Mon atelier se situe \u00e0 Sant Esteve d\u2019en Bas, un petit village de la belle r\u00e9gion verte et volcanique de La Garrotxa. Ici, je produis des objets et des meubles uniques. J&rsquo;utilise des essences d&rsquo;arbres locales lorsque je le peux et des finitions respectueuses de l&rsquo;environnement. Le bois est envisag\u00e9 comme un mat\u00e9riau vivant et est consid\u00e9r\u00e9 \u00e0 toutes ses \u00e9tapes afin d\u2019atteindre le plus haut standard de qualit\u00e9.<\/p><p>\u00a0<\/p><p>J&rsquo;utilise le plus souvent possible les techniques de menuiserie traditionnelle afin de perp\u00e9tuer les traditions ancestrales. Mais ce qui est encore plus important \u00e0 mes yeux, est que ces techniques traditionnelles garantissent que l&rsquo;essence m\u00eame du bois interagit avec la m\u00e9canique des joints pour garantir des structures solides et durables.<\/p>\t\t\t\t\t\t\t\t<\/div>\n\t\t\t\t<\/div>\n\t\t\t\t<div class=\"elementor-element elementor-element-18dcfdb elementor-widget elementor-widget-image\" data-id=\"18dcfdb\" data-element_type=\"widget\" data-widget_type=\"image.default\">\n\t\t\t\t<div class=\"elementor-widget-container\">\n\t\t\t\t\t\t\t\t\t\t\t\t\t\t\t<img decoding=\"async\" width=\"843\" height=\"587\" src=\"https:\/\/vossenwood.com\/wp-content\/uploads\/2024\/08\/04-about-me.jpg\" class=\"attachment-large size-large wp-image-7593\" alt=\"\" srcset=\"https:\/\/vossenwood.com\/wp-content\/uploads\/2024\/08\/04-about-me.jpg 843w, https:\/\/vossenwood.com\/wp-content\/uploads\/2024\/08\/04-about-me-300x209.jpg 300w, https:\/\/vossenwood.com\/wp-content\/uploads\/2024\/08\/04-about-me-768x535.jpg 768w, https:\/\/vossenwood.com\/wp-content\/uploads\/2024\/08\/04-about-me-700x487.jpg 700w\" sizes=\"(max-width: 843px) 100vw, 843px\" \/>\t\t\t\t\t\t\t\t\t\t\t\t\t\t\t<\/div>\n\t\t\t\t<\/div>\n\t\t\t\t<\/div>\n\t\t\t\t\t<\/div>\n\t\t\t\t<\/div>\n\t\t<div class=\"elementor-element elementor-element-da3475e e-flex e-con-boxed parallax_section_no qode_elementor_container_no e-con e-parent\" data-id=\"da3475e\" data-element_type=\"container\">\n\t\t\t\t\t<div class=\"e-con-inner\">\n\t\t<div class=\"elementor-element elementor-element-6096c57 e-grid e-con-full parallax_section_no qode_elementor_container_no e-con e-child\" data-id=\"6096c57\" data-element_type=\"container\">\n\t\t\t\t<div class=\"elementor-element elementor-element-61d7808 elementor-widget elementor-widget-image\" data-id=\"61d7808\" data-element_type=\"widget\" data-widget_type=\"image.default\">\n\t\t\t\t<div class=\"elementor-widget-container\">\n\t\t\t\t\t\t\t\t\t\t\t\t\t\t\t<img decoding=\"async\" width=\"843\" height=\"587\" src=\"https:\/\/vossenwood.com\/wp-content\/uploads\/2024\/08\/05-about-me.jpg\" class=\"attachment-large size-large wp-image-7594\" alt=\"\" srcset=\"https:\/\/vossenwood.com\/wp-content\/uploads\/2024\/08\/05-about-me.jpg 843w, https:\/\/vossenwood.com\/wp-content\/uploads\/2024\/08\/05-about-me-300x209.jpg 300w, https:\/\/vossenwood.com\/wp-content\/uploads\/2024\/08\/05-about-me-768x535.jpg 768w, https:\/\/vossenwood.com\/wp-content\/uploads\/2024\/08\/05-about-me-700x487.jpg 700w\" sizes=\"(max-width: 843px) 100vw, 843px\" \/>\t\t\t\t\t\t\t\t\t\t\t\t\t\t\t<\/div>\n\t\t\t\t<\/div>\n\t\t\t\t<div class=\"elementor-element elementor-element-46f8bbf elementor-widget__width-initial elementor-widget-tablet__width-inherit elementor-widget elementor-widget-text-editor\" data-id=\"46f8bbf\" data-element_type=\"widget\" data-widget_type=\"text-editor.default\">\n\t\t\t\t<div class=\"elementor-widget-container\">\n\t\t\t\t\t\t\t\t\t<p>Pour moi, le design signifie l\u2019union de l\u2019esth\u00e9tique et de la fonctionnalit\u00e9. La synergie entre les deux \u00e9l\u00e8ve un objet ou un meuble d&rsquo;une position purement utilitaire \u00e0 une interpr\u00e9tation artistique de son utilisation. J&rsquo;utilise la technologie informatique moderne pour soutenir le processus cr\u00e9atif au moyen de dessins techniques et de plans 2D et 3D.<\/p><p>\u00a0<\/p><p>Gr\u00e2ce \u00e0 mes nombreux voyages \u00e0 travers le monde, je suis en mesure d&rsquo;\u00e9changer sur vos projets en plusieurs langues (fran\u00e7ais, anglais, espagnol (catalan et castellan), et dans une moindre mesure en allemand, n\u00e9erlandais et italien).<\/p><p>\u00a0<\/p><p>N&rsquo;h\u00e9sitez pas \u00e0 me contacter pour discuter de vos id\u00e9es. Nous pouvons former une \u00e9quipe pour faire de votre projet r\u00eav\u00e9 une r\u00e9alit\u00e9.<\/p>\t\t\t\t\t\t\t\t<\/div>\n\t\t\t\t<\/div>\n\t\t\t\t<\/div>\n\t\t\t\t\t<\/div>\n\t\t\t\t<\/div>\n\t\t\t\t<\/div>\n\t\t","protected":false},"excerpt":{"rendered":"<p>A Propos Salut. Je m&rsquo;appelle David Vossen, \u00e9b\u00e9niste et menuisier belge vivant en Catalogne, dans le nord de l&rsquo;Espagne. L&rsquo;art et le mouvement ont toujours fait partie de ma vie. Mon objectif professionnel est de transposer cette exp\u00e9rience dans et via le bois que j&rsquo;utilise,&#8230;<\/p>\n","protected":false},"author":1,"featured_media":0,"parent":0,"menu_order":0,"comment_status":"closed","ping_status":"closed","template":"full_width.php","meta":{"footnotes":""},"class_list":["post-7342","page","type-page","status-publish","hentry"],"yoast_head":"<!-- This site is optimized with the Yoast SEO plugin v26.8 - https:\/\/yoast.com\/product\/yoast-seo-wordpress\/ -->\n<title>A Propos - Vossen wood<\/title>\n<meta name=\"robots\" content=\"index, follow, max-snippet:-1, max-image-preview:large, max-video-preview:-1\" \/>\n<link rel=\"canonical\" href=\"https:\/\/vossenwood.com\/fr\/a-propos\/\" \/>\n<meta property=\"og:locale\" content=\"fr_FR\" \/>\n<meta property=\"og:type\" content=\"article\" \/>\n<meta property=\"og:title\" content=\"A Propos - Vossen wood\" \/>\n<meta property=\"og:description\" content=\"A Propos Salut. Je m&rsquo;appelle David Vossen, \u00e9b\u00e9niste et menuisier belge vivant en Catalogne, dans le nord de l&rsquo;Espagne. L&rsquo;art et le mouvement ont toujours fait partie de ma vie. Mon objectif professionnel est de transposer cette exp\u00e9rience dans et via le bois que j&rsquo;utilise,...\" \/>\n<meta property=\"og:url\" content=\"https:\/\/vossenwood.com\/fr\/a-propos\/\" \/>\n<meta property=\"og:site_name\" content=\"Vossen wood\" \/>\n<meta property=\"article:modified_time\" content=\"2025-07-30T07:28:52+00:00\" \/>\n<meta property=\"og:image\" content=\"https:\/\/vossenwood.com\/wp-content\/uploads\/2024\/08\/02-about-me.jpg\" \/>\n\t<meta property=\"og:image:width\" content=\"624\" \/>\n\t<meta property=\"og:image:height\" content=\"783\" \/>\n\t<meta property=\"og:image:type\" content=\"image\/jpeg\" \/>\n<meta name=\"twitter:card\" content=\"summary_large_image\" \/>\n<meta name=\"twitter:label1\" content=\"Dur\u00e9e de lecture estim\u00e9e\" \/>\n\t<meta name=\"twitter:data1\" content=\"3 minutes\" \/>\n<script type=\"application\/ld+json\" class=\"yoast-schema-graph\">{\"@context\":\"https:\/\/schema.org\",\"@graph\":[{\"@type\":\"WebPage\",\"@id\":\"https:\/\/vossenwood.com\/fr\/a-propos\/\",\"url\":\"https:\/\/vossenwood.com\/fr\/a-propos\/\",\"name\":\"A Propos - Vossen wood\",\"isPartOf\":{\"@id\":\"https:\/\/vossenwood.com\/fr\/#website\"},\"primaryImageOfPage\":{\"@id\":\"https:\/\/vossenwood.com\/fr\/a-propos\/#primaryimage\"},\"image\":{\"@id\":\"https:\/\/vossenwood.com\/fr\/a-propos\/#primaryimage\"},\"thumbnailUrl\":\"https:\/\/vossenwood.com\/wp-content\/uploads\/2024\/08\/02-about-me.jpg\",\"datePublished\":\"2023-11-02T07:09:49+00:00\",\"dateModified\":\"2025-07-30T07:28:52+00:00\",\"breadcrumb\":{\"@id\":\"https:\/\/vossenwood.com\/fr\/a-propos\/#breadcrumb\"},\"inLanguage\":\"fr-FR\",\"potentialAction\":[{\"@type\":\"ReadAction\",\"target\":[\"https:\/\/vossenwood.com\/fr\/a-propos\/\"]}]},{\"@type\":\"ImageObject\",\"inLanguage\":\"fr-FR\",\"@id\":\"https:\/\/vossenwood.com\/fr\/a-propos\/#primaryimage\",\"url\":\"https:\/\/vossenwood.com\/wp-content\/uploads\/2024\/08\/02-about-me.jpg\",\"contentUrl\":\"https:\/\/vossenwood.com\/wp-content\/uploads\/2024\/08\/02-about-me.jpg\"},{\"@type\":\"BreadcrumbList\",\"@id\":\"https:\/\/vossenwood.com\/fr\/a-propos\/#breadcrumb\",\"itemListElement\":[{\"@type\":\"ListItem\",\"position\":1,\"name\":\"Inici\",\"item\":\"https:\/\/vossenwood.com\/fr\/\"},{\"@type\":\"ListItem\",\"position\":2,\"name\":\"A Propos\"}]},{\"@type\":\"WebSite\",\"@id\":\"https:\/\/vossenwood.com\/fr\/#website\",\"url\":\"https:\/\/vossenwood.com\/fr\/\",\"name\":\"Vossen Wood\",\"description\":\"Handcrafted wood design\",\"publisher\":{\"@id\":\"https:\/\/vossenwood.com\/fr\/#organization\"},\"alternateName\":\"Vossen Wood\",\"potentialAction\":[{\"@type\":\"SearchAction\",\"target\":{\"@type\":\"EntryPoint\",\"urlTemplate\":\"https:\/\/vossenwood.com\/fr\/?s={search_term_string}\"},\"query-input\":{\"@type\":\"PropertyValueSpecification\",\"valueRequired\":true,\"valueName\":\"search_term_string\"}}],\"inLanguage\":\"fr-FR\"},{\"@type\":\"Organization\",\"@id\":\"https:\/\/vossenwood.com\/fr\/#organization\",\"name\":\"Vossen Wood\",\"alternateName\":\"Vossen Wood\",\"url\":\"https:\/\/vossenwood.com\/fr\/\",\"logo\":{\"@type\":\"ImageObject\",\"inLanguage\":\"fr-FR\",\"@id\":\"https:\/\/vossenwood.com\/fr\/#\/schema\/logo\/image\/\",\"url\":\"https:\/\/vossenwood.com\/wp-content\/uploads\/2024\/08\/vossen-header.svg\",\"contentUrl\":\"https:\/\/vossenwood.com\/wp-content\/uploads\/2024\/08\/vossen-header.svg\",\"width\":903,\"height\":253,\"caption\":\"Vossen Wood\"},\"image\":{\"@id\":\"https:\/\/vossenwood.com\/fr\/#\/schema\/logo\/image\/\"},\"sameAs\":[\"https:\/\/www.instagram.com\/vossendavid\/\"]}]}<\/script>\n<!-- \/ Yoast SEO plugin. -->","yoast_head_json":{"title":"A Propos - Vossen wood","robots":{"index":"index","follow":"follow","max-snippet":"max-snippet:-1","max-image-preview":"max-image-preview:large","max-video-preview":"max-video-preview:-1"},"canonical":"https:\/\/vossenwood.com\/fr\/a-propos\/","og_locale":"fr_FR","og_type":"article","og_title":"A Propos - Vossen wood","og_description":"A Propos Salut. Je m&rsquo;appelle David Vossen, \u00e9b\u00e9niste et menuisier belge vivant en Catalogne, dans le nord de l&rsquo;Espagne. L&rsquo;art et le mouvement ont toujours fait partie de ma vie. Mon objectif professionnel est de transposer cette exp\u00e9rience dans et via le bois que j&rsquo;utilise,...","og_url":"https:\/\/vossenwood.com\/fr\/a-propos\/","og_site_name":"Vossen wood","article_modified_time":"2025-07-30T07:28:52+00:00","og_image":[{"width":624,"height":783,"url":"https:\/\/vossenwood.com\/wp-content\/uploads\/2024\/08\/02-about-me.jpg","type":"image\/jpeg"}],"twitter_card":"summary_large_image","twitter_misc":{"Dur\u00e9e de lecture estim\u00e9e":"3 minutes"},"schema":{"@context":"https:\/\/schema.org","@graph":[{"@type":"WebPage","@id":"https:\/\/vossenwood.com\/fr\/a-propos\/","url":"https:\/\/vossenwood.com\/fr\/a-propos\/","name":"A Propos - Vossen wood","isPartOf":{"@id":"https:\/\/vossenwood.com\/fr\/#website"},"primaryImageOfPage":{"@id":"https:\/\/vossenwood.com\/fr\/a-propos\/#primaryimage"},"image":{"@id":"https:\/\/vossenwood.com\/fr\/a-propos\/#primaryimage"},"thumbnailUrl":"https:\/\/vossenwood.com\/wp-content\/uploads\/2024\/08\/02-about-me.jpg","datePublished":"2023-11-02T07:09:49+00:00","dateModified":"2025-07-30T07:28:52+00:00","breadcrumb":{"@id":"https:\/\/vossenwood.com\/fr\/a-propos\/#breadcrumb"},"inLanguage":"fr-FR","potentialAction":[{"@type":"ReadAction","target":["https:\/\/vossenwood.com\/fr\/a-propos\/"]}]},{"@type":"ImageObject","inLanguage":"fr-FR","@id":"https:\/\/vossenwood.com\/fr\/a-propos\/#primaryimage","url":"https:\/\/vossenwood.com\/wp-content\/uploads\/2024\/08\/02-about-me.jpg","contentUrl":"https:\/\/vossenwood.com\/wp-content\/uploads\/2024\/08\/02-about-me.jpg"},{"@type":"BreadcrumbList","@id":"https:\/\/vossenwood.com\/fr\/a-propos\/#breadcrumb","itemListElement":[{"@type":"ListItem","position":1,"name":"Inici","item":"https:\/\/vossenwood.com\/fr\/"},{"@type":"ListItem","position":2,"name":"A Propos"}]},{"@type":"WebSite","@id":"https:\/\/vossenwood.com\/fr\/#website","url":"https:\/\/vossenwood.com\/fr\/","name":"Vossen Wood","description":"Handcrafted wood design","publisher":{"@id":"https:\/\/vossenwood.com\/fr\/#organization"},"alternateName":"Vossen Wood","potentialAction":[{"@type":"SearchAction","target":{"@type":"EntryPoint","urlTemplate":"https:\/\/vossenwood.com\/fr\/?s={search_term_string}"},"query-input":{"@type":"PropertyValueSpecification","valueRequired":true,"valueName":"search_term_string"}}],"inLanguage":"fr-FR"},{"@type":"Organization","@id":"https:\/\/vossenwood.com\/fr\/#organization","name":"Vossen Wood","alternateName":"Vossen Wood","url":"https:\/\/vossenwood.com\/fr\/","logo":{"@type":"ImageObject","inLanguage":"fr-FR","@id":"https:\/\/vossenwood.com\/fr\/#\/schema\/logo\/image\/","url":"https:\/\/vossenwood.com\/wp-content\/uploads\/2024\/08\/vossen-header.svg","contentUrl":"https:\/\/vossenwood.com\/wp-content\/uploads\/2024\/08\/vossen-header.svg","width":903,"height":253,"caption":"Vossen Wood"},"image":{"@id":"https:\/\/vossenwood.com\/fr\/#\/schema\/logo\/image\/"},"sameAs":["https:\/\/www.instagram.com\/vossendavid\/"]}]}},"_links":{"self":[{"href":"https:\/\/vossenwood.com\/fr\/wp-json\/wp\/v2\/pages\/7342","targetHints":{"allow":["GET"]}}],"collection":[{"href":"https:\/\/vossenwood.com\/fr\/wp-json\/wp\/v2\/pages"}],"about":[{"href":"https:\/\/vossenwood.com\/fr\/wp-json\/wp\/v2\/types\/page"}],"author":[{"embeddable":true,"href":"https:\/\/vossenwood.com\/fr\/wp-json\/wp\/v2\/users\/1"}],"replies":[{"embeddable":true,"href":"https:\/\/vossenwood.com\/fr\/wp-json\/wp\/v2\/comments?post=7342"}],"version-history":[{"count":0,"href":"https:\/\/vossenwood.com\/fr\/wp-json\/wp\/v2\/pages\/7342\/revisions"}],"wp:attachment":[{"href":"https:\/\/vossenwood.com\/fr\/wp-json\/wp\/v2\/media?parent=7342"}],"curies":[{"name":"wp","href":"https:\/\/api.w.org\/{rel}","templated":true}]}}