{"id":7302,"date":"2024-08-06T12:45:46","date_gmt":"2024-08-06T10:45:46","guid":{"rendered":"https:\/\/vossenwood.com\/privacy-policy\/"},"modified":"2024-09-03T11:36:02","modified_gmt":"2024-09-03T09:36:02","slug":"politica-de-privacidad","status":"publish","type":"page","link":"https:\/\/vossenwood.com\/es\/politica-de-privacidad\/","title":{"rendered":"Pol\u00edtica de privacidad"},"content":{"rendered":"\t\t<div data-elementor-type=\"wp-page\" data-elementor-id=\"7302\" class=\"elementor elementor-7302 elementor-6636\" data-elementor-post-type=\"page\">\n\t\t\t\t<div class=\"elementor-element elementor-element-0a95d4a e-flex e-con-boxed parallax_section_no qode_elementor_container_no e-con e-parent\" data-id=\"0a95d4a\" data-element_type=\"container\">\n\t\t\t\t\t<div class=\"e-con-inner\">\n\t\t\t\t<div class=\"elementor-element elementor-element-9311313 elementor-widget elementor-widget-text-editor\" data-id=\"9311313\" data-element_type=\"widget\" data-widget_type=\"text-editor.default\">\n\t\t\t\t<div class=\"elementor-widget-container\">\n\t\t\t\t\t\t\t\t\t<div>De acuerdo a lo establecido en la Ley Org\u00e1nica 15\/1999, de 13 de diciembre, de Protecci\u00f3n de Datos de Car\u00e1cter Personal, ) i el Reglamento Europeo 2016\/680 del parlamento Europeo de 27 d\u2019Abril, David Vossen comunica que los datos personales que el usuario facilite durante todo el proceso, incluida su direcci\u00f3n de correo electr\u00f3nico y todos aquellos datos personales a los que la empresa acceda durante la navegaci\u00f3n, ser\u00e1n tratados en fichero \/ si siempre de acuerdo con la legislaci\u00f3n vigente.<br \/><br \/><\/div><div>La informaci\u00f3n que pueda ser remitida a David Vossen incorporar\u00e1 a sus sistemas de informaci\u00f3n y \u00fanicamente ser\u00e1 utilizada para los fines para las que fue recogida.<br \/><br \/><\/div><div>David Vossen le informa que sus datos personales est\u00e1n en nuestros archivos Manuales o Informatizados, que respetamos la confidencialidad en la informaci\u00f3n facilitada, y que puede ejercer el derecho de informaci\u00f3n en la recogida de sus datos, a saber por qu\u00e9 y c\u00f3mo son tratados sus datos personales y decidir en cuanto a su tratamiento.<br \/><br \/><\/div><div>Los datos proporcionados se conservar\u00e1n mientras se mantenga la relaci\u00f3n comercial o durante los a\u00f1os necesarios para cumplir con las obligaciones legales. Los datos no se ceder\u00e1n a terceros salvo en los casos en que haya una obligaci\u00f3n legal. Usted tiene derecho a acceder a sus datos personales, los datos inexactos o solicitar su supresi\u00f3n cuando los datos ya no sean necesarias. Puede ejercitar en todo momento los derechos de consulta, acceso, rectificaci\u00f3n, oposici\u00f3n, limitaci\u00f3n y supresi\u00f3n de sus datos, dirigiendo un escrito con fotocopia de su DNI u otro documento de identidad, a David Vossen, Carrer Sant Rafael 5,\u00a017176\u00a0Sant Esteve d&#8217;en Bas (Girona)<\/div>\t\t\t\t\t\t\t\t<\/div>\n\t\t\t\t<\/div>\n\t\t\t\t\t<\/div>\n\t\t\t\t<\/div>\n\t\t\t\t<\/div>\n\t\t","protected":false},"excerpt":{"rendered":"<p>De acuerdo a lo establecido en la Ley Org\u00e1nica 15\/1999, de 13 de diciembre, de Protecci\u00f3n de Datos de Car\u00e1cter Personal, ) i el Reglamento Europeo 2016\/680 del parlamento Europeo de 27 d\u2019Abril, David Vossen comunica que los datos personales que el usuario facilite durante&#8230;<\/p>\n","protected":false},"author":1,"featured_media":0,"parent":0,"menu_order":0,"comment_status":"closed","ping_status":"closed","template":"","meta":{"footnotes":""},"class_list":["post-7302","page","type-page","status-publish","hentry"],"yoast_head":"<!-- This site is optimized with the Yoast SEO plugin v26.8 - https:\/\/yoast.com\/product\/yoast-seo-wordpress\/ -->\n<title>Pol\u00edtica de privacidad - Vossen wood<\/title>\n<meta name=\"robots\" content=\"index, follow, max-snippet:-1, max-image-preview:large, max-video-preview:-1\" \/>\n<link rel=\"canonical\" href=\"https:\/\/vossenwood.com\/es\/politica-de-privacidad\/\" \/>\n<meta property=\"og:locale\" content=\"es_ES\" \/>\n<meta property=\"og:type\" content=\"article\" \/>\n<meta property=\"og:title\" content=\"Pol\u00edtica de privacidad - Vossen wood\" \/>\n<meta property=\"og:description\" content=\"De acuerdo a lo establecido en la Ley Org\u00e1nica 15\/1999, de 13 de diciembre, de Protecci\u00f3n de Datos de Car\u00e1cter Personal, ) i el Reglamento Europeo 2016\/680 del parlamento Europeo de 27 d\u2019Abril, David Vossen comunica que los datos personales que el usuario facilite durante...\" \/>\n<meta property=\"og:url\" content=\"https:\/\/vossenwood.com\/es\/politica-de-privacidad\/\" \/>\n<meta property=\"og:site_name\" content=\"Vossen wood\" \/>\n<meta property=\"article:modified_time\" content=\"2024-09-03T09:36:02+00:00\" \/>\n<meta property=\"og:image\" content=\"https:\/\/vossenwood.com\/wp-content\/uploads\/2024\/08\/favicon.png\" \/>\n\t<meta property=\"og:image:width\" content=\"80\" \/>\n\t<meta property=\"og:image:height\" content=\"66\" \/>\n\t<meta property=\"og:image:type\" content=\"image\/png\" \/>\n<meta name=\"twitter:card\" content=\"summary_large_image\" \/>\n<meta name=\"twitter:label1\" content=\"Tiempo de lectura\" \/>\n\t<meta name=\"twitter:data1\" content=\"2 minutos\" \/>\n<script type=\"application\/ld+json\" class=\"yoast-schema-graph\">{\"@context\":\"https:\/\/schema.org\",\"@graph\":[{\"@type\":\"WebPage\",\"@id\":\"https:\/\/vossenwood.com\/es\/politica-de-privacidad\/\",\"url\":\"https:\/\/vossenwood.com\/es\/politica-de-privacidad\/\",\"name\":\"Pol\u00edtica de privacidad - Vossen wood\",\"isPartOf\":{\"@id\":\"https:\/\/vossenwood.com\/es\/#website\"},\"datePublished\":\"2024-08-06T10:45:46+00:00\",\"dateModified\":\"2024-09-03T09:36:02+00:00\",\"breadcrumb\":{\"@id\":\"https:\/\/vossenwood.com\/es\/politica-de-privacidad\/#breadcrumb\"},\"inLanguage\":\"es\",\"potentialAction\":[{\"@type\":\"ReadAction\",\"target\":[\"https:\/\/vossenwood.com\/es\/politica-de-privacidad\/\"]}]},{\"@type\":\"BreadcrumbList\",\"@id\":\"https:\/\/vossenwood.com\/es\/politica-de-privacidad\/#breadcrumb\",\"itemListElement\":[{\"@type\":\"ListItem\",\"position\":1,\"name\":\"Inici\",\"item\":\"https:\/\/vossenwood.com\/es\/\"},{\"@type\":\"ListItem\",\"position\":2,\"name\":\"Pol\u00edtica de privacidad\"}]},{\"@type\":\"WebSite\",\"@id\":\"https:\/\/vossenwood.com\/es\/#website\",\"url\":\"https:\/\/vossenwood.com\/es\/\",\"name\":\"Vossen Wood\",\"description\":\"Handcrafted wood design\",\"publisher\":{\"@id\":\"https:\/\/vossenwood.com\/es\/#organization\"},\"alternateName\":\"Vossen Wood\",\"potentialAction\":[{\"@type\":\"SearchAction\",\"target\":{\"@type\":\"EntryPoint\",\"urlTemplate\":\"https:\/\/vossenwood.com\/es\/?s={search_term_string}\"},\"query-input\":{\"@type\":\"PropertyValueSpecification\",\"valueRequired\":true,\"valueName\":\"search_term_string\"}}],\"inLanguage\":\"es\"},{\"@type\":\"Organization\",\"@id\":\"https:\/\/vossenwood.com\/es\/#organization\",\"name\":\"Vossen Wood\",\"alternateName\":\"Vossen Wood\",\"url\":\"https:\/\/vossenwood.com\/es\/\",\"logo\":{\"@type\":\"ImageObject\",\"inLanguage\":\"es\",\"@id\":\"https:\/\/vossenwood.com\/es\/#\/schema\/logo\/image\/\",\"url\":\"https:\/\/vossenwood.com\/wp-content\/uploads\/2024\/08\/vossen-header.svg\",\"contentUrl\":\"https:\/\/vossenwood.com\/wp-content\/uploads\/2024\/08\/vossen-header.svg\",\"width\":903,\"height\":253,\"caption\":\"Vossen Wood\"},\"image\":{\"@id\":\"https:\/\/vossenwood.com\/es\/#\/schema\/logo\/image\/\"},\"sameAs\":[\"https:\/\/www.instagram.com\/vossendavid\/\"]}]}<\/script>\n<!-- \/ Yoast SEO plugin. -->","yoast_head_json":{"title":"Pol\u00edtica de privacidad - Vossen wood","robots":{"index":"index","follow":"follow","max-snippet":"max-snippet:-1","max-image-preview":"max-image-preview:large","max-video-preview":"max-video-preview:-1"},"canonical":"https:\/\/vossenwood.com\/es\/politica-de-privacidad\/","og_locale":"es_ES","og_type":"article","og_title":"Pol\u00edtica de privacidad - Vossen wood","og_description":"De acuerdo a lo establecido en la Ley Org\u00e1nica 15\/1999, de 13 de diciembre, de Protecci\u00f3n de Datos de Car\u00e1cter Personal, ) i el Reglamento Europeo 2016\/680 del parlamento Europeo de 27 d\u2019Abril, David Vossen comunica que los datos personales que el usuario facilite durante...","og_url":"https:\/\/vossenwood.com\/es\/politica-de-privacidad\/","og_site_name":"Vossen wood","article_modified_time":"2024-09-03T09:36:02+00:00","og_image":[{"width":80,"height":66,"url":"https:\/\/vossenwood.com\/wp-content\/uploads\/2024\/08\/favicon.png","type":"image\/png"}],"twitter_card":"summary_large_image","twitter_misc":{"Tiempo de lectura":"2 minutos"},"schema":{"@context":"https:\/\/schema.org","@graph":[{"@type":"WebPage","@id":"https:\/\/vossenwood.com\/es\/politica-de-privacidad\/","url":"https:\/\/vossenwood.com\/es\/politica-de-privacidad\/","name":"Pol\u00edtica de privacidad - Vossen wood","isPartOf":{"@id":"https:\/\/vossenwood.com\/es\/#website"},"datePublished":"2024-08-06T10:45:46+00:00","dateModified":"2024-09-03T09:36:02+00:00","breadcrumb":{"@id":"https:\/\/vossenwood.com\/es\/politica-de-privacidad\/#breadcrumb"},"inLanguage":"es","potentialAction":[{"@type":"ReadAction","target":["https:\/\/vossenwood.com\/es\/politica-de-privacidad\/"]}]},{"@type":"BreadcrumbList","@id":"https:\/\/vossenwood.com\/es\/politica-de-privacidad\/#breadcrumb","itemListElement":[{"@type":"ListItem","position":1,"name":"Inici","item":"https:\/\/vossenwood.com\/es\/"},{"@type":"ListItem","position":2,"name":"Pol\u00edtica de privacidad"}]},{"@type":"WebSite","@id":"https:\/\/vossenwood.com\/es\/#website","url":"https:\/\/vossenwood.com\/es\/","name":"Vossen Wood","description":"Handcrafted wood design","publisher":{"@id":"https:\/\/vossenwood.com\/es\/#organization"},"alternateName":"Vossen Wood","potentialAction":[{"@type":"SearchAction","target":{"@type":"EntryPoint","urlTemplate":"https:\/\/vossenwood.com\/es\/?s={search_term_string}"},"query-input":{"@type":"PropertyValueSpecification","valueRequired":true,"valueName":"search_term_string"}}],"inLanguage":"es"},{"@type":"Organization","@id":"https:\/\/vossenwood.com\/es\/#organization","name":"Vossen Wood","alternateName":"Vossen Wood","url":"https:\/\/vossenwood.com\/es\/","logo":{"@type":"ImageObject","inLanguage":"es","@id":"https:\/\/vossenwood.com\/es\/#\/schema\/logo\/image\/","url":"https:\/\/vossenwood.com\/wp-content\/uploads\/2024\/08\/vossen-header.svg","contentUrl":"https:\/\/vossenwood.com\/wp-content\/uploads\/2024\/08\/vossen-header.svg","width":903,"height":253,"caption":"Vossen Wood"},"image":{"@id":"https:\/\/vossenwood.com\/es\/#\/schema\/logo\/image\/"},"sameAs":["https:\/\/www.instagram.com\/vossendavid\/"]}]}},"_links":{"self":[{"href":"https:\/\/vossenwood.com\/es\/wp-json\/wp\/v2\/pages\/7302","targetHints":{"allow":["GET"]}}],"collection":[{"href":"https:\/\/vossenwood.com\/es\/wp-json\/wp\/v2\/pages"}],"about":[{"href":"https:\/\/vossenwood.com\/es\/wp-json\/wp\/v2\/types\/page"}],"author":[{"embeddable":true,"href":"https:\/\/vossenwood.com\/es\/wp-json\/wp\/v2\/users\/1"}],"replies":[{"embeddable":true,"href":"https:\/\/vossenwood.com\/es\/wp-json\/wp\/v2\/comments?post=7302"}],"version-history":[{"count":0,"href":"https:\/\/vossenwood.com\/es\/wp-json\/wp\/v2\/pages\/7302\/revisions"}],"wp:attachment":[{"href":"https:\/\/vossenwood.com\/es\/wp-json\/wp\/v2\/media?parent=7302"}],"curies":[{"name":"wp","href":"https:\/\/api.w.org\/{rel}","templated":true}]}}