{"id":7274,"date":"2024-08-06T12:42:40","date_gmt":"2024-08-06T10:42:40","guid":{"rendered":"https:\/\/vossenwood.com\/legal-notice\/"},"modified":"2024-09-03T11:33:37","modified_gmt":"2024-09-03T09:33:37","slug":"aviso-legal","status":"publish","type":"page","link":"https:\/\/vossenwood.com\/es\/aviso-legal\/","title":{"rendered":"Aviso legal"},"content":{"rendered":"\t\t<div data-elementor-type=\"wp-page\" data-elementor-id=\"7274\" class=\"elementor elementor-7274 elementor-6623\" data-elementor-post-type=\"page\">\n\t\t\t\t<div class=\"elementor-element elementor-element-36e7fdf e-flex e-con-boxed parallax_section_no qode_elementor_container_no e-con e-parent\" data-id=\"36e7fdf\" data-element_type=\"container\">\n\t\t\t\t\t<div class=\"e-con-inner\">\n\t\t\t\t<div class=\"elementor-element elementor-element-c0cfa06 elementor-widget elementor-widget-text-editor\" data-id=\"c0cfa06\" data-element_type=\"widget\" data-widget_type=\"text-editor.default\">\n\t\t\t\t<div class=\"elementor-widget-container\">\n\t\t\t\t\t\t\t\t\t<p>1. EL PORTAL DAVID VOSSEN<br \/>1.1 A trav\u00e9s de VOSSEN WOOD accesible a trav\u00e9s de la direcci\u00f3n URL www.vossenwood.com se facilita a los visitantes y usuarios del mismo, (en adelante, los \u00abUsuarios\u00bb), el acceso a una amplia gama de productos, servicios y contenidos (en adelante, \u00ablos Servicios\u00bb).<br \/><br \/>1.2 Los datos identificativos del responsable del Portal son los que figuran a continuaci\u00f3n:<br \/>DAVID VOSSEN, trabajador por cuenta propia \u2013 persona f\u00edsica<br \/>Domicili social: Carrer Sant Rafael 5,\u00a017176\u00a0Sant Esteve d&#8217;en Bas (Girona)<br \/>Codi d\u2019Identificaci\u00f3 Fiscal n\u00famero: Y6020769G<br \/>Adre\u00e7a de correu electr\u00f2nic: <a href=\"mailto:david@vossenwood.com\" target=\"_blank\" rel=\"noopener\">david@vossenwood.com<\/a><br \/><br \/><\/p><p>2. CONDICIONES DE ACCESO Y USO DEL PORTAL<br \/>El acceso al Portal comporta la previa lectura y aceptaci\u00f3n por los Usuarios de las presentes Condiciones Generales de Acceso y Uso (en adelante, \u00ablas Condiciones Generales\u00bb). Mediante el acceso y utilizaci\u00f3n del Portal se entender\u00e1 que el Usuario manifiesta su acuerdo, de forma expresa, plena y sin reservas, al contenido de todas y cada una de las presentes Condiciones Generales en su versi\u00f3n publicada en el Portal en el momento del acceso. Si el Usuario no estuviere de acuerdo con el contenido de las presentes Condiciones Generales, deber\u00e1 abstenerse de acceder al Portal y de operar a trav\u00e9s del mismo. El Portal se reserva el derecho a modificar las presentes Condiciones Generales advirtiendo de ello a los Usuarios mediante los correspondientes avisos en el Portal, a fin de que los usuarios puedan tomar conocimiento de su contenido desde el primer momento.<br \/><br \/>La contrataci\u00f3n y\/o uso de determinados Servicios puede requerir la identificaci\u00f3n del Usuario en el Portal y la previa aceptaci\u00f3n de determinadas condiciones particulares que vienen a desarrollar, complementar y\/o eventualmente modificar las presentes Condiciones Generales (en adelante, \u00ablas Condiciones Particulares\u00bb). Los Usuarios deber\u00e1n leer asimismo con la m\u00e1xima atenci\u00f3n el contenido de las correspondientes Condiciones Particulares u otros avisos legales que aparecen en el Portal.<br \/>Como Usuario, Ud. declara ser mayor de edad y\/o disponer de la capacidad jur\u00eddica y de obrar suficiente para vincularse por las presentes Condiciones Generales (y, en su caso, por las Condiciones Particulares que regulen el uso de un determinado Servicio) y para utilizar y, en su caso, contratar los Servicios que se ofrecen en el Portal. El Usuario acepta, de forma expresa, plena, sin reservas ni excepciones, que el acceso y la utilizaci\u00f3n del Portal, de sus Servicios y de sus contenidos tiene lugar bajo su \u00fanica y exclusiva responsabilidad.<br \/><br \/>En el supuesto de que exista alguna contradicci\u00f3n entre las condiciones generales de acceso y uso del Portal y las correspondientes Condiciones Particulares, prevalecer\u00e1n \u00e9stas sobre aqu\u00e9llas, salvo que las condiciones generales resulten m\u00e1s beneficiosas para el Usuario que las condiciones particulares.<br \/><br \/><\/p><p>3. CONTENIDO DEL PORTAL<br \/>3.1 El Usuario del Portal asume, conoce y acepta, por el hecho mismo de visitarlo, que los datos e informaciones sobre productos o servicios, y cualesquiera otros datos e informaciones contenidos en el Portal aparecen en el mismo, \u00fanica y exclusivamente, a efectos informativos, como informaci\u00f3n de car\u00e1cter preliminar dispuesta a la atenci\u00f3n del Usuario, y que en un momento dado pueden contener errores, imprecisiones o no estar actualizadas.<br \/><br \/>3.2 David Vossen se reserva el derecho a modificar, a su discreci\u00f3n y de forma unilateral, en cualquier momento y sin previo aviso, la configuraci\u00f3n del Portal, as\u00ed como el contenido y extensi\u00f3n de los Servicios prestados a trav\u00e9s del Portal y de las condiciones de acceso a los mismos. Del mismo modo, David Vossen se reserva la facultad de incorporar nuevos Servicios y contenidos en el Portal, as\u00ed como el derecho de eliminar, limitar, suspender o impedir el acceso a los Servicios prestados a trav\u00e9s del Portal, ya fuere de manera temporal o definitiva, cuando concurran los motivos previstos en estas Condiciones Generales.<br \/><br \/>3.3 David Vossen informa al Usuario de que a trav\u00e9s del Portal podr\u00e1 acceder a productos y servicios ofertados por David Vossen.<br \/><br \/><\/p><p>4 LEY PROTECCION DE DATOS<br \/>Protecci\u00f3n de datos personales<br \/>David Vossen garantiza el cumplimiento de la de la LOPD (Ley Org\u00e1nica de Protecci\u00f3n de Datos de Car\u00e1cter Personal 15\/1999 de 13 Diciembre y el Reglamento Europeo 2016\/680 del Parlamento Europeo de 27 de Abril). Esta ley tiene por objeto garantizar y proteger, en lo que respecta al tratamiento de datos personales, las libertades p\u00fablicas y los derechos fundamentales de las personas f\u00edsicas, y en especial de su honor e intimidad personal y familiar.<br \/><br \/>En todo momento se informar\u00e1, durante la recogida de los datos, de la finalidad de su tratamiento y que respetamos la confidencialidad en la informaci\u00f3n facilitada, y que puede ejercer el derecho de informaci\u00f3n en la recogida de sus datos, a saber por qu\u00e9 y c\u00f3mo son tratados sus datos personales y decidir en cuanto a su tratamiento.<br \/><br \/>Los datos proporcionados se conservar\u00e1n mientras se mantenga la relaci\u00f3n comercial o durante los a\u00f1os necesarios para cumplir con las obligaciones legales. Los datos no se ceder\u00e1n a terceros salvo en los casos en que haya una obligaci\u00f3n legal. Usted tiene derecho a acceder a sus datos personales, los datos inexactos o solicitar su supresi\u00f3n cuando los datos ya no sean necesarias. Puede ejercitar en todo momento los derechos de consulta, acceso, rectificaci\u00f3n, oposici\u00f3n, limitaci\u00f3n y supresi\u00f3n de sus datos, dirigiendo un escrito con fotocopia de su DNI u otro documento de identidad, David Vossen , Carrer Sant Rafael 5,\u00a017176\u00a0Sant Esteve d&#8217;en Bas (Girona)<br \/><br \/>El usuario debe saber que rellenar el formulario y enviar los datos solicitados implica que la informaci\u00f3n reflejada en este aviso se ha le\u00eddo y aceptado expresamente y que, en consecuencia, otorga su consentimiento inequ\u00edvoco y expreso al tratamiento de sus datos personales de acuerdo con la finalidad explicada.<br \/>David Vossen ha adoptado las medidas de seguridad de \u00edndole t\u00e9cnica y organizativa que se exigen a la legislaci\u00f3n vigente en materia de protecci\u00f3n de datos de car\u00e1cter personal. Para ello se han establecido todos los medios y mecanismos necesarios para evitar la alteraci\u00f3n, p\u00e9rdida, mal uso, tratamiento y acceso no autorizado o robo de los datos teniendo en cuenta el estado de la tecnolog\u00eda.<br \/><br \/>Respecto a la cesi\u00f3n de datos personales a terceros, se comunica a los usuarios que, con car\u00e1cter general, los datos personales no ser\u00e1n cedidos a terceras entidades, excepto en aquellos supuestos que la cesi\u00f3n responda al cumplimiento de una obligaci\u00f3n legal o tambi\u00e9n en aquellos casos donde haya una relaci\u00f3n contractual de encargo de tratamiento para la prestaci\u00f3n de un determinado servicio. En todo caso, los usuarios deben saber que en caso de producirse una cesi\u00f3n de este tipo, \u00fanicamente se llevar\u00e1 a cabo cuando se haya obtenido el consentimiento expreso por parte del usuario.<br \/><br \/>No obstante lo anterior, usted consiente expresamente el tratamiento de sus datos para que podamos remitirle, por cualquier medio, incluyendo medios telef\u00f3nicos y telem\u00e1ticos (entre otros, por correo electr\u00f3nico y sms), informaci\u00f3n comercial de productos y servicios comercializados por David Vossen.<\/p>\t\t\t\t\t\t\t\t<\/div>\n\t\t\t\t<\/div>\n\t\t\t\t\t<\/div>\n\t\t\t\t<\/div>\n\t\t\t\t<\/div>\n\t\t","protected":false},"excerpt":{"rendered":"<p>1. EL PORTAL DAVID VOSSEN1.1 A trav\u00e9s de VOSSEN WOOD accesible a trav\u00e9s de la direcci\u00f3n URL www.vossenwood.com se facilita a los visitantes y usuarios del mismo, (en adelante, los \u00abUsuarios\u00bb), el acceso a una amplia gama de productos, servicios y contenidos (en adelante, \u00ablos&#8230;<\/p>\n","protected":false},"author":1,"featured_media":0,"parent":0,"menu_order":0,"comment_status":"closed","ping_status":"closed","template":"","meta":{"footnotes":""},"class_list":["post-7274","page","type-page","status-publish","hentry"],"yoast_head":"<!-- This site is optimized with the Yoast SEO plugin v26.8 - https:\/\/yoast.com\/product\/yoast-seo-wordpress\/ -->\n<title>Aviso legal - Vossen wood<\/title>\n<meta name=\"robots\" content=\"index, follow, max-snippet:-1, max-image-preview:large, max-video-preview:-1\" \/>\n<link rel=\"canonical\" href=\"https:\/\/vossenwood.com\/es\/aviso-legal\/\" \/>\n<meta property=\"og:locale\" content=\"es_ES\" \/>\n<meta property=\"og:type\" content=\"article\" \/>\n<meta property=\"og:title\" content=\"Aviso legal - Vossen wood\" \/>\n<meta property=\"og:description\" content=\"1. EL PORTAL DAVID VOSSEN1.1 A trav\u00e9s de VOSSEN WOOD accesible a trav\u00e9s de la direcci\u00f3n URL www.vossenwood.com se facilita a los visitantes y usuarios del mismo, (en adelante, los \u00abUsuarios\u00bb), el acceso a una amplia gama de productos, servicios y contenidos (en adelante, \u00ablos...\" \/>\n<meta property=\"og:url\" content=\"https:\/\/vossenwood.com\/es\/aviso-legal\/\" \/>\n<meta property=\"og:site_name\" content=\"Vossen wood\" \/>\n<meta property=\"article:modified_time\" content=\"2024-09-03T09:33:37+00:00\" \/>\n<meta property=\"og:image\" content=\"https:\/\/vossenwood.com\/wp-content\/uploads\/2024\/08\/favicon.png\" \/>\n\t<meta property=\"og:image:width\" content=\"80\" \/>\n\t<meta property=\"og:image:height\" content=\"66\" \/>\n\t<meta property=\"og:image:type\" content=\"image\/png\" \/>\n<meta name=\"twitter:card\" content=\"summary_large_image\" \/>\n<meta name=\"twitter:label1\" content=\"Tiempo de lectura\" \/>\n\t<meta name=\"twitter:data1\" content=\"5 minutos\" \/>\n<script type=\"application\/ld+json\" class=\"yoast-schema-graph\">{\"@context\":\"https:\/\/schema.org\",\"@graph\":[{\"@type\":\"WebPage\",\"@id\":\"https:\/\/vossenwood.com\/es\/aviso-legal\/\",\"url\":\"https:\/\/vossenwood.com\/es\/aviso-legal\/\",\"name\":\"Aviso legal - Vossen wood\",\"isPartOf\":{\"@id\":\"https:\/\/vossenwood.com\/es\/#website\"},\"datePublished\":\"2024-08-06T10:42:40+00:00\",\"dateModified\":\"2024-09-03T09:33:37+00:00\",\"breadcrumb\":{\"@id\":\"https:\/\/vossenwood.com\/es\/aviso-legal\/#breadcrumb\"},\"inLanguage\":\"es\",\"potentialAction\":[{\"@type\":\"ReadAction\",\"target\":[\"https:\/\/vossenwood.com\/es\/aviso-legal\/\"]}]},{\"@type\":\"BreadcrumbList\",\"@id\":\"https:\/\/vossenwood.com\/es\/aviso-legal\/#breadcrumb\",\"itemListElement\":[{\"@type\":\"ListItem\",\"position\":1,\"name\":\"Inici\",\"item\":\"https:\/\/vossenwood.com\/es\/\"},{\"@type\":\"ListItem\",\"position\":2,\"name\":\"Aviso legal\"}]},{\"@type\":\"WebSite\",\"@id\":\"https:\/\/vossenwood.com\/es\/#website\",\"url\":\"https:\/\/vossenwood.com\/es\/\",\"name\":\"Vossen Wood\",\"description\":\"Handcrafted wood design\",\"publisher\":{\"@id\":\"https:\/\/vossenwood.com\/es\/#organization\"},\"alternateName\":\"Vossen Wood\",\"potentialAction\":[{\"@type\":\"SearchAction\",\"target\":{\"@type\":\"EntryPoint\",\"urlTemplate\":\"https:\/\/vossenwood.com\/es\/?s={search_term_string}\"},\"query-input\":{\"@type\":\"PropertyValueSpecification\",\"valueRequired\":true,\"valueName\":\"search_term_string\"}}],\"inLanguage\":\"es\"},{\"@type\":\"Organization\",\"@id\":\"https:\/\/vossenwood.com\/es\/#organization\",\"name\":\"Vossen Wood\",\"alternateName\":\"Vossen Wood\",\"url\":\"https:\/\/vossenwood.com\/es\/\",\"logo\":{\"@type\":\"ImageObject\",\"inLanguage\":\"es\",\"@id\":\"https:\/\/vossenwood.com\/es\/#\/schema\/logo\/image\/\",\"url\":\"https:\/\/vossenwood.com\/wp-content\/uploads\/2024\/08\/vossen-header.svg\",\"contentUrl\":\"https:\/\/vossenwood.com\/wp-content\/uploads\/2024\/08\/vossen-header.svg\",\"width\":903,\"height\":253,\"caption\":\"Vossen Wood\"},\"image\":{\"@id\":\"https:\/\/vossenwood.com\/es\/#\/schema\/logo\/image\/\"},\"sameAs\":[\"https:\/\/www.instagram.com\/vossendavid\/\"]}]}<\/script>\n<!-- \/ Yoast SEO plugin. -->","yoast_head_json":{"title":"Aviso legal - Vossen wood","robots":{"index":"index","follow":"follow","max-snippet":"max-snippet:-1","max-image-preview":"max-image-preview:large","max-video-preview":"max-video-preview:-1"},"canonical":"https:\/\/vossenwood.com\/es\/aviso-legal\/","og_locale":"es_ES","og_type":"article","og_title":"Aviso legal - Vossen wood","og_description":"1. EL PORTAL DAVID VOSSEN1.1 A trav\u00e9s de VOSSEN WOOD accesible a trav\u00e9s de la direcci\u00f3n URL www.vossenwood.com se facilita a los visitantes y usuarios del mismo, (en adelante, los \u00abUsuarios\u00bb), el acceso a una amplia gama de productos, servicios y contenidos (en adelante, \u00ablos...","og_url":"https:\/\/vossenwood.com\/es\/aviso-legal\/","og_site_name":"Vossen wood","article_modified_time":"2024-09-03T09:33:37+00:00","og_image":[{"width":80,"height":66,"url":"https:\/\/vossenwood.com\/wp-content\/uploads\/2024\/08\/favicon.png","type":"image\/png"}],"twitter_card":"summary_large_image","twitter_misc":{"Tiempo de lectura":"5 minutos"},"schema":{"@context":"https:\/\/schema.org","@graph":[{"@type":"WebPage","@id":"https:\/\/vossenwood.com\/es\/aviso-legal\/","url":"https:\/\/vossenwood.com\/es\/aviso-legal\/","name":"Aviso legal - Vossen wood","isPartOf":{"@id":"https:\/\/vossenwood.com\/es\/#website"},"datePublished":"2024-08-06T10:42:40+00:00","dateModified":"2024-09-03T09:33:37+00:00","breadcrumb":{"@id":"https:\/\/vossenwood.com\/es\/aviso-legal\/#breadcrumb"},"inLanguage":"es","potentialAction":[{"@type":"ReadAction","target":["https:\/\/vossenwood.com\/es\/aviso-legal\/"]}]},{"@type":"BreadcrumbList","@id":"https:\/\/vossenwood.com\/es\/aviso-legal\/#breadcrumb","itemListElement":[{"@type":"ListItem","position":1,"name":"Inici","item":"https:\/\/vossenwood.com\/es\/"},{"@type":"ListItem","position":2,"name":"Aviso legal"}]},{"@type":"WebSite","@id":"https:\/\/vossenwood.com\/es\/#website","url":"https:\/\/vossenwood.com\/es\/","name":"Vossen Wood","description":"Handcrafted wood design","publisher":{"@id":"https:\/\/vossenwood.com\/es\/#organization"},"alternateName":"Vossen Wood","potentialAction":[{"@type":"SearchAction","target":{"@type":"EntryPoint","urlTemplate":"https:\/\/vossenwood.com\/es\/?s={search_term_string}"},"query-input":{"@type":"PropertyValueSpecification","valueRequired":true,"valueName":"search_term_string"}}],"inLanguage":"es"},{"@type":"Organization","@id":"https:\/\/vossenwood.com\/es\/#organization","name":"Vossen Wood","alternateName":"Vossen Wood","url":"https:\/\/vossenwood.com\/es\/","logo":{"@type":"ImageObject","inLanguage":"es","@id":"https:\/\/vossenwood.com\/es\/#\/schema\/logo\/image\/","url":"https:\/\/vossenwood.com\/wp-content\/uploads\/2024\/08\/vossen-header.svg","contentUrl":"https:\/\/vossenwood.com\/wp-content\/uploads\/2024\/08\/vossen-header.svg","width":903,"height":253,"caption":"Vossen Wood"},"image":{"@id":"https:\/\/vossenwood.com\/es\/#\/schema\/logo\/image\/"},"sameAs":["https:\/\/www.instagram.com\/vossendavid\/"]}]}},"_links":{"self":[{"href":"https:\/\/vossenwood.com\/es\/wp-json\/wp\/v2\/pages\/7274","targetHints":{"allow":["GET"]}}],"collection":[{"href":"https:\/\/vossenwood.com\/es\/wp-json\/wp\/v2\/pages"}],"about":[{"href":"https:\/\/vossenwood.com\/es\/wp-json\/wp\/v2\/types\/page"}],"author":[{"embeddable":true,"href":"https:\/\/vossenwood.com\/es\/wp-json\/wp\/v2\/users\/1"}],"replies":[{"embeddable":true,"href":"https:\/\/vossenwood.com\/es\/wp-json\/wp\/v2\/comments?post=7274"}],"version-history":[{"count":0,"href":"https:\/\/vossenwood.com\/es\/wp-json\/wp\/v2\/pages\/7274\/revisions"}],"wp:attachment":[{"href":"https:\/\/vossenwood.com\/es\/wp-json\/wp\/v2\/media?parent=7274"}],"curies":[{"name":"wp","href":"https:\/\/api.w.org\/{rel}","templated":true}]}}