{"id":7156,"date":"2024-08-06T12:45:17","date_gmt":"2024-08-06T10:45:17","guid":{"rendered":"https:\/\/vossenwood.com\/accessibility-statement\/"},"modified":"2024-09-03T11:34:26","modified_gmt":"2024-09-03T09:34:26","slug":"declaracion-de-accesibilidad","status":"publish","type":"page","link":"https:\/\/vossenwood.com\/es\/declaracion-de-accesibilidad\/","title":{"rendered":"Declaraci\u00f3n de accesibilidad"},"content":{"rendered":"\t\t<div data-elementor-type=\"wp-page\" data-elementor-id=\"7156\" class=\"elementor elementor-7156 elementor-6634\" data-elementor-post-type=\"page\">\n\t\t\t\t<div class=\"elementor-element elementor-element-9d8e07a e-flex e-con-boxed parallax_section_no qode_elementor_container_no e-con e-parent\" data-id=\"9d8e07a\" data-element_type=\"container\">\n\t\t\t\t\t<div class=\"e-con-inner\">\n\t\t\t\t<div class=\"elementor-element elementor-element-0850146 elementor-widget elementor-widget-text-editor\" data-id=\"0850146\" data-element_type=\"widget\" data-widget_type=\"text-editor.default\">\n\t\t\t\t<div class=\"elementor-widget-container\">\n\t\t\t\t\t\t\t\t\t<p><strong>DAVID VOSSEN<\/strong>\u00a0apuesta por asegurar la accesibilidad digital de las personas con discapacidad. Estamos mejorando continuamente la experiencia de usuario para todos i tratando de aplicar los est\u00e1ndares de accesibilidad m\u00e1s relevantes. Este compromiso tambi\u00e9n lo hacemos de acuerdo con el Real Decreto\u00a0<a href=\"https:\/\/www.boe.es\/buscar\/act.php?id=BOE-A-2018-12699\">1112\/2018<\/a>, de 7 de septiembre, relativo a la accesibilidad de sitios web y aplicaciones para dispositivos m\u00f3viles.<br \/><br \/><\/p><p><strong>Estado de cumplimiento<\/strong><br \/>Las\u00a0<a href=\"https:\/\/www.w3.org\/WAI\/standards-guidelines\/wcag\/\">Directrices de accesibilidad al contenido web (WCAG) 2.1<\/a>\u00a0definen los requisitos para dise\u00f1adores i desarrolladores para mejorar la accesibilidad de las personas con discapacidad. Estas directrices definen tres niveles de conformidad: Nivel A, Nivel AA y Nivel AAA. El web es parcialmente conforme con el Nivel AA de WCAG 2.1. Esto significa que algunas partes del contenido no se ajustan completamente a los est\u00e1ndares de accesibilidad.<br \/><br \/><\/p><p><strong>Funciones de accesibilidad<\/strong><\/p><ul><li>Las p\u00e1ginas est\u00e1n estructuradas con elementos sem\u00e1nticos como la cabecera (header), la navegaci\u00f3n (navigation), el contenido principal (main) y el pie de p\u00e1gina (footer), lo cual os puede ayudar a moveros m\u00e1s r\u00e1pidamente entre distintos elementos.<\/li><li>Los t\u00edtulos de nivel 1 marcan el \u00e1rea de contenido principal de cada p\u00e1gina i a partir de aqu\u00ed la estructura de cada p\u00e1gina deber\u00eda seguir un orden l\u00f3gico de los t\u00edtulos.<\/li><li>Cada p\u00e1gina de este sitio web tiene enlaces de \u00absaltar al contenido\u00bb y \u00absaltar al men\u00fa\u00bb en la parte superior y un enlace de \u00abvolver a empezar\u00bb en la parte inferior.<\/li><li>Las im\u00e1genes se describen con equivalentes de texto (ALT) para garantizar que todos puedan acceder al contenido gr\u00e1fico.<\/li><li>Se puede ampliar la p\u00e1gina hasta un 300% sin ning\u00fan problema.<\/li><li>Los colores de este sitio web se han escogido a cada p\u00e1gina para garantizar un contraste de color suficiente.<\/li><li>Todos los componentes de este sitio web son accesibles mediante mouse, teclado o el tacto.<\/li><li>Para garantizar que el sitio web se puede utilizar con teclados, hemos a\u00f1adido estilos de foco a las im\u00e1genes, enlaces, formularios y otros elementos.<\/li><li>Este sitio web se ha probado con navegadores y dispositivos modernos y antiguos, adem\u00e1s de herramientas de evaluaci\u00f3n de accesibilidad, como\u00a0<a href=\"https:\/\/wave.webaim.org\/\">WAVE<\/a>,\u00a0<a href=\"https:\/\/accessibilityinsights.io\/en\/\">Accessibility Insights<\/a>\u00a0y el lector de pantalla\u00a0<a href=\"https:\/\/www.chromevox.com\/\">ChromeVox<\/a>.<br \/><br \/><\/li><\/ul><p><strong>Contenido no accesible<\/strong><br \/>Sabemos que algunas partes de este sitio web no son del todo accesibles:<\/p><p>A veces insertamos soportes de audio o v\u00eddeo a nuestras p\u00e1ginas de puede que no se describan adecuadamente.<br \/>Si encontr\u00e1is soportes o elementos confusos, pod\u00e9is enviarnos un correo electr\u00f3nico cont\u00e1ndonoslo.<br \/>Tambi\u00e9n sabemos que la mayor\u00eda de documentos PDF antiguos no son totalmente accesibles a los programas de lectores de pantalla.<br \/><br \/><\/p><p><strong>Feedback<\/strong><br \/>Agradecemos vuestros comentarios sobre la accesibilidad de nuestra web. Informadnos si encontr\u00e1is barreras de accesibilidad en este sitio web:<\/p><p>E-mail:\u00a0<a href=\"mailto:david@vossenwood.com\">david@vossenwood.com<\/a><br \/><br \/><\/p><p>Esta declaraci\u00f3n se cre\u00f3 el 6 de agosto 2024.<\/p>\t\t\t\t\t\t\t\t<\/div>\n\t\t\t\t<\/div>\n\t\t\t\t\t<\/div>\n\t\t\t\t<\/div>\n\t\t\t\t<\/div>\n\t\t","protected":false},"excerpt":{"rendered":"<p>DAVID VOSSEN\u00a0apuesta por asegurar la accesibilidad digital de las personas con discapacidad. Estamos mejorando continuamente la experiencia de usuario para todos i tratando de aplicar los est\u00e1ndares de accesibilidad m\u00e1s relevantes. Este compromiso tambi\u00e9n lo hacemos de acuerdo con el Real Decreto\u00a01112\/2018, de 7 de&#8230;<\/p>\n","protected":false},"author":1,"featured_media":0,"parent":0,"menu_order":0,"comment_status":"closed","ping_status":"closed","template":"","meta":{"footnotes":""},"class_list":["post-7156","page","type-page","status-publish","hentry"],"yoast_head":"<!-- This site is optimized with the Yoast SEO plugin v26.8 - https:\/\/yoast.com\/product\/yoast-seo-wordpress\/ -->\n<title>Declaraci\u00f3n de accesibilidad - Vossen wood<\/title>\n<meta name=\"robots\" content=\"index, follow, max-snippet:-1, max-image-preview:large, max-video-preview:-1\" \/>\n<link rel=\"canonical\" href=\"https:\/\/vossenwood.com\/es\/declaracion-de-accesibilidad\/\" \/>\n<meta property=\"og:locale\" content=\"es_ES\" \/>\n<meta property=\"og:type\" content=\"article\" \/>\n<meta property=\"og:title\" content=\"Declaraci\u00f3n de accesibilidad - Vossen wood\" \/>\n<meta property=\"og:description\" content=\"DAVID VOSSEN\u00a0apuesta por asegurar la accesibilidad digital de las personas con discapacidad. Estamos mejorando continuamente la experiencia de usuario para todos i tratando de aplicar los est\u00e1ndares de accesibilidad m\u00e1s relevantes. Este compromiso tambi\u00e9n lo hacemos de acuerdo con el Real Decreto\u00a01112\/2018, de 7 de...\" \/>\n<meta property=\"og:url\" content=\"https:\/\/vossenwood.com\/es\/declaracion-de-accesibilidad\/\" \/>\n<meta property=\"og:site_name\" content=\"Vossen wood\" \/>\n<meta property=\"article:modified_time\" content=\"2024-09-03T09:34:26+00:00\" \/>\n<meta property=\"og:image\" content=\"https:\/\/vossenwood.com\/wp-content\/uploads\/2024\/08\/favicon.png\" \/>\n\t<meta property=\"og:image:width\" content=\"80\" \/>\n\t<meta property=\"og:image:height\" content=\"66\" \/>\n\t<meta property=\"og:image:type\" content=\"image\/png\" \/>\n<meta name=\"twitter:card\" content=\"summary_large_image\" \/>\n<meta name=\"twitter:label1\" content=\"Tiempo de lectura\" \/>\n\t<meta name=\"twitter:data1\" content=\"2 minutos\" \/>\n<script type=\"application\/ld+json\" class=\"yoast-schema-graph\">{\"@context\":\"https:\/\/schema.org\",\"@graph\":[{\"@type\":\"WebPage\",\"@id\":\"https:\/\/vossenwood.com\/es\/declaracion-de-accesibilidad\/\",\"url\":\"https:\/\/vossenwood.com\/es\/declaracion-de-accesibilidad\/\",\"name\":\"Declaraci\u00f3n de accesibilidad - Vossen wood\",\"isPartOf\":{\"@id\":\"https:\/\/vossenwood.com\/es\/#website\"},\"datePublished\":\"2024-08-06T10:45:17+00:00\",\"dateModified\":\"2024-09-03T09:34:26+00:00\",\"breadcrumb\":{\"@id\":\"https:\/\/vossenwood.com\/es\/declaracion-de-accesibilidad\/#breadcrumb\"},\"inLanguage\":\"es\",\"potentialAction\":[{\"@type\":\"ReadAction\",\"target\":[\"https:\/\/vossenwood.com\/es\/declaracion-de-accesibilidad\/\"]}]},{\"@type\":\"BreadcrumbList\",\"@id\":\"https:\/\/vossenwood.com\/es\/declaracion-de-accesibilidad\/#breadcrumb\",\"itemListElement\":[{\"@type\":\"ListItem\",\"position\":1,\"name\":\"Inici\",\"item\":\"https:\/\/vossenwood.com\/es\/\"},{\"@type\":\"ListItem\",\"position\":2,\"name\":\"Declaraci\u00f3n de accesibilidad\"}]},{\"@type\":\"WebSite\",\"@id\":\"https:\/\/vossenwood.com\/es\/#website\",\"url\":\"https:\/\/vossenwood.com\/es\/\",\"name\":\"Vossen Wood\",\"description\":\"Handcrafted wood design\",\"publisher\":{\"@id\":\"https:\/\/vossenwood.com\/es\/#organization\"},\"alternateName\":\"Vossen Wood\",\"potentialAction\":[{\"@type\":\"SearchAction\",\"target\":{\"@type\":\"EntryPoint\",\"urlTemplate\":\"https:\/\/vossenwood.com\/es\/?s={search_term_string}\"},\"query-input\":{\"@type\":\"PropertyValueSpecification\",\"valueRequired\":true,\"valueName\":\"search_term_string\"}}],\"inLanguage\":\"es\"},{\"@type\":\"Organization\",\"@id\":\"https:\/\/vossenwood.com\/es\/#organization\",\"name\":\"Vossen Wood\",\"alternateName\":\"Vossen Wood\",\"url\":\"https:\/\/vossenwood.com\/es\/\",\"logo\":{\"@type\":\"ImageObject\",\"inLanguage\":\"es\",\"@id\":\"https:\/\/vossenwood.com\/es\/#\/schema\/logo\/image\/\",\"url\":\"https:\/\/vossenwood.com\/wp-content\/uploads\/2024\/08\/vossen-header.svg\",\"contentUrl\":\"https:\/\/vossenwood.com\/wp-content\/uploads\/2024\/08\/vossen-header.svg\",\"width\":903,\"height\":253,\"caption\":\"Vossen Wood\"},\"image\":{\"@id\":\"https:\/\/vossenwood.com\/es\/#\/schema\/logo\/image\/\"},\"sameAs\":[\"https:\/\/www.instagram.com\/vossendavid\/\"]}]}<\/script>\n<!-- \/ Yoast SEO plugin. -->","yoast_head_json":{"title":"Declaraci\u00f3n de accesibilidad - Vossen wood","robots":{"index":"index","follow":"follow","max-snippet":"max-snippet:-1","max-image-preview":"max-image-preview:large","max-video-preview":"max-video-preview:-1"},"canonical":"https:\/\/vossenwood.com\/es\/declaracion-de-accesibilidad\/","og_locale":"es_ES","og_type":"article","og_title":"Declaraci\u00f3n de accesibilidad - Vossen wood","og_description":"DAVID VOSSEN\u00a0apuesta por asegurar la accesibilidad digital de las personas con discapacidad. Estamos mejorando continuamente la experiencia de usuario para todos i tratando de aplicar los est\u00e1ndares de accesibilidad m\u00e1s relevantes. Este compromiso tambi\u00e9n lo hacemos de acuerdo con el Real Decreto\u00a01112\/2018, de 7 de...","og_url":"https:\/\/vossenwood.com\/es\/declaracion-de-accesibilidad\/","og_site_name":"Vossen wood","article_modified_time":"2024-09-03T09:34:26+00:00","og_image":[{"width":80,"height":66,"url":"https:\/\/vossenwood.com\/wp-content\/uploads\/2024\/08\/favicon.png","type":"image\/png"}],"twitter_card":"summary_large_image","twitter_misc":{"Tiempo de lectura":"2 minutos"},"schema":{"@context":"https:\/\/schema.org","@graph":[{"@type":"WebPage","@id":"https:\/\/vossenwood.com\/es\/declaracion-de-accesibilidad\/","url":"https:\/\/vossenwood.com\/es\/declaracion-de-accesibilidad\/","name":"Declaraci\u00f3n de accesibilidad - Vossen wood","isPartOf":{"@id":"https:\/\/vossenwood.com\/es\/#website"},"datePublished":"2024-08-06T10:45:17+00:00","dateModified":"2024-09-03T09:34:26+00:00","breadcrumb":{"@id":"https:\/\/vossenwood.com\/es\/declaracion-de-accesibilidad\/#breadcrumb"},"inLanguage":"es","potentialAction":[{"@type":"ReadAction","target":["https:\/\/vossenwood.com\/es\/declaracion-de-accesibilidad\/"]}]},{"@type":"BreadcrumbList","@id":"https:\/\/vossenwood.com\/es\/declaracion-de-accesibilidad\/#breadcrumb","itemListElement":[{"@type":"ListItem","position":1,"name":"Inici","item":"https:\/\/vossenwood.com\/es\/"},{"@type":"ListItem","position":2,"name":"Declaraci\u00f3n de accesibilidad"}]},{"@type":"WebSite","@id":"https:\/\/vossenwood.com\/es\/#website","url":"https:\/\/vossenwood.com\/es\/","name":"Vossen Wood","description":"Handcrafted wood design","publisher":{"@id":"https:\/\/vossenwood.com\/es\/#organization"},"alternateName":"Vossen Wood","potentialAction":[{"@type":"SearchAction","target":{"@type":"EntryPoint","urlTemplate":"https:\/\/vossenwood.com\/es\/?s={search_term_string}"},"query-input":{"@type":"PropertyValueSpecification","valueRequired":true,"valueName":"search_term_string"}}],"inLanguage":"es"},{"@type":"Organization","@id":"https:\/\/vossenwood.com\/es\/#organization","name":"Vossen Wood","alternateName":"Vossen Wood","url":"https:\/\/vossenwood.com\/es\/","logo":{"@type":"ImageObject","inLanguage":"es","@id":"https:\/\/vossenwood.com\/es\/#\/schema\/logo\/image\/","url":"https:\/\/vossenwood.com\/wp-content\/uploads\/2024\/08\/vossen-header.svg","contentUrl":"https:\/\/vossenwood.com\/wp-content\/uploads\/2024\/08\/vossen-header.svg","width":903,"height":253,"caption":"Vossen Wood"},"image":{"@id":"https:\/\/vossenwood.com\/es\/#\/schema\/logo\/image\/"},"sameAs":["https:\/\/www.instagram.com\/vossendavid\/"]}]}},"_links":{"self":[{"href":"https:\/\/vossenwood.com\/es\/wp-json\/wp\/v2\/pages\/7156","targetHints":{"allow":["GET"]}}],"collection":[{"href":"https:\/\/vossenwood.com\/es\/wp-json\/wp\/v2\/pages"}],"about":[{"href":"https:\/\/vossenwood.com\/es\/wp-json\/wp\/v2\/types\/page"}],"author":[{"embeddable":true,"href":"https:\/\/vossenwood.com\/es\/wp-json\/wp\/v2\/users\/1"}],"replies":[{"embeddable":true,"href":"https:\/\/vossenwood.com\/es\/wp-json\/wp\/v2\/comments?post=7156"}],"version-history":[{"count":0,"href":"https:\/\/vossenwood.com\/es\/wp-json\/wp\/v2\/pages\/7156\/revisions"}],"wp:attachment":[{"href":"https:\/\/vossenwood.com\/es\/wp-json\/wp\/v2\/media?parent=7156"}],"curies":[{"name":"wp","href":"https:\/\/api.w.org\/{rel}","templated":true}]}}