{"id":7150,"date":"2023-11-02T09:09:49","date_gmt":"2023-11-02T07:09:49","guid":{"rendered":"https:\/\/vossenwood.com\/about-me\/"},"modified":"2025-07-30T09:42:43","modified_gmt":"2025-07-30T07:42:43","slug":"sobre-mi","status":"publish","type":"page","link":"https:\/\/vossenwood.com\/es\/sobre-mi\/","title":{"rendered":"Sobre m\u00ed"},"content":{"rendered":"\t\t<div data-elementor-type=\"wp-page\" data-elementor-id=\"7150\" class=\"elementor elementor-7150 elementor-4994\" data-elementor-post-type=\"page\">\n\t\t\t\t<div class=\"elementor-element elementor-element-8730421 e-con-full e-flex parallax_section_no qode_elementor_container_no e-con e-parent\" data-id=\"8730421\" data-element_type=\"container\">\n\t\t<div class=\"elementor-element elementor-element-8088c54 e-con-full e-flex parallax_section_no qode_elementor_container_no e-con e-child\" data-id=\"8088c54\" data-element_type=\"container\">\n\t\t\t\t<div class=\"elementor-element elementor-element-6d821ae elementor-absolute elementor-hidden-tablet elementor-hidden-mobile elementor-widget elementor-widget-bridge_vertical_separator\" data-id=\"6d821ae\" data-element_type=\"widget\" data-settings=\"{&quot;_position&quot;:&quot;absolute&quot;}\" data-widget_type=\"bridge_vertical_separator.default\">\n\t\t\t\t<div class=\"elementor-widget-container\">\n\t\t\t\t\t<div class=\"qode_vertical_separator\" style=\"height: 500px;width: 1px;background-color: #ECE8E5\">\n<\/div>\t\t\t\t<\/div>\n\t\t\t\t<\/div>\n\t\t\t\t<div class=\"elementor-element elementor-element-d7cf327 elementor-absolute elementor-hidden-tablet elementor-hidden-mobile elementor-widget elementor-widget-bridge_vertical_separator\" data-id=\"d7cf327\" data-element_type=\"widget\" data-settings=\"{&quot;_position&quot;:&quot;absolute&quot;}\" data-widget_type=\"bridge_vertical_separator.default\">\n\t\t\t\t<div class=\"elementor-widget-container\">\n\t\t\t\t\t<div class=\"qode_vertical_separator\" style=\"height: 500px;width: 1px;background-color: #ECE8E5\">\n<\/div>\t\t\t\t<\/div>\n\t\t\t\t<\/div>\n\t\t<div class=\"elementor-element elementor-element-8ecb906 e-con-full qode_elementor_container_inner e-flex parallax_section_no e-con e-child\" data-id=\"8ecb906\" data-element_type=\"container\">\n\t\t\t\t<div class=\"elementor-element elementor-element-3e27b87 elementor-widget elementor-widget-heading\" data-id=\"3e27b87\" data-element_type=\"widget\" data-widget_type=\"heading.default\">\n\t\t\t\t<div class=\"elementor-widget-container\">\n\t\t\t\t\t<h1 class=\"elementor-heading-title elementor-size-default\">Sobre m\u00ed<\/h1>\t\t\t\t<\/div>\n\t\t\t\t<\/div>\n\t\t<div class=\"elementor-element elementor-element-4e8a187 e-grid e-con-full parallax_section_no qode_elementor_container_no e-con e-child\" data-id=\"4e8a187\" data-element_type=\"container\">\n\t\t\t\t<div class=\"elementor-element elementor-element-9405a5b elementor-widget__width-initial elementor-widget elementor-widget-text-editor\" data-id=\"9405a5b\" data-element_type=\"widget\" data-widget_type=\"text-editor.default\">\n\t\t\t\t<div class=\"elementor-widget-container\">\n\t\t\t\t\t\t\t\t\t<p>Hola. Soy David Vossen, un ebanista y carpintero belga que vive en Catalu\u00f1a, al norte de Espa\u00f1a. El arte y el movimiento siempre han sido parte de mi vida y mi objetivo profesional es transponer<\/p>\t\t\t\t\t\t\t\t<\/div>\n\t\t\t\t<\/div>\n\t\t\t\t<div class=\"elementor-element elementor-element-af9c437 elementor-widget__width-initial elementor-widget elementor-widget-text-editor\" data-id=\"af9c437\" data-element_type=\"widget\" data-widget_type=\"text-editor.default\">\n\t\t\t\t<div class=\"elementor-widget-container\">\n\t\t\t\t\t\t\t\t\t<p>esta experiencia a trav\u00e9s de la madera que utilizo, combinando est\u00e9tica y funcionalidad. \u00a1Crear piezas \u00fanicas de madera es mi dedicaci\u00f3n!<\/p>\t\t\t\t\t\t\t\t<\/div>\n\t\t\t\t<\/div>\n\t\t\t\t<\/div>\n\t\t\t\t<\/div>\n\t\t\t\t<\/div>\n\t\t\t\t<\/div>\n\t\t<div class=\"elementor-element elementor-element-3dc296d e-con-full e-flex parallax_section_no qode_elementor_container_no e-con e-parent\" data-id=\"3dc296d\" data-element_type=\"container\" data-settings=\"{&quot;background_background&quot;:&quot;classic&quot;}\">\n\t\t\t\t<div class=\"elementor-element elementor-element-0f20077 elementor-absolute elementor-hidden-tablet elementor-hidden-mobile elementor-widget elementor-widget-bridge_vertical_separator\" data-id=\"0f20077\" data-element_type=\"widget\" data-settings=\"{&quot;_position&quot;:&quot;absolute&quot;}\" data-widget_type=\"bridge_vertical_separator.default\">\n\t\t\t\t<div class=\"elementor-widget-container\">\n\t\t\t\t\t<div class=\"qode_vertical_separator\" style=\"height: 500px;width: 1px;background-color: #FFFFFF\">\n<\/div>\t\t\t\t<\/div>\n\t\t\t\t<\/div>\n\t\t\t\t<div class=\"elementor-element elementor-element-eec78fd elementor-absolute elementor-hidden-tablet elementor-hidden-mobile elementor-widget elementor-widget-bridge_vertical_separator\" data-id=\"eec78fd\" data-element_type=\"widget\" data-settings=\"{&quot;_position&quot;:&quot;absolute&quot;}\" data-widget_type=\"bridge_vertical_separator.default\">\n\t\t\t\t<div class=\"elementor-widget-container\">\n\t\t\t\t\t<div class=\"qode_vertical_separator\" style=\"height: 500px;width: 1px;background-color: #FFFFFF\">\n<\/div>\t\t\t\t<\/div>\n\t\t\t\t<\/div>\n\t\t\t\t<\/div>\n\t\t<div class=\"elementor-element elementor-element-7ab2a4f e-con-full e-flex parallax_section_no qode_elementor_container_no e-con e-parent\" data-id=\"7ab2a4f\" data-element_type=\"container\">\n\t\t\t\t<div class=\"elementor-element elementor-element-5eee4c7 elementor-absolute elementor-hidden-tablet elementor-hidden-mobile elementor-widget elementor-widget-bridge_vertical_separator\" data-id=\"5eee4c7\" data-element_type=\"widget\" data-settings=\"{&quot;_position&quot;:&quot;absolute&quot;}\" data-widget_type=\"bridge_vertical_separator.default\">\n\t\t\t\t<div class=\"elementor-widget-container\">\n\t\t\t\t\t<div class=\"qode_vertical_separator\" style=\"height: 1000px;width: 1px;background-color: #ECE8E5\">\n<\/div>\t\t\t\t<\/div>\n\t\t\t\t<\/div>\n\t\t\t\t<div class=\"elementor-element elementor-element-4487583 elementor-absolute elementor-hidden-tablet elementor-hidden-mobile elementor-widget elementor-widget-bridge_vertical_separator\" data-id=\"4487583\" data-element_type=\"widget\" data-settings=\"{&quot;_position&quot;:&quot;absolute&quot;}\" data-widget_type=\"bridge_vertical_separator.default\">\n\t\t\t\t<div class=\"elementor-widget-container\">\n\t\t\t\t\t<div class=\"qode_vertical_separator\" style=\"height: 1000px;width: 1px;background-color: #ECE8E5\">\n<\/div>\t\t\t\t<\/div>\n\t\t\t\t<\/div>\n\t\t<div class=\"elementor-element elementor-element-0d037da e-con-full qode_elementor_container_inner e-flex parallax_section_no e-con e-child\" data-id=\"0d037da\" data-element_type=\"container\">\n\t\t<div class=\"elementor-element elementor-element-254db51 e-con-full e-flex parallax_section_no qode_elementor_container_no e-con e-child\" data-id=\"254db51\" data-element_type=\"container\">\n\t\t\t\t<div class=\"elementor-element elementor-element-1d3060e elementor-widget elementor-widget-image\" data-id=\"1d3060e\" data-element_type=\"widget\" data-widget_type=\"image.default\">\n\t\t\t\t<div class=\"elementor-widget-container\">\n\t\t\t\t\t\t\t\t\t\t\t\t\t\t\t<img fetchpriority=\"high\" decoding=\"async\" width=\"624\" height=\"783\" src=\"https:\/\/vossenwood.com\/wp-content\/uploads\/2024\/08\/02-about-me.jpg\" class=\"attachment-full size-full wp-image-7135\" alt=\"\" srcset=\"https:\/\/vossenwood.com\/wp-content\/uploads\/2024\/08\/02-about-me.jpg 624w, https:\/\/vossenwood.com\/wp-content\/uploads\/2024\/08\/02-about-me-239x300.jpg 239w\" sizes=\"(max-width: 624px) 100vw, 624px\" \/>\t\t\t\t\t\t\t\t\t\t\t\t\t\t\t<\/div>\n\t\t\t\t<\/div>\n\t\t\t\t<\/div>\n\t\t<div class=\"elementor-element elementor-element-03c0a45 e-con-full e-flex parallax_section_no qode_elementor_container_no e-con e-child\" data-id=\"03c0a45\" data-element_type=\"container\">\n\t\t\t\t<div class=\"elementor-element elementor-element-6100c61 elementor-widget elementor-widget-bridge_vertical_separator\" data-id=\"6100c61\" data-element_type=\"widget\" data-widget_type=\"bridge_vertical_separator.default\">\n\t\t\t\t<div class=\"elementor-widget-container\">\n\t\t\t\t\t<div class=\"qode_vertical_separator\" style=\"height: 34px;width: 1px;background-color: #000000\">\n<\/div>\t\t\t\t<\/div>\n\t\t\t\t<\/div>\n\t\t\t\t<div class=\"elementor-element elementor-element-9dfb231 elementor-widget__width-auto elementor-widget elementor-widget-text-editor\" data-id=\"9dfb231\" data-element_type=\"widget\" data-widget_type=\"text-editor.default\">\n\t\t\t\t<div class=\"elementor-widget-container\">\n\t\t\t\t\t\t\t\t\t<h6 style=\"transform: rotate(-90deg);\">sobre m\u00ed<\/h6>\t\t\t\t\t\t\t\t<\/div>\n\t\t\t\t<\/div>\n\t\t\t\t<div class=\"elementor-element elementor-element-8958e7f elementor-widget__width-inherit elementor-widget elementor-widget-text-editor\" data-id=\"8958e7f\" data-element_type=\"widget\" data-widget_type=\"text-editor.default\">\n\t\t\t\t<div class=\"elementor-widget-container\">\n\t\t\t\t\t\t\t\t\tRa\u00edces belgas y escocesas\t\t\t\t\t\t\t\t<\/div>\n\t\t\t\t<\/div>\n\t\t\t\t<div class=\"elementor-element elementor-element-9d4ee40 elementor-widget__width-initial elementor-widget-tablet__width-inherit elementor-widget elementor-widget-text-editor\" data-id=\"9d4ee40\" data-element_type=\"widget\" data-widget_type=\"text-editor.default\">\n\t\t\t\t<div class=\"elementor-widget-container\">\n\t\t\t\t\t\t\t\t\t<p>Soy originario de B\u00e9lgica, donde mi amor por el teatro y el movimiento surgi\u00f3 de mis ra\u00edces belgas y escocesas. Estas ra\u00edces art\u00edsticas me llevaron por todo el mundo durante 15 a\u00f1os y durante ese tiempo explor\u00e9 diferentes artes y culturas. Adquir\u00ed una comprensi\u00f3n muy amplia de lo que significa lo esencial.<\/p><p>\u00a0<\/p><p>Hace 9 a\u00f1os que vivo en Catalu\u00f1a, donde he podido desarrollar y expresar mi amor por la carpinter\u00eda. Despu\u00e9s de graduarme en la escuela Emad de Catalu\u00f1a, y haberme especializado en Dise\u00f1o de Objetos y Muebles, abr\u00ed mi propio taller para poder dar forma y trabajar la madera de la forma que creo que se obtiene el mejor resultado.<\/p>\t\t\t\t\t\t\t\t<\/div>\n\t\t\t\t<\/div>\n\t\t\t\t<\/div>\n\t\t\t\t<\/div>\n\t\t\t\t<\/div>\n\t\t<div class=\"elementor-element elementor-element-090823e e-con-full e-flex parallax_section_no qode_elementor_container_no e-con e-parent\" data-id=\"090823e\" data-element_type=\"container\" data-settings=\"{&quot;background_background&quot;:&quot;classic&quot;}\">\n\t\t\t\t<div class=\"elementor-element elementor-element-4be9b60 elementor-absolute elementor-hidden-tablet elementor-hidden-mobile elementor-widget elementor-widget-bridge_vertical_separator\" data-id=\"4be9b60\" data-element_type=\"widget\" data-settings=\"{&quot;_position&quot;:&quot;absolute&quot;}\" data-widget_type=\"bridge_vertical_separator.default\">\n\t\t\t\t<div class=\"elementor-widget-container\">\n\t\t\t\t\t<div class=\"qode_vertical_separator\" style=\"height: 500px;width: 1px;background-color: #FFFFFF\">\n<\/div>\t\t\t\t<\/div>\n\t\t\t\t<\/div>\n\t\t\t\t<div class=\"elementor-element elementor-element-0d1abc9 elementor-absolute elementor-hidden-tablet elementor-hidden-mobile elementor-widget elementor-widget-bridge_vertical_separator\" data-id=\"0d1abc9\" data-element_type=\"widget\" data-settings=\"{&quot;_position&quot;:&quot;absolute&quot;}\" data-widget_type=\"bridge_vertical_separator.default\">\n\t\t\t\t<div class=\"elementor-widget-container\">\n\t\t\t\t\t<div class=\"qode_vertical_separator\" style=\"height: 500px;width: 1px;background-color: #FFFFFF\">\n<\/div>\t\t\t\t<\/div>\n\t\t\t\t<\/div>\n\t\t\t\t<\/div>\n\t\t<div class=\"elementor-element elementor-element-2d2eaf7 e-flex e-con-boxed parallax_section_no qode_elementor_container_no e-con e-parent\" data-id=\"2d2eaf7\" data-element_type=\"container\">\n\t\t\t\t\t<div class=\"e-con-inner\">\n\t\t<div class=\"elementor-element elementor-element-f53cc1f e-grid e-con-full parallax_section_no qode_elementor_container_no e-con e-child\" data-id=\"f53cc1f\" data-element_type=\"container\">\n\t\t\t\t<div class=\"elementor-element elementor-element-ee38b77 elementor-widget__width-initial elementor-widget-tablet__width-inherit elementor-widget elementor-widget-text-editor\" data-id=\"ee38b77\" data-element_type=\"widget\" data-widget_type=\"text-editor.default\">\n\t\t\t\t<div class=\"elementor-widget-container\">\n\t\t\t\t\t\t\t\t\t<p>Mi taller se encuentra en Sant Esteve d\u2019en Bas, un peque\u00f1o pueblo en la preciosa, verde y volc\u00e1nica comarca de la Garrotxa. Aqu\u00ed produzco objetos y muebles \u00fanicos. Utilizo especies de \u00e1rboles locales siempre que es posible y acabados ecol\u00f3gicos. La madera se debe entender como un material vivo, y se debe considerar en todas sus etapas para alcanzar un producto con el est\u00e1ndar de calidad m\u00e1s alto.<\/p><p>\u00a0<\/p><p>Utilizo t\u00e9cnicas de carpinter\u00eda tradicional de encajes siempre que sea posible para perpetuar las tradiciones ancestrales. Pero, m\u00e1s importante que eso, para m\u00ed, es que estas t\u00e9cnicas tradicionales garanticen que la esencia de la madera interact\u00fae con la mec\u00e1nica de las juntas para asegurar estructuras fuertes y duraderas.<\/p>\t\t\t\t\t\t\t\t<\/div>\n\t\t\t\t<\/div>\n\t\t\t\t<div class=\"elementor-element elementor-element-18dcfdb elementor-widget elementor-widget-image\" data-id=\"18dcfdb\" data-element_type=\"widget\" data-widget_type=\"image.default\">\n\t\t\t\t<div class=\"elementor-widget-container\">\n\t\t\t\t\t\t\t\t\t\t\t\t\t\t\t<img decoding=\"async\" width=\"843\" height=\"587\" src=\"https:\/\/vossenwood.com\/wp-content\/uploads\/2024\/08\/04-about-me.jpg\" class=\"attachment-large size-large wp-image-7137\" alt=\"\" srcset=\"https:\/\/vossenwood.com\/wp-content\/uploads\/2024\/08\/04-about-me.jpg 843w, https:\/\/vossenwood.com\/wp-content\/uploads\/2024\/08\/04-about-me-300x209.jpg 300w, https:\/\/vossenwood.com\/wp-content\/uploads\/2024\/08\/04-about-me-768x535.jpg 768w, https:\/\/vossenwood.com\/wp-content\/uploads\/2024\/08\/04-about-me-700x487.jpg 700w\" sizes=\"(max-width: 843px) 100vw, 843px\" \/>\t\t\t\t\t\t\t\t\t\t\t\t\t\t\t<\/div>\n\t\t\t\t<\/div>\n\t\t\t\t<\/div>\n\t\t\t\t\t<\/div>\n\t\t\t\t<\/div>\n\t\t<div class=\"elementor-element elementor-element-da3475e e-flex e-con-boxed parallax_section_no qode_elementor_container_no e-con e-parent\" data-id=\"da3475e\" data-element_type=\"container\">\n\t\t\t\t\t<div class=\"e-con-inner\">\n\t\t<div class=\"elementor-element elementor-element-6096c57 e-grid e-con-full parallax_section_no qode_elementor_container_no e-con e-child\" data-id=\"6096c57\" data-element_type=\"container\">\n\t\t\t\t<div class=\"elementor-element elementor-element-61d7808 elementor-widget elementor-widget-image\" data-id=\"61d7808\" data-element_type=\"widget\" data-widget_type=\"image.default\">\n\t\t\t\t<div class=\"elementor-widget-container\">\n\t\t\t\t\t\t\t\t\t\t\t\t\t\t\t<img decoding=\"async\" width=\"843\" height=\"587\" src=\"https:\/\/vossenwood.com\/wp-content\/uploads\/2024\/08\/05-about-me.jpg\" class=\"attachment-large size-large wp-image-7138\" alt=\"\" srcset=\"https:\/\/vossenwood.com\/wp-content\/uploads\/2024\/08\/05-about-me.jpg 843w, https:\/\/vossenwood.com\/wp-content\/uploads\/2024\/08\/05-about-me-300x209.jpg 300w, https:\/\/vossenwood.com\/wp-content\/uploads\/2024\/08\/05-about-me-768x535.jpg 768w, https:\/\/vossenwood.com\/wp-content\/uploads\/2024\/08\/05-about-me-700x487.jpg 700w\" sizes=\"(max-width: 843px) 100vw, 843px\" \/>\t\t\t\t\t\t\t\t\t\t\t\t\t\t\t<\/div>\n\t\t\t\t<\/div>\n\t\t\t\t<div class=\"elementor-element elementor-element-46f8bbf elementor-widget__width-initial elementor-widget-tablet__width-inherit elementor-widget elementor-widget-text-editor\" data-id=\"46f8bbf\" data-element_type=\"widget\" data-widget_type=\"text-editor.default\">\n\t\t\t\t<div class=\"elementor-widget-container\">\n\t\t\t\t\t\t\t\t\t<p>Para m\u00ed, el dise\u00f1o significa la uni\u00f3n de est\u00e9tica y funcionalidad. La sinergia entre ambas eleva un objeto o pieza de mobiliario de una posici\u00f3n puramente utilitaria a una interpretaci\u00f3n art\u00edstica de su uso. Utilizo tecnolog\u00eda inform\u00e1tica moderna para apoyar el proceso creativo mediante dibujos t\u00e9cnicos y planos 2D y 3D.<\/p><p>\u00a0<\/p><p>Gracias a mi extenso viaje por el mundo, puedo discutir vuestros planes y proyectos en varios idiomas (franc\u00e9s, ingl\u00e9s, espa\u00f1ol [tanto catal\u00e1n como castellano], y en menor medida en alem\u00e1n, neerland\u00e9s e italiano).<\/p><p>\u00a0<\/p><p>No dud\u00e9is en contactarme para hablar de vuestras ideas. Podemos formar un equipo para hacer que vuestro proyecto so\u00f1ado se convierta en realidad.<\/p>\t\t\t\t\t\t\t\t<\/div>\n\t\t\t\t<\/div>\n\t\t\t\t<\/div>\n\t\t\t\t\t<\/div>\n\t\t\t\t<\/div>\n\t\t\t\t<\/div>\n\t\t","protected":false},"excerpt":{"rendered":"<p>Sobre m\u00ed Hola. Soy David Vossen, un ebanista y carpintero belga que vive en Catalu\u00f1a, al norte de Espa\u00f1a. El arte y el movimiento siempre han sido parte de mi vida y mi objetivo profesional es transponer esta experiencia a trav\u00e9s de la madera que&#8230;<\/p>\n","protected":false},"author":1,"featured_media":0,"parent":0,"menu_order":0,"comment_status":"closed","ping_status":"closed","template":"full_width.php","meta":{"footnotes":""},"class_list":["post-7150","page","type-page","status-publish","hentry"],"yoast_head":"<!-- This site is optimized with the Yoast SEO plugin v26.8 - https:\/\/yoast.com\/product\/yoast-seo-wordpress\/ -->\n<title>Sobre m\u00ed - Vossen wood<\/title>\n<meta name=\"robots\" content=\"index, follow, max-snippet:-1, max-image-preview:large, max-video-preview:-1\" \/>\n<link rel=\"canonical\" href=\"https:\/\/vossenwood.com\/es\/sobre-mi\/\" \/>\n<meta property=\"og:locale\" content=\"es_ES\" \/>\n<meta property=\"og:type\" content=\"article\" \/>\n<meta property=\"og:title\" content=\"Sobre m\u00ed - Vossen wood\" \/>\n<meta property=\"og:description\" content=\"Sobre m\u00ed Hola. Soy David Vossen, un ebanista y carpintero belga que vive en Catalu\u00f1a, al norte de Espa\u00f1a. El arte y el movimiento siempre han sido parte de mi vida y mi objetivo profesional es transponer esta experiencia a trav\u00e9s de la madera que...\" \/>\n<meta property=\"og:url\" content=\"https:\/\/vossenwood.com\/es\/sobre-mi\/\" \/>\n<meta property=\"og:site_name\" content=\"Vossen wood\" \/>\n<meta property=\"article:modified_time\" content=\"2025-07-30T07:42:43+00:00\" \/>\n<meta property=\"og:image\" content=\"https:\/\/vossenwood.com\/wp-content\/uploads\/2024\/08\/02-about-me.jpg\" \/>\n\t<meta property=\"og:image:width\" content=\"624\" \/>\n\t<meta property=\"og:image:height\" content=\"783\" \/>\n\t<meta property=\"og:image:type\" content=\"image\/jpeg\" \/>\n<meta name=\"twitter:card\" content=\"summary_large_image\" \/>\n<meta name=\"twitter:label1\" content=\"Tiempo de lectura\" \/>\n\t<meta name=\"twitter:data1\" content=\"3 minutos\" \/>\n<script type=\"application\/ld+json\" class=\"yoast-schema-graph\">{\"@context\":\"https:\/\/schema.org\",\"@graph\":[{\"@type\":\"WebPage\",\"@id\":\"https:\/\/vossenwood.com\/es\/sobre-mi\/\",\"url\":\"https:\/\/vossenwood.com\/es\/sobre-mi\/\",\"name\":\"Sobre m\u00ed - Vossen wood\",\"isPartOf\":{\"@id\":\"https:\/\/vossenwood.com\/es\/#website\"},\"primaryImageOfPage\":{\"@id\":\"https:\/\/vossenwood.com\/es\/sobre-mi\/#primaryimage\"},\"image\":{\"@id\":\"https:\/\/vossenwood.com\/es\/sobre-mi\/#primaryimage\"},\"thumbnailUrl\":\"https:\/\/vossenwood.com\/wp-content\/uploads\/2024\/08\/02-about-me.jpg\",\"datePublished\":\"2023-11-02T07:09:49+00:00\",\"dateModified\":\"2025-07-30T07:42:43+00:00\",\"breadcrumb\":{\"@id\":\"https:\/\/vossenwood.com\/es\/sobre-mi\/#breadcrumb\"},\"inLanguage\":\"es\",\"potentialAction\":[{\"@type\":\"ReadAction\",\"target\":[\"https:\/\/vossenwood.com\/es\/sobre-mi\/\"]}]},{\"@type\":\"ImageObject\",\"inLanguage\":\"es\",\"@id\":\"https:\/\/vossenwood.com\/es\/sobre-mi\/#primaryimage\",\"url\":\"https:\/\/vossenwood.com\/wp-content\/uploads\/2024\/08\/02-about-me.jpg\",\"contentUrl\":\"https:\/\/vossenwood.com\/wp-content\/uploads\/2024\/08\/02-about-me.jpg\"},{\"@type\":\"BreadcrumbList\",\"@id\":\"https:\/\/vossenwood.com\/es\/sobre-mi\/#breadcrumb\",\"itemListElement\":[{\"@type\":\"ListItem\",\"position\":1,\"name\":\"Inici\",\"item\":\"https:\/\/vossenwood.com\/es\/\"},{\"@type\":\"ListItem\",\"position\":2,\"name\":\"Sobre m\u00ed\"}]},{\"@type\":\"WebSite\",\"@id\":\"https:\/\/vossenwood.com\/es\/#website\",\"url\":\"https:\/\/vossenwood.com\/es\/\",\"name\":\"Vossen Wood\",\"description\":\"Handcrafted wood design\",\"publisher\":{\"@id\":\"https:\/\/vossenwood.com\/es\/#organization\"},\"alternateName\":\"Vossen Wood\",\"potentialAction\":[{\"@type\":\"SearchAction\",\"target\":{\"@type\":\"EntryPoint\",\"urlTemplate\":\"https:\/\/vossenwood.com\/es\/?s={search_term_string}\"},\"query-input\":{\"@type\":\"PropertyValueSpecification\",\"valueRequired\":true,\"valueName\":\"search_term_string\"}}],\"inLanguage\":\"es\"},{\"@type\":\"Organization\",\"@id\":\"https:\/\/vossenwood.com\/es\/#organization\",\"name\":\"Vossen Wood\",\"alternateName\":\"Vossen Wood\",\"url\":\"https:\/\/vossenwood.com\/es\/\",\"logo\":{\"@type\":\"ImageObject\",\"inLanguage\":\"es\",\"@id\":\"https:\/\/vossenwood.com\/es\/#\/schema\/logo\/image\/\",\"url\":\"https:\/\/vossenwood.com\/wp-content\/uploads\/2024\/08\/vossen-header.svg\",\"contentUrl\":\"https:\/\/vossenwood.com\/wp-content\/uploads\/2024\/08\/vossen-header.svg\",\"width\":903,\"height\":253,\"caption\":\"Vossen Wood\"},\"image\":{\"@id\":\"https:\/\/vossenwood.com\/es\/#\/schema\/logo\/image\/\"},\"sameAs\":[\"https:\/\/www.instagram.com\/vossendavid\/\"]}]}<\/script>\n<!-- \/ Yoast SEO plugin. -->","yoast_head_json":{"title":"Sobre m\u00ed - Vossen wood","robots":{"index":"index","follow":"follow","max-snippet":"max-snippet:-1","max-image-preview":"max-image-preview:large","max-video-preview":"max-video-preview:-1"},"canonical":"https:\/\/vossenwood.com\/es\/sobre-mi\/","og_locale":"es_ES","og_type":"article","og_title":"Sobre m\u00ed - Vossen wood","og_description":"Sobre m\u00ed Hola. Soy David Vossen, un ebanista y carpintero belga que vive en Catalu\u00f1a, al norte de Espa\u00f1a. El arte y el movimiento siempre han sido parte de mi vida y mi objetivo profesional es transponer esta experiencia a trav\u00e9s de la madera que...","og_url":"https:\/\/vossenwood.com\/es\/sobre-mi\/","og_site_name":"Vossen wood","article_modified_time":"2025-07-30T07:42:43+00:00","og_image":[{"width":624,"height":783,"url":"https:\/\/vossenwood.com\/wp-content\/uploads\/2024\/08\/02-about-me.jpg","type":"image\/jpeg"}],"twitter_card":"summary_large_image","twitter_misc":{"Tiempo de lectura":"3 minutos"},"schema":{"@context":"https:\/\/schema.org","@graph":[{"@type":"WebPage","@id":"https:\/\/vossenwood.com\/es\/sobre-mi\/","url":"https:\/\/vossenwood.com\/es\/sobre-mi\/","name":"Sobre m\u00ed - Vossen wood","isPartOf":{"@id":"https:\/\/vossenwood.com\/es\/#website"},"primaryImageOfPage":{"@id":"https:\/\/vossenwood.com\/es\/sobre-mi\/#primaryimage"},"image":{"@id":"https:\/\/vossenwood.com\/es\/sobre-mi\/#primaryimage"},"thumbnailUrl":"https:\/\/vossenwood.com\/wp-content\/uploads\/2024\/08\/02-about-me.jpg","datePublished":"2023-11-02T07:09:49+00:00","dateModified":"2025-07-30T07:42:43+00:00","breadcrumb":{"@id":"https:\/\/vossenwood.com\/es\/sobre-mi\/#breadcrumb"},"inLanguage":"es","potentialAction":[{"@type":"ReadAction","target":["https:\/\/vossenwood.com\/es\/sobre-mi\/"]}]},{"@type":"ImageObject","inLanguage":"es","@id":"https:\/\/vossenwood.com\/es\/sobre-mi\/#primaryimage","url":"https:\/\/vossenwood.com\/wp-content\/uploads\/2024\/08\/02-about-me.jpg","contentUrl":"https:\/\/vossenwood.com\/wp-content\/uploads\/2024\/08\/02-about-me.jpg"},{"@type":"BreadcrumbList","@id":"https:\/\/vossenwood.com\/es\/sobre-mi\/#breadcrumb","itemListElement":[{"@type":"ListItem","position":1,"name":"Inici","item":"https:\/\/vossenwood.com\/es\/"},{"@type":"ListItem","position":2,"name":"Sobre m\u00ed"}]},{"@type":"WebSite","@id":"https:\/\/vossenwood.com\/es\/#website","url":"https:\/\/vossenwood.com\/es\/","name":"Vossen Wood","description":"Handcrafted wood design","publisher":{"@id":"https:\/\/vossenwood.com\/es\/#organization"},"alternateName":"Vossen Wood","potentialAction":[{"@type":"SearchAction","target":{"@type":"EntryPoint","urlTemplate":"https:\/\/vossenwood.com\/es\/?s={search_term_string}"},"query-input":{"@type":"PropertyValueSpecification","valueRequired":true,"valueName":"search_term_string"}}],"inLanguage":"es"},{"@type":"Organization","@id":"https:\/\/vossenwood.com\/es\/#organization","name":"Vossen Wood","alternateName":"Vossen Wood","url":"https:\/\/vossenwood.com\/es\/","logo":{"@type":"ImageObject","inLanguage":"es","@id":"https:\/\/vossenwood.com\/es\/#\/schema\/logo\/image\/","url":"https:\/\/vossenwood.com\/wp-content\/uploads\/2024\/08\/vossen-header.svg","contentUrl":"https:\/\/vossenwood.com\/wp-content\/uploads\/2024\/08\/vossen-header.svg","width":903,"height":253,"caption":"Vossen Wood"},"image":{"@id":"https:\/\/vossenwood.com\/es\/#\/schema\/logo\/image\/"},"sameAs":["https:\/\/www.instagram.com\/vossendavid\/"]}]}},"_links":{"self":[{"href":"https:\/\/vossenwood.com\/es\/wp-json\/wp\/v2\/pages\/7150","targetHints":{"allow":["GET"]}}],"collection":[{"href":"https:\/\/vossenwood.com\/es\/wp-json\/wp\/v2\/pages"}],"about":[{"href":"https:\/\/vossenwood.com\/es\/wp-json\/wp\/v2\/types\/page"}],"author":[{"embeddable":true,"href":"https:\/\/vossenwood.com\/es\/wp-json\/wp\/v2\/users\/1"}],"replies":[{"embeddable":true,"href":"https:\/\/vossenwood.com\/es\/wp-json\/wp\/v2\/comments?post=7150"}],"version-history":[{"count":0,"href":"https:\/\/vossenwood.com\/es\/wp-json\/wp\/v2\/pages\/7150\/revisions"}],"wp:attachment":[{"href":"https:\/\/vossenwood.com\/es\/wp-json\/wp\/v2\/media?parent=7150"}],"curies":[{"name":"wp","href":"https:\/\/api.w.org\/{rel}","templated":true}]}}