{"id":7376,"date":"2024-08-06T12:45:46","date_gmt":"2024-08-06T10:45:46","guid":{"rendered":"https:\/\/vossenwood.com\/privacy-policy\/"},"modified":"2024-09-17T08:33:32","modified_gmt":"2024-09-17T06:33:32","slug":"politica-de-privacitat","status":"publish","type":"page","link":"https:\/\/vossenwood.com\/ca\/politica-de-privacitat\/","title":{"rendered":"Pol\u00edtica de privacitat"},"content":{"rendered":"\t\t<div data-elementor-type=\"wp-page\" data-elementor-id=\"7376\" class=\"elementor elementor-7376 elementor-6636\" data-elementor-post-type=\"page\">\n\t\t\t\t<div class=\"elementor-element elementor-element-0a95d4a e-flex e-con-boxed parallax_section_no qode_elementor_container_no e-con e-parent\" data-id=\"0a95d4a\" data-element_type=\"container\">\n\t\t\t\t\t<div class=\"e-con-inner\">\n\t\t\t\t<div class=\"elementor-element elementor-element-9311313 elementor-widget elementor-widget-text-editor\" data-id=\"9311313\" data-element_type=\"widget\" data-widget_type=\"text-editor.default\">\n\t\t\t\t<div class=\"elementor-widget-container\">\n\t\t\t\t\t\t\t\t\t<p>D\u2019acord amb l\u2019establert a la Ley Org\u00e1nica 15\/1999, de 13 de desembre, de Protecci\u00f3n de Datos de Car\u00e1cter Personal, ) i el Reglament Europeu 2016\/680 del Parlament Europeu de 27 d\u2019Abril, David Vossen comunica que les dades personals que l\u2019usuari faciliti durant tot el proc\u00e9s, inclosa la seva adre\u00e7a de correu electr\u00f2nic i totes aquelles dades personals a les quals l\u2019empresa accedeixi durant la navegaci\u00f3, seran tractades en fitxer \/ si sempre d\u2019acord amb la legislaci\u00f3 vigent.<br \/>La informaci\u00f3 que pugui ser remesa a David Vossen incorporar\u00e0 als seus sistemes d\u2019informaci\u00f3 i \u00fanicament ser\u00e0 utilitzada per als fins para las quals fou recollida.<br \/>David Vossen l\u2019informa que les seves dades personals estan en els nostres arxius Manuals o Informatitzats, que respectem la confidencialitat en la informaci\u00f3 facilitada, i que pot exercir el dret d\u2019informaci\u00f3 en la recollida de les seves dades, a saber per qu\u00e8 i com s\u00f3n tractades les seves dades personals i decidir en quant al seu tractament.<br \/>Les dades proporcionades es conservaran mentre es mantingui la relaci\u00f3 comercial o durant els anys necessaris per cumplir amb les obligacions legals. Les dades no se cediran a tercers excepte en els casos en qu\u00e8 hi hagi una obligaci\u00f3 legal. Vost\u00e8 t\u00e9 dret a accedir a les seves dades personals, les dades inexactes o sol\u00b7licitar la seva supressi\u00f3 quan les dades ja no siguin necess\u00e0ries. Pot exercir en tot moment els drets de consulta, acc\u00e9s, rectificaci\u00f3, oposici\u00f3, limitaci\u00f3 i supressi\u00f3 de les seves dades, dirigint un escrit amb fotoc\u00f2pia del seu DNI o un altre document d\u2019identitat, a David Vossen, Carrer Sant Rafael 5, 17176 Sant Esteve d\u2019en Bas, <a href=\"mailto:david@vossenwood.com\">david@vossenwood.com<\/a><\/p>\t\t\t\t\t\t\t\t<\/div>\n\t\t\t\t<\/div>\n\t\t\t\t\t<\/div>\n\t\t\t\t<\/div>\n\t\t\t\t<\/div>\n\t\t","protected":false},"excerpt":{"rendered":"<p>D\u2019acord amb l\u2019establert a la Ley Org\u00e1nica 15\/1999, de 13 de desembre, de Protecci\u00f3n de Datos de Car\u00e1cter Personal, ) i el Reglament Europeu 2016\/680 del Parlament Europeu de 27 d\u2019Abril, David Vossen comunica que les dades personals que l\u2019usuari faciliti durant tot el proc\u00e9s,&#8230;<\/p>\n","protected":false},"author":1,"featured_media":0,"parent":0,"menu_order":0,"comment_status":"closed","ping_status":"closed","template":"","meta":{"footnotes":""},"class_list":["post-7376","page","type-page","status-publish","hentry"],"yoast_head":"<!-- This site is optimized with the Yoast SEO plugin v26.8 - https:\/\/yoast.com\/product\/yoast-seo-wordpress\/ -->\n<title>Pol\u00edtica de privacitat - Vossen wood<\/title>\n<meta name=\"robots\" content=\"index, follow, max-snippet:-1, max-image-preview:large, max-video-preview:-1\" \/>\n<link rel=\"canonical\" href=\"https:\/\/vossenwood.com\/ca\/politica-de-privacitat\/\" \/>\n<meta property=\"og:locale\" content=\"ca_ES\" \/>\n<meta property=\"og:type\" content=\"article\" \/>\n<meta property=\"og:title\" content=\"Pol\u00edtica de privacitat - Vossen wood\" \/>\n<meta property=\"og:description\" content=\"D\u2019acord amb l\u2019establert a la Ley Org\u00e1nica 15\/1999, de 13 de desembre, de Protecci\u00f3n de Datos de Car\u00e1cter Personal, ) i el Reglament Europeu 2016\/680 del Parlament Europeu de 27 d\u2019Abril, David Vossen comunica que les dades personals que l\u2019usuari faciliti durant tot el proc\u00e9s,...\" \/>\n<meta property=\"og:url\" content=\"https:\/\/vossenwood.com\/ca\/politica-de-privacitat\/\" \/>\n<meta property=\"og:site_name\" content=\"Vossen wood\" \/>\n<meta property=\"article:modified_time\" content=\"2024-09-17T06:33:32+00:00\" \/>\n<meta property=\"og:image\" content=\"https:\/\/vossenwood.com\/wp-content\/uploads\/2024\/08\/favicon.png\" \/>\n\t<meta property=\"og:image:width\" content=\"80\" \/>\n\t<meta property=\"og:image:height\" content=\"66\" \/>\n\t<meta property=\"og:image:type\" content=\"image\/png\" \/>\n<meta name=\"twitter:card\" content=\"summary_large_image\" \/>\n<meta name=\"twitter:label1\" content=\"Temps estimat de lectura\" \/>\n\t<meta name=\"twitter:data1\" content=\"2 minuts\" \/>\n<script type=\"application\/ld+json\" class=\"yoast-schema-graph\">{\"@context\":\"https:\/\/schema.org\",\"@graph\":[{\"@type\":\"WebPage\",\"@id\":\"https:\/\/vossenwood.com\/ca\/politica-de-privacitat\/\",\"url\":\"https:\/\/vossenwood.com\/ca\/politica-de-privacitat\/\",\"name\":\"Pol\u00edtica de privacitat - Vossen wood\",\"isPartOf\":{\"@id\":\"https:\/\/vossenwood.com\/ca\/#website\"},\"datePublished\":\"2024-08-06T10:45:46+00:00\",\"dateModified\":\"2024-09-17T06:33:32+00:00\",\"breadcrumb\":{\"@id\":\"https:\/\/vossenwood.com\/ca\/politica-de-privacitat\/#breadcrumb\"},\"inLanguage\":\"ca\",\"potentialAction\":[{\"@type\":\"ReadAction\",\"target\":[\"https:\/\/vossenwood.com\/ca\/politica-de-privacitat\/\"]}]},{\"@type\":\"BreadcrumbList\",\"@id\":\"https:\/\/vossenwood.com\/ca\/politica-de-privacitat\/#breadcrumb\",\"itemListElement\":[{\"@type\":\"ListItem\",\"position\":1,\"name\":\"Inici\",\"item\":\"https:\/\/vossenwood.com\/ca\/\"},{\"@type\":\"ListItem\",\"position\":2,\"name\":\"Pol\u00edtica de privacitat\"}]},{\"@type\":\"WebSite\",\"@id\":\"https:\/\/vossenwood.com\/ca\/#website\",\"url\":\"https:\/\/vossenwood.com\/ca\/\",\"name\":\"Vossen Wood\",\"description\":\"Handcrafted wood design\",\"publisher\":{\"@id\":\"https:\/\/vossenwood.com\/ca\/#organization\"},\"alternateName\":\"Vossen Wood\",\"potentialAction\":[{\"@type\":\"SearchAction\",\"target\":{\"@type\":\"EntryPoint\",\"urlTemplate\":\"https:\/\/vossenwood.com\/ca\/?s={search_term_string}\"},\"query-input\":{\"@type\":\"PropertyValueSpecification\",\"valueRequired\":true,\"valueName\":\"search_term_string\"}}],\"inLanguage\":\"ca\"},{\"@type\":\"Organization\",\"@id\":\"https:\/\/vossenwood.com\/ca\/#organization\",\"name\":\"Vossen Wood\",\"alternateName\":\"Vossen Wood\",\"url\":\"https:\/\/vossenwood.com\/ca\/\",\"logo\":{\"@type\":\"ImageObject\",\"inLanguage\":\"ca\",\"@id\":\"https:\/\/vossenwood.com\/ca\/#\/schema\/logo\/image\/\",\"url\":\"https:\/\/vossenwood.com\/wp-content\/uploads\/2024\/08\/vossen-header.svg\",\"contentUrl\":\"https:\/\/vossenwood.com\/wp-content\/uploads\/2024\/08\/vossen-header.svg\",\"width\":903,\"height\":253,\"caption\":\"Vossen Wood\"},\"image\":{\"@id\":\"https:\/\/vossenwood.com\/ca\/#\/schema\/logo\/image\/\"},\"sameAs\":[\"https:\/\/www.instagram.com\/vossendavid\/\"]}]}<\/script>\n<!-- \/ Yoast SEO plugin. -->","yoast_head_json":{"title":"Pol\u00edtica de privacitat - Vossen wood","robots":{"index":"index","follow":"follow","max-snippet":"max-snippet:-1","max-image-preview":"max-image-preview:large","max-video-preview":"max-video-preview:-1"},"canonical":"https:\/\/vossenwood.com\/ca\/politica-de-privacitat\/","og_locale":"ca_ES","og_type":"article","og_title":"Pol\u00edtica de privacitat - Vossen wood","og_description":"D\u2019acord amb l\u2019establert a la Ley Org\u00e1nica 15\/1999, de 13 de desembre, de Protecci\u00f3n de Datos de Car\u00e1cter Personal, ) i el Reglament Europeu 2016\/680 del Parlament Europeu de 27 d\u2019Abril, David Vossen comunica que les dades personals que l\u2019usuari faciliti durant tot el proc\u00e9s,...","og_url":"https:\/\/vossenwood.com\/ca\/politica-de-privacitat\/","og_site_name":"Vossen wood","article_modified_time":"2024-09-17T06:33:32+00:00","og_image":[{"width":80,"height":66,"url":"https:\/\/vossenwood.com\/wp-content\/uploads\/2024\/08\/favicon.png","type":"image\/png"}],"twitter_card":"summary_large_image","twitter_misc":{"Temps estimat de lectura":"2 minuts"},"schema":{"@context":"https:\/\/schema.org","@graph":[{"@type":"WebPage","@id":"https:\/\/vossenwood.com\/ca\/politica-de-privacitat\/","url":"https:\/\/vossenwood.com\/ca\/politica-de-privacitat\/","name":"Pol\u00edtica de privacitat - Vossen wood","isPartOf":{"@id":"https:\/\/vossenwood.com\/ca\/#website"},"datePublished":"2024-08-06T10:45:46+00:00","dateModified":"2024-09-17T06:33:32+00:00","breadcrumb":{"@id":"https:\/\/vossenwood.com\/ca\/politica-de-privacitat\/#breadcrumb"},"inLanguage":"ca","potentialAction":[{"@type":"ReadAction","target":["https:\/\/vossenwood.com\/ca\/politica-de-privacitat\/"]}]},{"@type":"BreadcrumbList","@id":"https:\/\/vossenwood.com\/ca\/politica-de-privacitat\/#breadcrumb","itemListElement":[{"@type":"ListItem","position":1,"name":"Inici","item":"https:\/\/vossenwood.com\/ca\/"},{"@type":"ListItem","position":2,"name":"Pol\u00edtica de privacitat"}]},{"@type":"WebSite","@id":"https:\/\/vossenwood.com\/ca\/#website","url":"https:\/\/vossenwood.com\/ca\/","name":"Vossen Wood","description":"Handcrafted wood design","publisher":{"@id":"https:\/\/vossenwood.com\/ca\/#organization"},"alternateName":"Vossen Wood","potentialAction":[{"@type":"SearchAction","target":{"@type":"EntryPoint","urlTemplate":"https:\/\/vossenwood.com\/ca\/?s={search_term_string}"},"query-input":{"@type":"PropertyValueSpecification","valueRequired":true,"valueName":"search_term_string"}}],"inLanguage":"ca"},{"@type":"Organization","@id":"https:\/\/vossenwood.com\/ca\/#organization","name":"Vossen Wood","alternateName":"Vossen Wood","url":"https:\/\/vossenwood.com\/ca\/","logo":{"@type":"ImageObject","inLanguage":"ca","@id":"https:\/\/vossenwood.com\/ca\/#\/schema\/logo\/image\/","url":"https:\/\/vossenwood.com\/wp-content\/uploads\/2024\/08\/vossen-header.svg","contentUrl":"https:\/\/vossenwood.com\/wp-content\/uploads\/2024\/08\/vossen-header.svg","width":903,"height":253,"caption":"Vossen Wood"},"image":{"@id":"https:\/\/vossenwood.com\/ca\/#\/schema\/logo\/image\/"},"sameAs":["https:\/\/www.instagram.com\/vossendavid\/"]}]}},"_links":{"self":[{"href":"https:\/\/vossenwood.com\/ca\/wp-json\/wp\/v2\/pages\/7376","targetHints":{"allow":["GET"]}}],"collection":[{"href":"https:\/\/vossenwood.com\/ca\/wp-json\/wp\/v2\/pages"}],"about":[{"href":"https:\/\/vossenwood.com\/ca\/wp-json\/wp\/v2\/types\/page"}],"author":[{"embeddable":true,"href":"https:\/\/vossenwood.com\/ca\/wp-json\/wp\/v2\/users\/1"}],"replies":[{"embeddable":true,"href":"https:\/\/vossenwood.com\/ca\/wp-json\/wp\/v2\/comments?post=7376"}],"version-history":[{"count":0,"href":"https:\/\/vossenwood.com\/ca\/wp-json\/wp\/v2\/pages\/7376\/revisions"}],"wp:attachment":[{"href":"https:\/\/vossenwood.com\/ca\/wp-json\/wp\/v2\/media?parent=7376"}],"curies":[{"name":"wp","href":"https:\/\/api.w.org\/{rel}","templated":true}]}}