{"id":7372,"date":"2024-08-06T12:42:40","date_gmt":"2024-08-06T10:42:40","guid":{"rendered":"https:\/\/vossenwood.com\/legal-notice\/"},"modified":"2024-09-17T08:35:27","modified_gmt":"2024-09-17T06:35:27","slug":"avis-legal","status":"publish","type":"page","link":"https:\/\/vossenwood.com\/ca\/avis-legal\/","title":{"rendered":"Av\u00eds legal"},"content":{"rendered":"\t\t<div data-elementor-type=\"wp-page\" data-elementor-id=\"7372\" class=\"elementor elementor-7372 elementor-6623\" data-elementor-post-type=\"page\">\n\t\t\t\t<div class=\"elementor-element elementor-element-36e7fdf e-flex e-con-boxed parallax_section_no qode_elementor_container_no e-con e-parent\" data-id=\"36e7fdf\" data-element_type=\"container\">\n\t\t\t\t\t<div class=\"e-con-inner\">\n\t\t\t\t<div class=\"elementor-element elementor-element-c0cfa06 elementor-widget elementor-widget-text-editor\" data-id=\"c0cfa06\" data-element_type=\"widget\" data-widget_type=\"text-editor.default\">\n\t\t\t\t<div class=\"elementor-widget-container\">\n\t\t\t\t\t\t\t\t\t<p><strong>1. EL PORTAL VOSSEN WOOD<\/strong><br \/>1.1 A trav\u00e9s de VOSSENWOOD, accessible a trav\u00e9s de l\u2019adre\u00e7a URL www.vossenwood.com es facilita als visitants i usuaris del mateix, (d\u2019ara en endavant, els \u201cUsuaris\u201d), l\u2019acc\u00e9s a una ampla gamma de productes, serveis i continguts (d\u2019ara en endavant, \u201cels Serveis\u201d).<\/p><p>\u00a0<\/p><p>1.2 Les dades identificatives del responsable del Portal s\u00f3n els que figuren a continuaci\u00f3:<br \/>DAVID VOSSEN, treballador per compte propi \u2013 persona f\u00edsica<br \/>Domicili social: Carrer Sant Rafael 5, 17176 Sant Esteve d\u2019en Bas<br \/>Codi d\u2019Identificaci\u00f3 Fiscal n\u00famero: Y6020769G<br \/>Adre\u00e7a de correu electr\u00f2nic: <a href=\"mailto:david@vossenwood.com\">david@vossenwood.com<\/a><\/p><p>\u00a0<\/p><p><strong>2. CONDICIONS D\u2019ACC\u00c9S I \u00daS DEL PORTAL<\/strong><\/p><p>L\u2019acc\u00e9s al Portal comporta la pr\u00e8via lectura y acseptaci\u00f3 pels Usuaris de les presents Condicions Generals d\u2019Acc\u00e9s i \u00das (d\u2019ara en endavant, \u201cles Condicions Generals\u201d). Mitjan\u00e7ant l\u2019acc\u00e9s i \u00fas del Portal s\u2019entendr\u00e0 que l\u2019Usuari manifiesta el seu acord, de forma expressa, plena i sense reserves, al contingut de totes i cada una de les presents Condicions Generals en la seva versi\u00f3 publicada al Portal en el momento de l\u2019acc\u00e9s. Si l\u2019Usuari no estigu\u00e9s d\u2019acord amb el contingut de les presents Condicions Generals, haur\u00e0 d\u2019abstenir-se d\u2019accedir al Portal i d\u2019operar a trav\u00e9s del mateix. El Portal es reserva el dret a modificar les presents Condicions Generals advertint-ne als Usuaris mitjan\u00e7ant els corresponents avisos en el Portal, per tal de que els usuaris puguin prendre coneixement del seu contingut des del primer moment.<br \/>La contractaci\u00f3 i\/o \u00fas de determinats Serveis pot requerir la identificaci\u00f3 de l\u2019Usuari al Portal i la pr\u00e8via acceptaci\u00f3 de determinades condicions particulars que vinguin a desenvolupar, complementar i\/o eventualment modificar les presents Condicions Generals (d\u2019ara en endavant, \u201cles Condicions Particulars\u201d). Els Usuaris hauran de llegir, aix\u00ed mateix, amb la m\u00e0xima atenci\u00f3 el contingut de les corresponents Condicions Particulars o altres avisos legals que apareixen al Portal.<br \/>Com a Usuari, vost\u00e8 declara ser major d\u2019edat i\/o disposar de la capacitat jur\u00eddica i d\u2019obrar suficient per vincular-se per les presents Condicions Generals (i, en el seu cas, per les Condicions Particulars que regulin l\u2019\u00fas d\u2019un determinat Servei) i per utilitzar i, en el seu cas, contractar els Serveis que s\u2019ofereixen en el Portal. L\u2019Usuari accepta, de forma expressa, plena, sense reserves ni excepcions, que l\u2019acc\u00e9s i l\u2019\u00fas del Portal, dels seus Serveis i dels seus continguts t\u00e9 lloc sota la seva \u00fanica i exclusiva responsabilitat.<\/p><p>\u00a0<\/p><p>En el cas que existeixi alguna contradicci\u00f3 entre les condicions generals d\u2019acc\u00e9s i \u00fas del Portal i les corresponents Condicions Particulars, prevaldran aquestes sobre aquelles, excepte que les condicions generals resultin m\u00e9s beneficioses per a l\u2019Usuari que les condicions particulars.<\/p><p>\u00a0<\/p><p><strong>3. CONTINGUT DEL PORTAL<\/strong><\/p><p>3.1 L\u2019Usuari del Portal assumeix, coneix i accepta, pel mateix fet de visitar-lo, que les dades i informacions sobre productes o serveis, i qualsevol altres dades i informacions incloses en el Portal apareixen en el mateix, \u00fanicament i exclusiva, a efectes informatius, com a informaci\u00f3 de car\u00e0cter preliminar disposada a l\u2019atenci\u00f3 de l\u2019Usuari, y que en un moment donat poden incloure errors, imprecisions o no estar actualizades.<\/p><p>\u00a0<\/p><p>3.2 David Vossen es reserva el dret a modificar, a la seva discreci\u00f3 i de forma unilateral, en qualsevol moment i sense previ av\u00eds, la configuraci\u00f3 del Portal, aix\u00ed com el contingut i extensi\u00f3 dels Serveis prestats a trav\u00e9s del Portal i de les condicions d\u2019acc\u00e9s als mateixos. De la mateixa manera, David Vossen es reserva la facultat d\u2019incorporar nous Serveis i continguts en el Portal, aix\u00ed com el dret d\u2019eliminar, limitar, suspendre o impedir l\u2019acc\u00e9s als Serveis prestats a trav\u00e9s del Portal, ja sigui de manera temporal o definitiva, quan concorrin els motius previstos en aquestes Condicions Generals.<\/p><p>\u00a0<\/p><p>3.3 David Vossen informa a l\u2019Usuari de que a trav\u00e9s del Portal podr\u00e0 accedir a productes i serveis ofertats per David Vossen.<\/p><p>\u00a0<\/p><p class=\"Textbody\" style=\"margin-bottom: 0cm;\"><strong><span class=\"StrongEmphasis\"><span lang=\"EN-GB\">4. LLEI DE PROTECCI\u00d3 DE DADES<\/span><\/span><\/strong><\/p><p class=\"Textbody\" style=\"margin-bottom: 0cm;\"><span lang=\"EN-GB\">Protecci\u00f3 de dades personals<\/span><\/p><p class=\"Textbody\" style=\"margin-bottom: 0cm;\"><span lang=\"EN-GB\">David Vossen garanteix el cumpliment de la LOPD (Ley Org\u00e1nica de Protecci\u00f3n de Datos de Car\u00e1cter Personal 15\/1999 de 13 Desembre i el Reglament Europeu 2016\/680 del Parlament Europeu de 27 d\u2019Abril). Aquesta llei t\u00e9 per objecte garantir i protegir, en el que respecta al tractament de dades personals, les llibertats p\u00fabliques i els drets fonamentales de les persones f\u00edsiques, i en especial del seu honor i intimitat personal i familiar.<\/span><\/p><p class=\"Textbody\" style=\"margin-bottom: 0cm;\"><span lang=\"EN-GB\">En tot moment s\u2019informar\u00e0, durant la recollida de les dades, de la finalitat del seu tractament i que respectem la confidencialitat en la informaci\u00f3 facilitada, i que pot exercir el dret d\u2019informaci\u00f3 en la recollida de les seves dades, a saber per qu\u00e8 i com s\u00f3n tractades les seves dades personals i decidir en quant al seu tractament.<\/span><\/p><p class=\"Textbody\" style=\"margin-bottom: 0cm;\"><span lang=\"EN-GB\">Les dades proporcionades es conservaran mentre es mantingui la relaci\u00f3 comercial o durant els anys necessaris per cumplir amb les obligacions legals. Les dades no se cediran a tercers excepte en els casos en qu\u00e8 hi hagi una obligaci\u00f3 legal. Vost\u00e8 t\u00e9 dret a accedir a les seves dades personals, les dades inexactes o sol\u00b7licitar la seva supressi\u00f3 quan les dades ja no siguin necess\u00e0ries. Pot exercir en tot moment els drets de consulta, acc\u00e9s, rectificaci\u00f3, oposici\u00f3, limitaci\u00f3 i supressi\u00f3 de les seves dades, dirigint un escrit amb fotoc\u00f2pia del seu DNI o un altre document d\u2019identitat, David Vossen, Carrer Sant Rafael 5, 17176 Sant Esteve d\u2019en Bas, <a href=\"mailto:info@germanperaire.com\"><span style=\"color: windowtext; text-decoration: none; text-underline: none;\">david<\/span><\/a><a href=\"mailto:info@germanperaire.com\"><span style=\"color: windowtext; text-decoration: none; text-underline: none;\">@<\/span><\/a><a href=\"mailto:david@vossenwood.com\"><span style=\"color: windowtext; text-decoration: none; text-underline: none;\">vossenwood<\/span><\/a><a href=\"mailto:info@germanperaire.com\"><span style=\"color: windowtext; text-decoration: none; text-underline: none;\">.com<\/span><\/a><\/span><\/p><p class=\"Textbody\" style=\"margin-bottom: 0cm;\"><span lang=\"EN-GB\">L\u2019usuari ha de saber que omplir el formulari i enviar les dades sol\u00b7licitades implica que la informaci\u00f3 reflectida en aquest av\u00eds s\u2019ha llegit i acceptat expressament i que, en conseq\u00fc\u00e8ncia, atorga el seu consentiment inequ\u00edvoc i expr\u00e9s al tractament de les seves dades personals d\u2019acord amb la finalitat explicada.<\/span><\/p><p class=\"Textbody\" style=\"margin-bottom: 0cm;\"><span lang=\"EN-GB\">David Vossen ha adoptat les mesures de seguretat de car\u00e0cter t\u00e8cnic i organizativa que s\u2019exigeixen a la legislaci\u00f3 vigent en mat\u00e8ria de protecci\u00f3 de dades de car\u00e0cter personal. Per aix\u00f2 s\u2019han establert tots els mitjans i mecanismes necessaris per evitar l\u2019alteraci\u00f3, p\u00e8rdua, mal \u00fas, tractament i acc\u00e9s no autoritzat o robatori de les dades tenint en compte l\u2019estat de la tecnologia.<\/span><\/p><p class=\"Textbody\" style=\"margin-bottom: 0cm;\"><span lang=\"EN-GB\">Respecte a la cessi\u00f3 de dades personals a tercers, es comunica als usuaris que, amb car\u00e0cter general, les dades personals no seran cedides a terceres entitats, excepte en aquells sup\u00f2sits que la cessi\u00f3 respongui al cumpliment d\u2019una obligaci\u00f3 legal o tamb\u00e9 en aquells casos on hi hagi una relaci\u00f3 contractual d\u2019enc\u00e0rrec de tractament per a la prestaci\u00f3 d\u2019un determinat servei. En qualsevol cas, els usuaris han de saber que en cas de produir-se una cessi\u00f3 d\u2019aquest tipus, \u00fanicament es portar\u00e0 a terme quan s\u2019hagi obtingut el consentiment expr\u00e9s per part de l\u2019usuari.<\/span><\/p><p class=\"Textbody\" style=\"margin-bottom: 0cm;\"><span lang=\"EN-GB\">No obstant l\u2019anterior, vost\u00e8 consent expressament el tractament de les seves dades per qu\u00e8 puguem remetre-li, per qualsevol mitj\u00e0, incloent mitjans telef\u00f2nics i telem\u00e0tics (entre altres, per correu electr\u00f2nic i sms), informaci\u00f3 comercial de productes i serveis comercialitzats per David Vossen.<\/span><\/p>\t\t\t\t\t\t\t\t<\/div>\n\t\t\t\t<\/div>\n\t\t\t\t\t<\/div>\n\t\t\t\t<\/div>\n\t\t\t\t<\/div>\n\t\t","protected":false},"excerpt":{"rendered":"<p>1. EL PORTAL VOSSEN WOOD1.1 A trav\u00e9s de VOSSENWOOD, accessible a trav\u00e9s de l\u2019adre\u00e7a URL www.vossenwood.com es facilita als visitants i usuaris del mateix, (d\u2019ara en endavant, els \u201cUsuaris\u201d), l\u2019acc\u00e9s a una ampla gamma de productes, serveis i continguts (d\u2019ara en endavant, \u201cels Serveis\u201d). \u00a0&#8230;<\/p>\n","protected":false},"author":1,"featured_media":0,"parent":0,"menu_order":0,"comment_status":"closed","ping_status":"closed","template":"","meta":{"footnotes":""},"class_list":["post-7372","page","type-page","status-publish","hentry"],"yoast_head":"<!-- This site is optimized with the Yoast SEO plugin v26.8 - https:\/\/yoast.com\/product\/yoast-seo-wordpress\/ -->\n<title>Av\u00eds legal - Vossen wood<\/title>\n<meta name=\"robots\" content=\"index, follow, max-snippet:-1, max-image-preview:large, max-video-preview:-1\" \/>\n<link rel=\"canonical\" href=\"https:\/\/vossenwood.com\/ca\/avis-legal\/\" \/>\n<meta property=\"og:locale\" content=\"ca_ES\" \/>\n<meta property=\"og:type\" content=\"article\" \/>\n<meta property=\"og:title\" content=\"Av\u00eds legal - Vossen wood\" \/>\n<meta property=\"og:description\" content=\"1. EL PORTAL VOSSEN WOOD1.1 A trav\u00e9s de VOSSENWOOD, accessible a trav\u00e9s de l\u2019adre\u00e7a URL www.vossenwood.com es facilita als visitants i usuaris del mateix, (d\u2019ara en endavant, els \u201cUsuaris\u201d), l\u2019acc\u00e9s a una ampla gamma de productes, serveis i continguts (d\u2019ara en endavant, \u201cels Serveis\u201d). \u00a0...\" \/>\n<meta property=\"og:url\" content=\"https:\/\/vossenwood.com\/ca\/avis-legal\/\" \/>\n<meta property=\"og:site_name\" content=\"Vossen wood\" \/>\n<meta property=\"article:modified_time\" content=\"2024-09-17T06:35:27+00:00\" \/>\n<meta property=\"og:image\" content=\"https:\/\/vossenwood.com\/wp-content\/uploads\/2024\/08\/favicon.png\" \/>\n\t<meta property=\"og:image:width\" content=\"80\" \/>\n\t<meta property=\"og:image:height\" content=\"66\" \/>\n\t<meta property=\"og:image:type\" content=\"image\/png\" \/>\n<meta name=\"twitter:card\" content=\"summary_large_image\" \/>\n<meta name=\"twitter:label1\" content=\"Temps estimat de lectura\" \/>\n\t<meta name=\"twitter:data1\" content=\"7 minuts\" \/>\n<script type=\"application\/ld+json\" class=\"yoast-schema-graph\">{\"@context\":\"https:\/\/schema.org\",\"@graph\":[{\"@type\":\"WebPage\",\"@id\":\"https:\/\/vossenwood.com\/ca\/avis-legal\/\",\"url\":\"https:\/\/vossenwood.com\/ca\/avis-legal\/\",\"name\":\"Av\u00eds legal - Vossen wood\",\"isPartOf\":{\"@id\":\"https:\/\/vossenwood.com\/ca\/#website\"},\"datePublished\":\"2024-08-06T10:42:40+00:00\",\"dateModified\":\"2024-09-17T06:35:27+00:00\",\"breadcrumb\":{\"@id\":\"https:\/\/vossenwood.com\/ca\/avis-legal\/#breadcrumb\"},\"inLanguage\":\"ca\",\"potentialAction\":[{\"@type\":\"ReadAction\",\"target\":[\"https:\/\/vossenwood.com\/ca\/avis-legal\/\"]}]},{\"@type\":\"BreadcrumbList\",\"@id\":\"https:\/\/vossenwood.com\/ca\/avis-legal\/#breadcrumb\",\"itemListElement\":[{\"@type\":\"ListItem\",\"position\":1,\"name\":\"Inici\",\"item\":\"https:\/\/vossenwood.com\/ca\/\"},{\"@type\":\"ListItem\",\"position\":2,\"name\":\"Av\u00eds legal\"}]},{\"@type\":\"WebSite\",\"@id\":\"https:\/\/vossenwood.com\/ca\/#website\",\"url\":\"https:\/\/vossenwood.com\/ca\/\",\"name\":\"Vossen Wood\",\"description\":\"Handcrafted wood design\",\"publisher\":{\"@id\":\"https:\/\/vossenwood.com\/ca\/#organization\"},\"alternateName\":\"Vossen Wood\",\"potentialAction\":[{\"@type\":\"SearchAction\",\"target\":{\"@type\":\"EntryPoint\",\"urlTemplate\":\"https:\/\/vossenwood.com\/ca\/?s={search_term_string}\"},\"query-input\":{\"@type\":\"PropertyValueSpecification\",\"valueRequired\":true,\"valueName\":\"search_term_string\"}}],\"inLanguage\":\"ca\"},{\"@type\":\"Organization\",\"@id\":\"https:\/\/vossenwood.com\/ca\/#organization\",\"name\":\"Vossen Wood\",\"alternateName\":\"Vossen Wood\",\"url\":\"https:\/\/vossenwood.com\/ca\/\",\"logo\":{\"@type\":\"ImageObject\",\"inLanguage\":\"ca\",\"@id\":\"https:\/\/vossenwood.com\/ca\/#\/schema\/logo\/image\/\",\"url\":\"https:\/\/vossenwood.com\/wp-content\/uploads\/2024\/08\/vossen-header.svg\",\"contentUrl\":\"https:\/\/vossenwood.com\/wp-content\/uploads\/2024\/08\/vossen-header.svg\",\"width\":903,\"height\":253,\"caption\":\"Vossen Wood\"},\"image\":{\"@id\":\"https:\/\/vossenwood.com\/ca\/#\/schema\/logo\/image\/\"},\"sameAs\":[\"https:\/\/www.instagram.com\/vossendavid\/\"]}]}<\/script>\n<!-- \/ Yoast SEO plugin. -->","yoast_head_json":{"title":"Av\u00eds legal - Vossen wood","robots":{"index":"index","follow":"follow","max-snippet":"max-snippet:-1","max-image-preview":"max-image-preview:large","max-video-preview":"max-video-preview:-1"},"canonical":"https:\/\/vossenwood.com\/ca\/avis-legal\/","og_locale":"ca_ES","og_type":"article","og_title":"Av\u00eds legal - Vossen wood","og_description":"1. EL PORTAL VOSSEN WOOD1.1 A trav\u00e9s de VOSSENWOOD, accessible a trav\u00e9s de l\u2019adre\u00e7a URL www.vossenwood.com es facilita als visitants i usuaris del mateix, (d\u2019ara en endavant, els \u201cUsuaris\u201d), l\u2019acc\u00e9s a una ampla gamma de productes, serveis i continguts (d\u2019ara en endavant, \u201cels Serveis\u201d). \u00a0...","og_url":"https:\/\/vossenwood.com\/ca\/avis-legal\/","og_site_name":"Vossen wood","article_modified_time":"2024-09-17T06:35:27+00:00","og_image":[{"width":80,"height":66,"url":"https:\/\/vossenwood.com\/wp-content\/uploads\/2024\/08\/favicon.png","type":"image\/png"}],"twitter_card":"summary_large_image","twitter_misc":{"Temps estimat de lectura":"7 minuts"},"schema":{"@context":"https:\/\/schema.org","@graph":[{"@type":"WebPage","@id":"https:\/\/vossenwood.com\/ca\/avis-legal\/","url":"https:\/\/vossenwood.com\/ca\/avis-legal\/","name":"Av\u00eds legal - Vossen wood","isPartOf":{"@id":"https:\/\/vossenwood.com\/ca\/#website"},"datePublished":"2024-08-06T10:42:40+00:00","dateModified":"2024-09-17T06:35:27+00:00","breadcrumb":{"@id":"https:\/\/vossenwood.com\/ca\/avis-legal\/#breadcrumb"},"inLanguage":"ca","potentialAction":[{"@type":"ReadAction","target":["https:\/\/vossenwood.com\/ca\/avis-legal\/"]}]},{"@type":"BreadcrumbList","@id":"https:\/\/vossenwood.com\/ca\/avis-legal\/#breadcrumb","itemListElement":[{"@type":"ListItem","position":1,"name":"Inici","item":"https:\/\/vossenwood.com\/ca\/"},{"@type":"ListItem","position":2,"name":"Av\u00eds legal"}]},{"@type":"WebSite","@id":"https:\/\/vossenwood.com\/ca\/#website","url":"https:\/\/vossenwood.com\/ca\/","name":"Vossen Wood","description":"Handcrafted wood design","publisher":{"@id":"https:\/\/vossenwood.com\/ca\/#organization"},"alternateName":"Vossen Wood","potentialAction":[{"@type":"SearchAction","target":{"@type":"EntryPoint","urlTemplate":"https:\/\/vossenwood.com\/ca\/?s={search_term_string}"},"query-input":{"@type":"PropertyValueSpecification","valueRequired":true,"valueName":"search_term_string"}}],"inLanguage":"ca"},{"@type":"Organization","@id":"https:\/\/vossenwood.com\/ca\/#organization","name":"Vossen Wood","alternateName":"Vossen Wood","url":"https:\/\/vossenwood.com\/ca\/","logo":{"@type":"ImageObject","inLanguage":"ca","@id":"https:\/\/vossenwood.com\/ca\/#\/schema\/logo\/image\/","url":"https:\/\/vossenwood.com\/wp-content\/uploads\/2024\/08\/vossen-header.svg","contentUrl":"https:\/\/vossenwood.com\/wp-content\/uploads\/2024\/08\/vossen-header.svg","width":903,"height":253,"caption":"Vossen Wood"},"image":{"@id":"https:\/\/vossenwood.com\/ca\/#\/schema\/logo\/image\/"},"sameAs":["https:\/\/www.instagram.com\/vossendavid\/"]}]}},"_links":{"self":[{"href":"https:\/\/vossenwood.com\/ca\/wp-json\/wp\/v2\/pages\/7372","targetHints":{"allow":["GET"]}}],"collection":[{"href":"https:\/\/vossenwood.com\/ca\/wp-json\/wp\/v2\/pages"}],"about":[{"href":"https:\/\/vossenwood.com\/ca\/wp-json\/wp\/v2\/types\/page"}],"author":[{"embeddable":true,"href":"https:\/\/vossenwood.com\/ca\/wp-json\/wp\/v2\/users\/1"}],"replies":[{"embeddable":true,"href":"https:\/\/vossenwood.com\/ca\/wp-json\/wp\/v2\/comments?post=7372"}],"version-history":[{"count":0,"href":"https:\/\/vossenwood.com\/ca\/wp-json\/wp\/v2\/pages\/7372\/revisions"}],"wp:attachment":[{"href":"https:\/\/vossenwood.com\/ca\/wp-json\/wp\/v2\/media?parent=7372"}],"curies":[{"name":"wp","href":"https:\/\/api.w.org\/{rel}","templated":true}]}}