{"id":7362,"date":"2024-08-06T12:50:42","date_gmt":"2024-08-06T10:50:42","guid":{"rendered":"https:\/\/vossenwood.com\/cookies-policy\/"},"modified":"2024-09-17T08:27:25","modified_gmt":"2024-09-17T06:27:25","slug":"politica-de-cookies","status":"publish","type":"page","link":"https:\/\/vossenwood.com\/ca\/politica-de-cookies\/","title":{"rendered":"Pol\u00edtica de cookies"},"content":{"rendered":"\t\t<div data-elementor-type=\"wp-page\" data-elementor-id=\"7362\" class=\"elementor elementor-7362 elementor-6638\" data-elementor-post-type=\"page\">\n\t\t\t\t<div class=\"elementor-element elementor-element-1cbf2b1 e-flex e-con-boxed parallax_section_no qode_elementor_container_no e-con e-parent\" data-id=\"1cbf2b1\" data-element_type=\"container\">\n\t\t\t\t\t<div class=\"e-con-inner\">\n\t\t\t\t<div class=\"elementor-element elementor-element-22848e9 elementor-widget elementor-widget-text-editor\" data-id=\"22848e9\" data-element_type=\"widget\" data-widget_type=\"text-editor.default\">\n\t\t\t\t<div class=\"elementor-widget-container\">\n\t\t\t\t\t\t\t\t\t<p>Una Cookie \u00e9s un fitxer que es descarrega en el seu ordinador en accedir a determinades p\u00e0gines web. Les cookies permeten a una p\u00e0gina web, entre altres coses, emmagatzemar i recuperar informaci\u00f3 sobre els h\u00e0bits de navegaci\u00f3 d\u2019un usuari o del seu equip i, depenent de la informaci\u00f3 que contingui i de la forma en qu\u00e8 utilitzi el seu equip, poden utilitzar-se per a recon\u00e8ixer a l\u2019usuari.<br \/>Les cookies s\u00f3n essencials per al funcionament d\u2019internet, aportant innombrables avantatges en la prestaci\u00f3 de serveis interactius, facilitant-li la navegaci\u00f3 i usabilitat de la nostra web.<br \/>La informaci\u00f3 que li proporcionem a continuaci\u00f3, l\u2019ajudar\u00e0 a comprendre els diferents tipus de cookies:<\/p><p>\u00a0<\/p><p><b>SEGONS L&#8217;ENTITAT QUE LES GESTIONI<\/b><\/p><p>Cookies pr\u00f2pies: S\u00f3n aquelles que es recapten pel mateix editor per prestar el servei sol\u00b7licitat per l\u2019usuari.<br \/>Cookies de tercers: S\u00f3n aquelles que s\u00f3n recollides i gestionades per un tercer, aquestes no es poden considerar pr\u00f2pies<\/p><p>\u00a0<\/p><p><strong>SEGONS EL TERMINI DE TEMPS QUE ROMANGUIN ACTIVADES<\/strong><\/p><p>Cookies de sessi\u00f3: Recullen dades mentre l\u2019usuari navega per la xarxa amb la finalitat de prestar el servei sol\u00b7licitat.<br \/>Cookies persistents: S\u2019emmagatzemen en el terminal i la informaci\u00f3 obtinguda, ser\u00e0 utilitzada pel responsable de la galeta amb la finalitat de prestar el servei sol\u00b7licitat.<\/p><p>\u00a0<\/p><p><strong>SEGONS LA FINALITAT<\/strong><\/p><p>Cookies t\u00e8cniques: S\u00f3n les necess\u00e0ries per a la correcta navegaci\u00f3 per la web.<br \/>Cookies de personalitzaci\u00f3: Permeten a l\u2019usuari les caracter\u00edstiques (idioma) per a la navegaci\u00f3 per la web.<br \/>Cookies d\u2019an\u00e0lisi: Permeten a l\u2019prestador l\u2019an\u00e0lisi vinculat a la navegaci\u00f3 realitzada per l\u2019usuari, amb la finalitat de dur un seguiment d\u2019\u00fas de la p\u00e0gina web, aix\u00ed com realitzar estad\u00edstiques dels continguts m\u00e9s visitats, nombre de visitants, etc.<br \/>Cookies publicit\u00e0ries: Permeten a l\u2019editor incloure a la web, espais publicitaris, segons el contingut de la pr\u00f2pia web.<br \/>Cookies de publicitat comportamental: Permeten a l\u2019editor incloure en la p\u00e0gina web espais publicitaris segons la informaci\u00f3 obtinguda a trav\u00e9s dels h\u00e0bits de navegaci\u00f3 a l\u2019usuari.<\/p><p>\u00a0<\/p><p>Segons el que es disposa en l\u2019article 22.2 de la Llei 34\/2002, d\u201911 de juliol, de Serveis de la Societat de la Informaci\u00f3 i de Comer\u00e7 Electr\u00f2nic (LSSI-CE), DAVID VOSSEN informa de les cookies utilitzades en el seu LLOC WEB:<\/p>\t\t\t\t\t\t\t\t<\/div>\n\t\t\t\t<\/div>\n\t\t\t\t\t<\/div>\n\t\t\t\t<\/div>\n\t\t<div class=\"elementor-element elementor-element-f72da09 e-flex e-con-boxed parallax_section_no qode_elementor_container_no e-con e-parent\" data-id=\"f72da09\" data-element_type=\"container\">\n\t\t\t\t\t<div class=\"e-con-inner\">\n\t\t\t\t<div class=\"elementor-element elementor-element-5026b2f elementor-widget elementor-widget-text-editor\" data-id=\"5026b2f\" data-element_type=\"widget\" data-widget_type=\"text-editor.default\">\n\t\t\t\t<div class=\"elementor-widget-container\">\n\t\t\t\t\t\t\t\t\t<table>\n<thead>\n<tr>\n<th>Nom<\/th>\n<th>Entitat<\/th>\n<th>Domini<\/th>\n<th>Descripci\u00f3<\/th>\n<th>Durada<\/th>\n<\/tr>\n<\/thead>\n<tbody>\n<tr>\n<td>_ga<\/td>\n<td>Tercers<\/td>\n<td>vossenwood.com<\/td>\n<td>Aquesta cookie est\u00e0 instal\u00b7lada per Google Analytics. La cookie s\u2019utilitza per calcular dades de visitants, sessions, campanyes i fer un seguiment de l\u2019\u00fas del lloc per a l\u2019informe d\u2019anal\u00edtica del lloc. Les cookies emmagatzemen informaci\u00f3 de manera an\u00f2nima i assignen un n\u00famero generat aleat\u00f2riament per identificar visitants \u00fanics.<\/td>\n<td>2 anys<\/td>\n<\/tr>\n<tr>\n<td>_gid<\/td>\n<td>Tercers<\/td>\n<td>vossenwood.com<\/td>\n<td>Aquesta cookie est\u00e0 instal\u00b7lada per Google Analytics. La cookie s\u2019utilitza per emmagatzemar informaci\u00f3 de com utilitzen els visitants un lloc web i ajuda a crear un informe d\u2019anal\u00edtica del funcionament del lloc web. Les dades recollides incloent el nombre de visitants, la font d\u2019on provenen i les p\u00e0gines es van bloquejar de forma an\u00f2nima.<\/td>\n<td>1 dia<\/td>\n<\/tr>\n<tr>\n<td>_gat_gtag_G-QPFFJD1PH5<\/td>\n<td>Tercers<\/td>\n<td>vossenwood.com<\/td>\n<td>Google utilitza aquesta cookie per diferenciar els usuaris.<\/td>\n<td>1 minut<\/td>\n<\/tr>\n<tr>\n<td>_icl_current_language<\/td>\n<td>Pr\u00f2pia<\/td>\n<td>vossenwood.com<\/td>\n<td>Aquesta cookie s\u2019emmagatzema mitjan\u00e7ant el complement WordPress WMPL. L\u2019objectiu de la cookie \u00e9s emmagatzemar l\u2019idioma actual.<\/td>\n<td>1 dia<\/td>\n<\/tr>\n<\/tbody>\n<\/table>\t\t\t\t\t\t\t\t<\/div>\n\t\t\t\t<\/div>\n\t\t\t\t<div class=\"elementor-element elementor-element-cbdf526 elementor-widget elementor-widget-text-editor\" data-id=\"cbdf526\" data-element_type=\"widget\" data-widget_type=\"text-editor.default\">\n\t\t\t\t<div class=\"elementor-widget-container\">\n\t\t\t\t\t\t\t\t\t<strong>Google Analytics<\/strong>: Emmagatzema cookies per a poder elaborar estad\u00edstiques sobre el tr\u00e0nsit i volum de visites d\u2019aquesta web. En utilitzar aquest lloc web est\u00e0 consentint el tractament d\u2019informaci\u00f3 sobre vost\u00e8 per Google. Per tant, l\u2019exercici de qualsevol dret en aquest sentit haur\u00e0 de fer-lo comunicant directament amb Google.\nLes cookies de Google Analytics, s\u2019emmagatzemen en servidors situats als Estats Units i es compromet a no compartir-la amb tercers, excepte en els casos en els quals sigui necessari per al funcionament del sistema o quan la llei obligui a aquest efecte. Segons Google no guarda la seva adre\u00e7a IP.\nGoogle Inc. \u00e9s una companyia adherida a \u201cPrivacy Shield\u201d (escut de privacitat) que garanteix que totes les dades transferides seran tractats amb un nivell de protecci\u00f3 concorde a la normativa europea. Pot consultar informaci\u00f3 detallada referent a aix\u00f2 a trav\u00e9s del seg\u00fcent enlla\u00e7: <a href=\"https:\/\/support.google.com\/analytics\/answer\/6004245\">https:\/\/support.google.com\/analytics\/answer\/6004245<\/a>\nSi ho desitja pot utilitzar el Complement d\u2019inhabilitaci\u00f3 per a navegadors de Google Analytics a trav\u00e9s de les instruccions dels quals poden rebutjar-se les cookies anal\u00edtiques d\u2019aquest servei en tots els navegadors. Pot consultar m\u00e9s informaci\u00f3 sobre aquest tema en el seg\u00fcent enlla\u00e7: <a href=\"https:\/\/tools.google.com\/dlpage\/gaoptout\">https:\/\/tools.google.com\/dlpage\/gaoptout<\/a>\n\n&nbsp;\n\nAix\u00ed mateix, DAVID VOSSEN informa a l\u2019usuari de que t\u00e9 la possibilitat de configurar el seu navegador de manera que se l\u2019informi de la recepci\u00f3 de cookies, podent, si aix\u00ed ho desitja, impedir que siguin instal\u00b7lades en el seu disc dur.\n\n&nbsp;\n\nA continuaci\u00f3 li proporcionem els enlla\u00e7os de diversos navegadors, a trav\u00e9s dels quals podr\u00e8 realitzar aquesta configuraci\u00f3:\n\u2022 Firefox: https:\/\/support.mozilla.org\/es\/kb\/habilitar-y-deshabilitar-cookies-sitios-web-rastrear-preferencias?redirectlocale=es&amp;redirectslug=habilitar-y-deshabilitar-cookies-que-los-sitios-we\n\u2022 Chrome: https:\/\/support.google.com\/chrome\/answer\/95647?hl=es\n\u2022 Explorer: https:\/\/support.microsoft.com\/es-es\/help\/17442\/windows-internet-explorer-delete-manage-cookies#ie=ie-10\n\u2022 Safari: https:\/\/support.apple.com\/es-es\/guide\/safari\/sfri11471\/mac\n\u2022 Opera: https:\/\/help.opera.com\/en\/latest\/web-preferences\/#cookies\t\t\t\t\t\t\t\t<\/div>\n\t\t\t\t<\/div>\n\t\t\t\t\t<\/div>\n\t\t\t\t<\/div>\n\t\t\t\t<\/div>\n\t\t","protected":false},"excerpt":{"rendered":"<p>Una Cookie \u00e9s un fitxer que es descarrega en el seu ordinador en accedir a determinades p\u00e0gines web. Les cookies permeten a una p\u00e0gina web, entre altres coses, emmagatzemar i recuperar informaci\u00f3 sobre els h\u00e0bits de navegaci\u00f3 d\u2019un usuari o del seu equip i, depenent&#8230;<\/p>\n","protected":false},"author":1,"featured_media":0,"parent":0,"menu_order":0,"comment_status":"closed","ping_status":"closed","template":"","meta":{"footnotes":""},"class_list":["post-7362","page","type-page","status-publish","hentry"],"yoast_head":"<!-- This site is optimized with the Yoast SEO plugin v26.8 - https:\/\/yoast.com\/product\/yoast-seo-wordpress\/ -->\n<title>Pol\u00edtica de cookies - Vossen wood<\/title>\n<meta name=\"robots\" content=\"index, follow, max-snippet:-1, max-image-preview:large, max-video-preview:-1\" \/>\n<link rel=\"canonical\" href=\"https:\/\/vossenwood.com\/ca\/politica-de-cookies\/\" \/>\n<meta property=\"og:locale\" content=\"ca_ES\" \/>\n<meta property=\"og:type\" content=\"article\" \/>\n<meta property=\"og:title\" content=\"Pol\u00edtica de cookies - Vossen wood\" \/>\n<meta property=\"og:description\" content=\"Una Cookie \u00e9s un fitxer que es descarrega en el seu ordinador en accedir a determinades p\u00e0gines web. Les cookies permeten a una p\u00e0gina web, entre altres coses, emmagatzemar i recuperar informaci\u00f3 sobre els h\u00e0bits de navegaci\u00f3 d\u2019un usuari o del seu equip i, depenent...\" \/>\n<meta property=\"og:url\" content=\"https:\/\/vossenwood.com\/ca\/politica-de-cookies\/\" \/>\n<meta property=\"og:site_name\" content=\"Vossen wood\" \/>\n<meta property=\"article:modified_time\" content=\"2024-09-17T06:27:25+00:00\" \/>\n<meta property=\"og:image\" content=\"https:\/\/vossenwood.com\/wp-content\/uploads\/2024\/08\/favicon.png\" \/>\n\t<meta property=\"og:image:width\" content=\"80\" \/>\n\t<meta property=\"og:image:height\" content=\"66\" \/>\n\t<meta property=\"og:image:type\" content=\"image\/png\" \/>\n<meta name=\"twitter:card\" content=\"summary_large_image\" \/>\n<meta name=\"twitter:label1\" content=\"Temps estimat de lectura\" \/>\n\t<meta name=\"twitter:data1\" content=\"5 minuts\" \/>\n<script type=\"application\/ld+json\" class=\"yoast-schema-graph\">{\"@context\":\"https:\/\/schema.org\",\"@graph\":[{\"@type\":\"WebPage\",\"@id\":\"https:\/\/vossenwood.com\/ca\/politica-de-cookies\/\",\"url\":\"https:\/\/vossenwood.com\/ca\/politica-de-cookies\/\",\"name\":\"Pol\u00edtica de cookies - Vossen wood\",\"isPartOf\":{\"@id\":\"https:\/\/vossenwood.com\/ca\/#website\"},\"datePublished\":\"2024-08-06T10:50:42+00:00\",\"dateModified\":\"2024-09-17T06:27:25+00:00\",\"breadcrumb\":{\"@id\":\"https:\/\/vossenwood.com\/ca\/politica-de-cookies\/#breadcrumb\"},\"inLanguage\":\"ca\",\"potentialAction\":[{\"@type\":\"ReadAction\",\"target\":[\"https:\/\/vossenwood.com\/ca\/politica-de-cookies\/\"]}]},{\"@type\":\"BreadcrumbList\",\"@id\":\"https:\/\/vossenwood.com\/ca\/politica-de-cookies\/#breadcrumb\",\"itemListElement\":[{\"@type\":\"ListItem\",\"position\":1,\"name\":\"Inici\",\"item\":\"https:\/\/vossenwood.com\/ca\/\"},{\"@type\":\"ListItem\",\"position\":2,\"name\":\"Pol\u00edtica de cookies\"}]},{\"@type\":\"WebSite\",\"@id\":\"https:\/\/vossenwood.com\/ca\/#website\",\"url\":\"https:\/\/vossenwood.com\/ca\/\",\"name\":\"Vossen Wood\",\"description\":\"Handcrafted wood design\",\"publisher\":{\"@id\":\"https:\/\/vossenwood.com\/ca\/#organization\"},\"alternateName\":\"Vossen Wood\",\"potentialAction\":[{\"@type\":\"SearchAction\",\"target\":{\"@type\":\"EntryPoint\",\"urlTemplate\":\"https:\/\/vossenwood.com\/ca\/?s={search_term_string}\"},\"query-input\":{\"@type\":\"PropertyValueSpecification\",\"valueRequired\":true,\"valueName\":\"search_term_string\"}}],\"inLanguage\":\"ca\"},{\"@type\":\"Organization\",\"@id\":\"https:\/\/vossenwood.com\/ca\/#organization\",\"name\":\"Vossen Wood\",\"alternateName\":\"Vossen Wood\",\"url\":\"https:\/\/vossenwood.com\/ca\/\",\"logo\":{\"@type\":\"ImageObject\",\"inLanguage\":\"ca\",\"@id\":\"https:\/\/vossenwood.com\/ca\/#\/schema\/logo\/image\/\",\"url\":\"https:\/\/vossenwood.com\/wp-content\/uploads\/2024\/08\/vossen-header.svg\",\"contentUrl\":\"https:\/\/vossenwood.com\/wp-content\/uploads\/2024\/08\/vossen-header.svg\",\"width\":903,\"height\":253,\"caption\":\"Vossen Wood\"},\"image\":{\"@id\":\"https:\/\/vossenwood.com\/ca\/#\/schema\/logo\/image\/\"},\"sameAs\":[\"https:\/\/www.instagram.com\/vossendavid\/\"]}]}<\/script>\n<!-- \/ Yoast SEO plugin. -->","yoast_head_json":{"title":"Pol\u00edtica de cookies - Vossen wood","robots":{"index":"index","follow":"follow","max-snippet":"max-snippet:-1","max-image-preview":"max-image-preview:large","max-video-preview":"max-video-preview:-1"},"canonical":"https:\/\/vossenwood.com\/ca\/politica-de-cookies\/","og_locale":"ca_ES","og_type":"article","og_title":"Pol\u00edtica de cookies - Vossen wood","og_description":"Una Cookie \u00e9s un fitxer que es descarrega en el seu ordinador en accedir a determinades p\u00e0gines web. Les cookies permeten a una p\u00e0gina web, entre altres coses, emmagatzemar i recuperar informaci\u00f3 sobre els h\u00e0bits de navegaci\u00f3 d\u2019un usuari o del seu equip i, depenent...","og_url":"https:\/\/vossenwood.com\/ca\/politica-de-cookies\/","og_site_name":"Vossen wood","article_modified_time":"2024-09-17T06:27:25+00:00","og_image":[{"width":80,"height":66,"url":"https:\/\/vossenwood.com\/wp-content\/uploads\/2024\/08\/favicon.png","type":"image\/png"}],"twitter_card":"summary_large_image","twitter_misc":{"Temps estimat de lectura":"5 minuts"},"schema":{"@context":"https:\/\/schema.org","@graph":[{"@type":"WebPage","@id":"https:\/\/vossenwood.com\/ca\/politica-de-cookies\/","url":"https:\/\/vossenwood.com\/ca\/politica-de-cookies\/","name":"Pol\u00edtica de cookies - Vossen wood","isPartOf":{"@id":"https:\/\/vossenwood.com\/ca\/#website"},"datePublished":"2024-08-06T10:50:42+00:00","dateModified":"2024-09-17T06:27:25+00:00","breadcrumb":{"@id":"https:\/\/vossenwood.com\/ca\/politica-de-cookies\/#breadcrumb"},"inLanguage":"ca","potentialAction":[{"@type":"ReadAction","target":["https:\/\/vossenwood.com\/ca\/politica-de-cookies\/"]}]},{"@type":"BreadcrumbList","@id":"https:\/\/vossenwood.com\/ca\/politica-de-cookies\/#breadcrumb","itemListElement":[{"@type":"ListItem","position":1,"name":"Inici","item":"https:\/\/vossenwood.com\/ca\/"},{"@type":"ListItem","position":2,"name":"Pol\u00edtica de cookies"}]},{"@type":"WebSite","@id":"https:\/\/vossenwood.com\/ca\/#website","url":"https:\/\/vossenwood.com\/ca\/","name":"Vossen Wood","description":"Handcrafted wood design","publisher":{"@id":"https:\/\/vossenwood.com\/ca\/#organization"},"alternateName":"Vossen Wood","potentialAction":[{"@type":"SearchAction","target":{"@type":"EntryPoint","urlTemplate":"https:\/\/vossenwood.com\/ca\/?s={search_term_string}"},"query-input":{"@type":"PropertyValueSpecification","valueRequired":true,"valueName":"search_term_string"}}],"inLanguage":"ca"},{"@type":"Organization","@id":"https:\/\/vossenwood.com\/ca\/#organization","name":"Vossen Wood","alternateName":"Vossen Wood","url":"https:\/\/vossenwood.com\/ca\/","logo":{"@type":"ImageObject","inLanguage":"ca","@id":"https:\/\/vossenwood.com\/ca\/#\/schema\/logo\/image\/","url":"https:\/\/vossenwood.com\/wp-content\/uploads\/2024\/08\/vossen-header.svg","contentUrl":"https:\/\/vossenwood.com\/wp-content\/uploads\/2024\/08\/vossen-header.svg","width":903,"height":253,"caption":"Vossen Wood"},"image":{"@id":"https:\/\/vossenwood.com\/ca\/#\/schema\/logo\/image\/"},"sameAs":["https:\/\/www.instagram.com\/vossendavid\/"]}]}},"_links":{"self":[{"href":"https:\/\/vossenwood.com\/ca\/wp-json\/wp\/v2\/pages\/7362","targetHints":{"allow":["GET"]}}],"collection":[{"href":"https:\/\/vossenwood.com\/ca\/wp-json\/wp\/v2\/pages"}],"about":[{"href":"https:\/\/vossenwood.com\/ca\/wp-json\/wp\/v2\/types\/page"}],"author":[{"embeddable":true,"href":"https:\/\/vossenwood.com\/ca\/wp-json\/wp\/v2\/users\/1"}],"replies":[{"embeddable":true,"href":"https:\/\/vossenwood.com\/ca\/wp-json\/wp\/v2\/comments?post=7362"}],"version-history":[{"count":0,"href":"https:\/\/vossenwood.com\/ca\/wp-json\/wp\/v2\/pages\/7362\/revisions"}],"wp:attachment":[{"href":"https:\/\/vossenwood.com\/ca\/wp-json\/wp\/v2\/media?parent=7362"}],"curies":[{"name":"wp","href":"https:\/\/api.w.org\/{rel}","templated":true}]}}