{"id":7352,"date":"2024-08-06T12:45:17","date_gmt":"2024-08-06T10:45:17","guid":{"rendered":"https:\/\/vossenwood.com\/accessibility-statement\/"},"modified":"2024-09-17T08:19:21","modified_gmt":"2024-09-17T06:19:21","slug":"declaracio-daccessibilitat","status":"publish","type":"page","link":"https:\/\/vossenwood.com\/ca\/declaracio-daccessibilitat\/","title":{"rendered":"Declaraci\u00f3 d&#8217;accessibilitat"},"content":{"rendered":"\t\t<div data-elementor-type=\"wp-page\" data-elementor-id=\"7352\" class=\"elementor elementor-7352 elementor-6634\" data-elementor-post-type=\"page\">\n\t\t\t\t<div class=\"elementor-element elementor-element-9d8e07a e-flex e-con-boxed parallax_section_no qode_elementor_container_no e-con e-parent\" data-id=\"9d8e07a\" data-element_type=\"container\">\n\t\t\t\t\t<div class=\"e-con-inner\">\n\t\t\t\t<div class=\"elementor-element elementor-element-0850146 elementor-widget elementor-widget-text-editor\" data-id=\"0850146\" data-element_type=\"widget\" data-widget_type=\"text-editor.default\">\n\t\t\t\t<div class=\"elementor-widget-container\">\n\t\t\t\t\t\t\t\t\t<p><strong>DAVID VOSSEN<\/strong> aposta per assegurar l\u2019accessibilitat digital de les persones amb discapacitat. Estem millorant cont\u00ednuament l\u2019experi\u00e8ncia d\u2019usuari per a tothom i mirant d\u2019aplicar els est\u00e0ndards d\u2019accessibilitat m\u00e9s rellevants. Aquest comprom\u00eds tamb\u00e9 el fem d\u2019acord amb el Reial decret 1112\/2018, de 7 de setembre, relatiu a l\u2019accessibilitat de llocs web i aplicacions per a dispositius m\u00f2bils.<\/p><p>\u00a0<\/p><p><strong>Estat d&#8217;acompliment<\/strong><br \/>Les <a href=\"https:\/\/www.w3.org\/WAI\/standards-guidelines\/wcag\/\">Directrius d\u2019accessibilitat al contingut web (WCAG) 2.1<\/a> defineixen els requisits per als dissenyadors i desenvolupadors per millorar l\u2019accessibilitat de les persones amb discapacitat. Aquestes directrius defineixen tres nivells de conformitat: Nivell A, Nivell AA i Nivell AAA. El web \u00e9s parcialment conforme amb el nivell AA de WCAG 2.1. Aix\u00f2 significa que algunes parts del contingut no s\u2019ajusten completament a l\u2019est\u00e0ndard d\u2019accessibilitat.<\/p><p>\u00a0<\/p><p><strong>Funcions d&#8217;accessibilitat<\/strong><\/p><ul><li>Les p\u00e0gines estan estructurades amb elements sem\u00e0ntics com la cap\u00e7alera (header), la navegaci\u00f3 (navigation), el contingut principal (main) i el peu de p\u00e0gina (footer), la qual cosa us pot ajudar a moure-us m\u00e9s r\u00e0pidament entre els diversos elements.<\/li><li>Els encap\u00e7alaments de nivell 1 marquen l\u2019\u00e0rea de contingut principal de cada p\u00e0gina i a partir d\u2019aqu\u00ed l\u2019estructura de cada p\u00e0gina hauria de seguir un ordre d\u2019encap\u00e7alaments l\u00f2gic.<\/li><li>Cada p\u00e0gina d\u2019aquest lloc web t\u00e9 enlla\u00e7os de \u201csaltar al contingut\u201d i \u201csaltar al men\u00fa\u201d a la part superior i un enlla\u00e7 de \u201ctornar a comen\u00e7ar\u201d a la part inferior.<\/li><li>Les imatges es descriuen amb equivalents de text (ALT) per garantir que tothom pugui accedir al contingut gr\u00e0fic.<\/li><li>Heu de poder ampliar cada p\u00e0gina fins a un 300% sense cap problema.<\/li><li>Els colors d\u2019aquest lloc web s\u2019han escollit a cada p\u00e0gina per garantir un contrast de color suficient.<\/li><li>Tots els components d\u2019aquest lloc web s\u00f3n accessibles mitjan\u00e7ant el ratol\u00ed, el teclat o el tacte.<\/li><li>Per garantir que el lloc web es pot utilitzar mitjan\u00e7ant teclats, hem afegit estils de focus a imatges, enlla\u00e7os, formularis i altres elements enfocables.<\/li><li>Aquest lloc web s\u2019ha testejat en navegadors i dispositius moderns i antics, a m\u00e9s d\u2019eines d\u2019avaluaci\u00f3 d\u2019accessibilitat com ara <a href=\"https:\/\/wave.webaim.org\/\">WAVE<\/a>,\u00a0<a href=\"https:\/\/accessibilityinsights.io\/en\/\">Accessibility Insights<\/a> i el lector de pantalla <a href=\"https:\/\/www.chromevox.com\/\">ChromeVox<\/a>.<\/li><\/ul><p>\u00a0<\/p><p><strong>Contingut no accessible<\/strong><\/p><p>Sabem que algunes parts d\u2019aquest lloc web no s\u00f3n del tot accessibles:<br \/>De vegades, incrustem suports d\u2019\u00e0udio o v\u00eddeo a les nostres p\u00e0gines que potser no es descriuen adequadament.<br \/>Si trobeu suports o elements confusos, podeu enviar-nos un correu electr\u00f2nic i fer-nos-ho saber.<br \/>Tamb\u00e9 sabem que la majoria de documents PDF antics no s\u00f3n totalment accessibles al programari de lector de pantalla.<\/p><p>\u00a0<\/p><p><strong>Feedback<\/strong><br \/>Agra\u00efm els vostres comentaris sobre l\u2019accessibilitat de la nostra web. Informeu-nos si trobeu barreres d\u2019accessibilitat en aquest lloc web:<br \/>E-mail: <a href=\"mailto:david@vossenwood.com\">david@vossenwood.com<\/a><br \/>Aquesta declaraci\u00f3 es va crear el 18 de setembre de 2024.<\/p>\t\t\t\t\t\t\t\t<\/div>\n\t\t\t\t<\/div>\n\t\t\t\t\t<\/div>\n\t\t\t\t<\/div>\n\t\t\t\t<\/div>\n\t\t","protected":false},"excerpt":{"rendered":"<p>DAVID VOSSEN aposta per assegurar l\u2019accessibilitat digital de les persones amb discapacitat. Estem millorant cont\u00ednuament l\u2019experi\u00e8ncia d\u2019usuari per a tothom i mirant d\u2019aplicar els est\u00e0ndards d\u2019accessibilitat m\u00e9s rellevants. Aquest comprom\u00eds tamb\u00e9 el fem d\u2019acord amb el Reial decret 1112\/2018, de 7 de setembre, relatiu a&#8230;<\/p>\n","protected":false},"author":1,"featured_media":0,"parent":0,"menu_order":0,"comment_status":"closed","ping_status":"closed","template":"","meta":{"footnotes":""},"class_list":["post-7352","page","type-page","status-publish","hentry"],"yoast_head":"<!-- This site is optimized with the Yoast SEO plugin v26.8 - https:\/\/yoast.com\/product\/yoast-seo-wordpress\/ -->\n<title>Declaraci\u00f3 d&#039;accessibilitat - Vossen wood<\/title>\n<meta name=\"robots\" content=\"index, follow, max-snippet:-1, max-image-preview:large, max-video-preview:-1\" \/>\n<link rel=\"canonical\" href=\"https:\/\/vossenwood.com\/ca\/declaracio-daccessibilitat\/\" \/>\n<meta property=\"og:locale\" content=\"ca_ES\" \/>\n<meta property=\"og:type\" content=\"article\" \/>\n<meta property=\"og:title\" content=\"Declaraci\u00f3 d&#039;accessibilitat - Vossen wood\" \/>\n<meta property=\"og:description\" content=\"DAVID VOSSEN aposta per assegurar l\u2019accessibilitat digital de les persones amb discapacitat. Estem millorant cont\u00ednuament l\u2019experi\u00e8ncia d\u2019usuari per a tothom i mirant d\u2019aplicar els est\u00e0ndards d\u2019accessibilitat m\u00e9s rellevants. Aquest comprom\u00eds tamb\u00e9 el fem d\u2019acord amb el Reial decret 1112\/2018, de 7 de setembre, relatiu a...\" \/>\n<meta property=\"og:url\" content=\"https:\/\/vossenwood.com\/ca\/declaracio-daccessibilitat\/\" \/>\n<meta property=\"og:site_name\" content=\"Vossen wood\" \/>\n<meta property=\"article:modified_time\" content=\"2024-09-17T06:19:21+00:00\" \/>\n<meta property=\"og:image\" content=\"https:\/\/vossenwood.com\/wp-content\/uploads\/2024\/08\/favicon.png\" \/>\n\t<meta property=\"og:image:width\" content=\"80\" \/>\n\t<meta property=\"og:image:height\" content=\"66\" \/>\n\t<meta property=\"og:image:type\" content=\"image\/png\" \/>\n<meta name=\"twitter:card\" content=\"summary_large_image\" \/>\n<meta name=\"twitter:label1\" content=\"Temps estimat de lectura\" \/>\n\t<meta name=\"twitter:data1\" content=\"3 minuts\" \/>\n<script type=\"application\/ld+json\" class=\"yoast-schema-graph\">{\"@context\":\"https:\/\/schema.org\",\"@graph\":[{\"@type\":\"WebPage\",\"@id\":\"https:\/\/vossenwood.com\/ca\/declaracio-daccessibilitat\/\",\"url\":\"https:\/\/vossenwood.com\/ca\/declaracio-daccessibilitat\/\",\"name\":\"Declaraci\u00f3 d'accessibilitat - Vossen wood\",\"isPartOf\":{\"@id\":\"https:\/\/vossenwood.com\/ca\/#website\"},\"datePublished\":\"2024-08-06T10:45:17+00:00\",\"dateModified\":\"2024-09-17T06:19:21+00:00\",\"breadcrumb\":{\"@id\":\"https:\/\/vossenwood.com\/ca\/declaracio-daccessibilitat\/#breadcrumb\"},\"inLanguage\":\"ca\",\"potentialAction\":[{\"@type\":\"ReadAction\",\"target\":[\"https:\/\/vossenwood.com\/ca\/declaracio-daccessibilitat\/\"]}]},{\"@type\":\"BreadcrumbList\",\"@id\":\"https:\/\/vossenwood.com\/ca\/declaracio-daccessibilitat\/#breadcrumb\",\"itemListElement\":[{\"@type\":\"ListItem\",\"position\":1,\"name\":\"Inici\",\"item\":\"https:\/\/vossenwood.com\/ca\/\"},{\"@type\":\"ListItem\",\"position\":2,\"name\":\"Declaraci\u00f3 d&#8217;accessibilitat\"}]},{\"@type\":\"WebSite\",\"@id\":\"https:\/\/vossenwood.com\/ca\/#website\",\"url\":\"https:\/\/vossenwood.com\/ca\/\",\"name\":\"Vossen Wood\",\"description\":\"Handcrafted wood design\",\"publisher\":{\"@id\":\"https:\/\/vossenwood.com\/ca\/#organization\"},\"alternateName\":\"Vossen Wood\",\"potentialAction\":[{\"@type\":\"SearchAction\",\"target\":{\"@type\":\"EntryPoint\",\"urlTemplate\":\"https:\/\/vossenwood.com\/ca\/?s={search_term_string}\"},\"query-input\":{\"@type\":\"PropertyValueSpecification\",\"valueRequired\":true,\"valueName\":\"search_term_string\"}}],\"inLanguage\":\"ca\"},{\"@type\":\"Organization\",\"@id\":\"https:\/\/vossenwood.com\/ca\/#organization\",\"name\":\"Vossen Wood\",\"alternateName\":\"Vossen Wood\",\"url\":\"https:\/\/vossenwood.com\/ca\/\",\"logo\":{\"@type\":\"ImageObject\",\"inLanguage\":\"ca\",\"@id\":\"https:\/\/vossenwood.com\/ca\/#\/schema\/logo\/image\/\",\"url\":\"https:\/\/vossenwood.com\/wp-content\/uploads\/2024\/08\/vossen-header.svg\",\"contentUrl\":\"https:\/\/vossenwood.com\/wp-content\/uploads\/2024\/08\/vossen-header.svg\",\"width\":903,\"height\":253,\"caption\":\"Vossen Wood\"},\"image\":{\"@id\":\"https:\/\/vossenwood.com\/ca\/#\/schema\/logo\/image\/\"},\"sameAs\":[\"https:\/\/www.instagram.com\/vossendavid\/\"]}]}<\/script>\n<!-- \/ Yoast SEO plugin. -->","yoast_head_json":{"title":"Declaraci\u00f3 d'accessibilitat - Vossen wood","robots":{"index":"index","follow":"follow","max-snippet":"max-snippet:-1","max-image-preview":"max-image-preview:large","max-video-preview":"max-video-preview:-1"},"canonical":"https:\/\/vossenwood.com\/ca\/declaracio-daccessibilitat\/","og_locale":"ca_ES","og_type":"article","og_title":"Declaraci\u00f3 d'accessibilitat - Vossen wood","og_description":"DAVID VOSSEN aposta per assegurar l\u2019accessibilitat digital de les persones amb discapacitat. Estem millorant cont\u00ednuament l\u2019experi\u00e8ncia d\u2019usuari per a tothom i mirant d\u2019aplicar els est\u00e0ndards d\u2019accessibilitat m\u00e9s rellevants. Aquest comprom\u00eds tamb\u00e9 el fem d\u2019acord amb el Reial decret 1112\/2018, de 7 de setembre, relatiu a...","og_url":"https:\/\/vossenwood.com\/ca\/declaracio-daccessibilitat\/","og_site_name":"Vossen wood","article_modified_time":"2024-09-17T06:19:21+00:00","og_image":[{"width":80,"height":66,"url":"https:\/\/vossenwood.com\/wp-content\/uploads\/2024\/08\/favicon.png","type":"image\/png"}],"twitter_card":"summary_large_image","twitter_misc":{"Temps estimat de lectura":"3 minuts"},"schema":{"@context":"https:\/\/schema.org","@graph":[{"@type":"WebPage","@id":"https:\/\/vossenwood.com\/ca\/declaracio-daccessibilitat\/","url":"https:\/\/vossenwood.com\/ca\/declaracio-daccessibilitat\/","name":"Declaraci\u00f3 d'accessibilitat - Vossen wood","isPartOf":{"@id":"https:\/\/vossenwood.com\/ca\/#website"},"datePublished":"2024-08-06T10:45:17+00:00","dateModified":"2024-09-17T06:19:21+00:00","breadcrumb":{"@id":"https:\/\/vossenwood.com\/ca\/declaracio-daccessibilitat\/#breadcrumb"},"inLanguage":"ca","potentialAction":[{"@type":"ReadAction","target":["https:\/\/vossenwood.com\/ca\/declaracio-daccessibilitat\/"]}]},{"@type":"BreadcrumbList","@id":"https:\/\/vossenwood.com\/ca\/declaracio-daccessibilitat\/#breadcrumb","itemListElement":[{"@type":"ListItem","position":1,"name":"Inici","item":"https:\/\/vossenwood.com\/ca\/"},{"@type":"ListItem","position":2,"name":"Declaraci\u00f3 d&#8217;accessibilitat"}]},{"@type":"WebSite","@id":"https:\/\/vossenwood.com\/ca\/#website","url":"https:\/\/vossenwood.com\/ca\/","name":"Vossen Wood","description":"Handcrafted wood design","publisher":{"@id":"https:\/\/vossenwood.com\/ca\/#organization"},"alternateName":"Vossen Wood","potentialAction":[{"@type":"SearchAction","target":{"@type":"EntryPoint","urlTemplate":"https:\/\/vossenwood.com\/ca\/?s={search_term_string}"},"query-input":{"@type":"PropertyValueSpecification","valueRequired":true,"valueName":"search_term_string"}}],"inLanguage":"ca"},{"@type":"Organization","@id":"https:\/\/vossenwood.com\/ca\/#organization","name":"Vossen Wood","alternateName":"Vossen Wood","url":"https:\/\/vossenwood.com\/ca\/","logo":{"@type":"ImageObject","inLanguage":"ca","@id":"https:\/\/vossenwood.com\/ca\/#\/schema\/logo\/image\/","url":"https:\/\/vossenwood.com\/wp-content\/uploads\/2024\/08\/vossen-header.svg","contentUrl":"https:\/\/vossenwood.com\/wp-content\/uploads\/2024\/08\/vossen-header.svg","width":903,"height":253,"caption":"Vossen Wood"},"image":{"@id":"https:\/\/vossenwood.com\/ca\/#\/schema\/logo\/image\/"},"sameAs":["https:\/\/www.instagram.com\/vossendavid\/"]}]}},"_links":{"self":[{"href":"https:\/\/vossenwood.com\/ca\/wp-json\/wp\/v2\/pages\/7352","targetHints":{"allow":["GET"]}}],"collection":[{"href":"https:\/\/vossenwood.com\/ca\/wp-json\/wp\/v2\/pages"}],"about":[{"href":"https:\/\/vossenwood.com\/ca\/wp-json\/wp\/v2\/types\/page"}],"author":[{"embeddable":true,"href":"https:\/\/vossenwood.com\/ca\/wp-json\/wp\/v2\/users\/1"}],"replies":[{"embeddable":true,"href":"https:\/\/vossenwood.com\/ca\/wp-json\/wp\/v2\/comments?post=7352"}],"version-history":[{"count":0,"href":"https:\/\/vossenwood.com\/ca\/wp-json\/wp\/v2\/pages\/7352\/revisions"}],"wp:attachment":[{"href":"https:\/\/vossenwood.com\/ca\/wp-json\/wp\/v2\/media?parent=7352"}],"curies":[{"name":"wp","href":"https:\/\/api.w.org\/{rel}","templated":true}]}}