{"id":7340,"date":"2023-11-02T09:09:49","date_gmt":"2023-11-02T07:09:49","guid":{"rendered":"https:\/\/vossenwood.com\/about-me\/"},"modified":"2025-07-30T09:37:05","modified_gmt":"2025-07-30T07:37:05","slug":"sobre-mi","status":"publish","type":"page","link":"https:\/\/vossenwood.com\/ca\/sobre-mi\/","title":{"rendered":"Sobre mi"},"content":{"rendered":"\t\t<div data-elementor-type=\"wp-page\" data-elementor-id=\"7340\" class=\"elementor elementor-7340 elementor-4994\" data-elementor-post-type=\"page\">\n\t\t\t\t<div class=\"elementor-element elementor-element-8730421 e-con-full e-flex parallax_section_no qode_elementor_container_no e-con e-parent\" data-id=\"8730421\" data-element_type=\"container\">\n\t\t<div class=\"elementor-element elementor-element-8088c54 e-con-full e-flex parallax_section_no qode_elementor_container_no e-con e-child\" data-id=\"8088c54\" data-element_type=\"container\">\n\t\t\t\t<div class=\"elementor-element elementor-element-6d821ae elementor-absolute elementor-hidden-tablet elementor-hidden-mobile elementor-widget elementor-widget-bridge_vertical_separator\" data-id=\"6d821ae\" data-element_type=\"widget\" data-settings=\"{&quot;_position&quot;:&quot;absolute&quot;}\" data-widget_type=\"bridge_vertical_separator.default\">\n\t\t\t\t<div class=\"elementor-widget-container\">\n\t\t\t\t\t<div class=\"qode_vertical_separator\" style=\"height: 500px;width: 1px;background-color: #ECE8E5\">\n<\/div>\t\t\t\t<\/div>\n\t\t\t\t<\/div>\n\t\t\t\t<div class=\"elementor-element elementor-element-d7cf327 elementor-absolute elementor-hidden-tablet elementor-hidden-mobile elementor-widget elementor-widget-bridge_vertical_separator\" data-id=\"d7cf327\" data-element_type=\"widget\" data-settings=\"{&quot;_position&quot;:&quot;absolute&quot;}\" data-widget_type=\"bridge_vertical_separator.default\">\n\t\t\t\t<div class=\"elementor-widget-container\">\n\t\t\t\t\t<div class=\"qode_vertical_separator\" style=\"height: 500px;width: 1px;background-color: #ECE8E5\">\n<\/div>\t\t\t\t<\/div>\n\t\t\t\t<\/div>\n\t\t<div class=\"elementor-element elementor-element-8ecb906 e-con-full qode_elementor_container_inner e-flex parallax_section_no e-con e-child\" data-id=\"8ecb906\" data-element_type=\"container\">\n\t\t\t\t<div class=\"elementor-element elementor-element-14fdd18 elementor-widget elementor-widget-heading\" data-id=\"14fdd18\" data-element_type=\"widget\" data-widget_type=\"heading.default\">\n\t\t\t\t<div class=\"elementor-widget-container\">\n\t\t\t\t\t<h1 class=\"elementor-heading-title elementor-size-default\">Sobre mi<\/h1>\t\t\t\t<\/div>\n\t\t\t\t<\/div>\n\t\t<div class=\"elementor-element elementor-element-4e8a187 e-grid e-con-full parallax_section_no qode_elementor_container_no e-con e-child\" data-id=\"4e8a187\" data-element_type=\"container\">\n\t\t\t\t<div class=\"elementor-element elementor-element-9405a5b elementor-widget__width-initial elementor-widget elementor-widget-text-editor\" data-id=\"9405a5b\" data-element_type=\"widget\" data-widget_type=\"text-editor.default\">\n\t\t\t\t<div class=\"elementor-widget-container\">\n\t\t\t\t\t\t\t\t\tHola. S\u00f3c en  David Vossen, un ebenista i fuster belga que viu a Catalunya, al nord d&#8217;Espanya. L&#8217;art i el moviment sempre han estat part de la meva vida i el meu objectiu professional \u00e9s\t\t\t\t\t\t\t\t<\/div>\n\t\t\t\t<\/div>\n\t\t\t\t<div class=\"elementor-element elementor-element-af9c437 elementor-widget__width-initial elementor-widget elementor-widget-text-editor\" data-id=\"af9c437\" data-element_type=\"widget\" data-widget_type=\"text-editor.default\">\n\t\t\t\t<div class=\"elementor-widget-container\">\n\t\t\t\t\t\t\t\t\ttransposar aquesta experi\u00e8ncia a trav\u00e9s de la fusta que utilitzo, combinant est\u00e8tica i funcionalitat. Crear peces \u00faniques de fusta \u00e9s la meva dedicaci\u00f3!\t\t\t\t\t\t\t\t<\/div>\n\t\t\t\t<\/div>\n\t\t\t\t<\/div>\n\t\t\t\t<\/div>\n\t\t\t\t<\/div>\n\t\t\t\t<\/div>\n\t\t<div class=\"elementor-element elementor-element-3dc296d e-con-full e-flex parallax_section_no qode_elementor_container_no e-con e-parent\" data-id=\"3dc296d\" data-element_type=\"container\" data-settings=\"{&quot;background_background&quot;:&quot;classic&quot;}\">\n\t\t\t\t<div class=\"elementor-element elementor-element-0f20077 elementor-absolute elementor-hidden-tablet elementor-hidden-mobile elementor-widget elementor-widget-bridge_vertical_separator\" data-id=\"0f20077\" data-element_type=\"widget\" data-settings=\"{&quot;_position&quot;:&quot;absolute&quot;}\" data-widget_type=\"bridge_vertical_separator.default\">\n\t\t\t\t<div class=\"elementor-widget-container\">\n\t\t\t\t\t<div class=\"qode_vertical_separator\" style=\"height: 500px;width: 1px;background-color: #FFFFFF\">\n<\/div>\t\t\t\t<\/div>\n\t\t\t\t<\/div>\n\t\t\t\t<div class=\"elementor-element elementor-element-eec78fd elementor-absolute elementor-hidden-tablet elementor-hidden-mobile elementor-widget elementor-widget-bridge_vertical_separator\" data-id=\"eec78fd\" data-element_type=\"widget\" data-settings=\"{&quot;_position&quot;:&quot;absolute&quot;}\" data-widget_type=\"bridge_vertical_separator.default\">\n\t\t\t\t<div class=\"elementor-widget-container\">\n\t\t\t\t\t<div class=\"qode_vertical_separator\" style=\"height: 500px;width: 1px;background-color: #FFFFFF\">\n<\/div>\t\t\t\t<\/div>\n\t\t\t\t<\/div>\n\t\t\t\t<\/div>\n\t\t<div class=\"elementor-element elementor-element-7ab2a4f e-con-full e-flex parallax_section_no qode_elementor_container_no e-con e-parent\" data-id=\"7ab2a4f\" data-element_type=\"container\">\n\t\t\t\t<div class=\"elementor-element elementor-element-5eee4c7 elementor-absolute elementor-hidden-tablet elementor-hidden-mobile elementor-widget elementor-widget-bridge_vertical_separator\" data-id=\"5eee4c7\" data-element_type=\"widget\" data-settings=\"{&quot;_position&quot;:&quot;absolute&quot;}\" data-widget_type=\"bridge_vertical_separator.default\">\n\t\t\t\t<div class=\"elementor-widget-container\">\n\t\t\t\t\t<div class=\"qode_vertical_separator\" style=\"height: 1000px;width: 1px;background-color: #ECE8E5\">\n<\/div>\t\t\t\t<\/div>\n\t\t\t\t<\/div>\n\t\t\t\t<div class=\"elementor-element elementor-element-4487583 elementor-absolute elementor-hidden-tablet elementor-hidden-mobile elementor-widget elementor-widget-bridge_vertical_separator\" data-id=\"4487583\" data-element_type=\"widget\" data-settings=\"{&quot;_position&quot;:&quot;absolute&quot;}\" data-widget_type=\"bridge_vertical_separator.default\">\n\t\t\t\t<div class=\"elementor-widget-container\">\n\t\t\t\t\t<div class=\"qode_vertical_separator\" style=\"height: 1000px;width: 1px;background-color: #ECE8E5\">\n<\/div>\t\t\t\t<\/div>\n\t\t\t\t<\/div>\n\t\t<div class=\"elementor-element elementor-element-0d037da e-con-full qode_elementor_container_inner e-flex parallax_section_no e-con e-child\" data-id=\"0d037da\" data-element_type=\"container\">\n\t\t<div class=\"elementor-element elementor-element-254db51 e-con-full e-flex parallax_section_no qode_elementor_container_no e-con e-child\" data-id=\"254db51\" data-element_type=\"container\">\n\t\t\t\t<div class=\"elementor-element elementor-element-1d3060e elementor-widget elementor-widget-image\" data-id=\"1d3060e\" data-element_type=\"widget\" data-widget_type=\"image.default\">\n\t\t\t\t<div class=\"elementor-widget-container\">\n\t\t\t\t\t\t\t\t\t\t\t\t\t\t\t<img fetchpriority=\"high\" decoding=\"async\" width=\"624\" height=\"783\" src=\"https:\/\/vossenwood.com\/wp-content\/uploads\/2024\/08\/02-about-me.jpg\" class=\"attachment-full size-full wp-image-7344\" alt=\"\" srcset=\"https:\/\/vossenwood.com\/wp-content\/uploads\/2024\/08\/02-about-me.jpg 624w, https:\/\/vossenwood.com\/wp-content\/uploads\/2024\/08\/02-about-me-239x300.jpg 239w\" sizes=\"(max-width: 624px) 100vw, 624px\" \/>\t\t\t\t\t\t\t\t\t\t\t\t\t\t\t<\/div>\n\t\t\t\t<\/div>\n\t\t\t\t<\/div>\n\t\t<div class=\"elementor-element elementor-element-03c0a45 e-con-full e-flex parallax_section_no qode_elementor_container_no e-con e-child\" data-id=\"03c0a45\" data-element_type=\"container\">\n\t\t\t\t<div class=\"elementor-element elementor-element-6100c61 elementor-widget elementor-widget-bridge_vertical_separator\" data-id=\"6100c61\" data-element_type=\"widget\" data-widget_type=\"bridge_vertical_separator.default\">\n\t\t\t\t<div class=\"elementor-widget-container\">\n\t\t\t\t\t<div class=\"qode_vertical_separator\" style=\"height: 34px;width: 1px;background-color: #000000\">\n<\/div>\t\t\t\t<\/div>\n\t\t\t\t<\/div>\n\t\t\t\t<div class=\"elementor-element elementor-element-9dfb231 elementor-widget__width-auto elementor-widget elementor-widget-text-editor\" data-id=\"9dfb231\" data-element_type=\"widget\" data-widget_type=\"text-editor.default\">\n\t\t\t\t<div class=\"elementor-widget-container\">\n\t\t\t\t\t\t\t\t\t<h6 style=\"transform: rotate(-90deg);\">sobre mi<\/h6>\t\t\t\t\t\t\t\t<\/div>\n\t\t\t\t<\/div>\n\t\t\t\t<div class=\"elementor-element elementor-element-8958e7f elementor-widget__width-inherit elementor-widget elementor-widget-text-editor\" data-id=\"8958e7f\" data-element_type=\"widget\" data-widget_type=\"text-editor.default\">\n\t\t\t\t<div class=\"elementor-widget-container\">\n\t\t\t\t\t\t\t\t\tArrels belgues i escoceses\t\t\t\t\t\t\t\t<\/div>\n\t\t\t\t<\/div>\n\t\t\t\t<div class=\"elementor-element elementor-element-9d4ee40 elementor-widget__width-initial elementor-widget-tablet__width-inherit elementor-widget elementor-widget-text-editor\" data-id=\"9d4ee40\" data-element_type=\"widget\" data-widget_type=\"text-editor.default\">\n\t\t\t\t<div class=\"elementor-widget-container\">\n\t\t\t\t\t\t\t\t\t<p>S\u00f3c originari de B\u00e8lgica, on el meu amor pel teatre i el moviment va sorgir de les meves arrels belgues i escoceses. Aquestes arrels art\u00edstiques em van portar per tot el m\u00f3n durant 15 anys i durant aquest temps vaig explorar diferents arts i cultures. Vaig adquirir una comprensi\u00f3 molt \u00e0mplia del que significa l&#8217;essencial.<\/p><p>\u00a0<\/p><p>Fa 9 anys que visc a Catalunya, on he pogut desenvolupar i expressar el meu amor per la fusteria. Despr\u00e9s de graduar-me a l\u2019escola Emad de Catalunya, i haver-me especialitzat en Disseny d&#8217;Objectes i Mobles, vaig obrir el meu propi taller per poder donar forma i treballar la fusta de la manera que crec que se\u2019n treu el millor partit.<\/p>\t\t\t\t\t\t\t\t<\/div>\n\t\t\t\t<\/div>\n\t\t\t\t<\/div>\n\t\t\t\t<\/div>\n\t\t\t\t<\/div>\n\t\t<div class=\"elementor-element elementor-element-090823e e-con-full e-flex parallax_section_no qode_elementor_container_no e-con e-parent\" data-id=\"090823e\" data-element_type=\"container\" data-settings=\"{&quot;background_background&quot;:&quot;classic&quot;}\">\n\t\t\t\t<div class=\"elementor-element elementor-element-4be9b60 elementor-absolute elementor-hidden-tablet elementor-hidden-mobile elementor-widget elementor-widget-bridge_vertical_separator\" data-id=\"4be9b60\" data-element_type=\"widget\" data-settings=\"{&quot;_position&quot;:&quot;absolute&quot;}\" data-widget_type=\"bridge_vertical_separator.default\">\n\t\t\t\t<div class=\"elementor-widget-container\">\n\t\t\t\t\t<div class=\"qode_vertical_separator\" style=\"height: 500px;width: 1px;background-color: #FFFFFF\">\n<\/div>\t\t\t\t<\/div>\n\t\t\t\t<\/div>\n\t\t\t\t<div class=\"elementor-element elementor-element-0d1abc9 elementor-absolute elementor-hidden-tablet elementor-hidden-mobile elementor-widget elementor-widget-bridge_vertical_separator\" data-id=\"0d1abc9\" data-element_type=\"widget\" data-settings=\"{&quot;_position&quot;:&quot;absolute&quot;}\" data-widget_type=\"bridge_vertical_separator.default\">\n\t\t\t\t<div class=\"elementor-widget-container\">\n\t\t\t\t\t<div class=\"qode_vertical_separator\" style=\"height: 500px;width: 1px;background-color: #FFFFFF\">\n<\/div>\t\t\t\t<\/div>\n\t\t\t\t<\/div>\n\t\t\t\t<\/div>\n\t\t<div class=\"elementor-element elementor-element-2d2eaf7 e-flex e-con-boxed parallax_section_no qode_elementor_container_no e-con e-parent\" data-id=\"2d2eaf7\" data-element_type=\"container\">\n\t\t\t\t\t<div class=\"e-con-inner\">\n\t\t<div class=\"elementor-element elementor-element-f53cc1f e-grid e-con-full parallax_section_no qode_elementor_container_no e-con e-child\" data-id=\"f53cc1f\" data-element_type=\"container\">\n\t\t\t\t<div class=\"elementor-element elementor-element-ee38b77 elementor-widget__width-initial elementor-widget-tablet__width-inherit elementor-widget elementor-widget-text-editor\" data-id=\"ee38b77\" data-element_type=\"widget\" data-widget_type=\"text-editor.default\">\n\t\t\t\t<div class=\"elementor-widget-container\">\n\t\t\t\t\t\t\t\t\t<p>El meu taller es troba a Sant Esteve d\u2019en Bas, un petit poble a la preciosa, verda i volc\u00e0nica comarca de la Garrotxa. Aqu\u00ed produeixo objectes i mobles \u00fanics. Utilitzo esp\u00e8cies d&#8217;arbres locals sempre que sigui possible i acabats ecol\u00f2gics. La fusta s\u2019ha d\u2019entendre com un material viu, i s\u2019ha de considerar en totes les seves etapes per assolir un producte amb l\u2019est\u00e0ndard de qualitat m\u00e9s alt.<\/p><p>\u00a0<\/p><p>Utilitzo t\u00e8cniques de fusteria tradicional d\u2019encaixos sempre que \u00e9s possible per perpetuar les tradicions ancestrals. Per\u00f2, m\u00e9s important que aix\u00f2, per a mi, \u00e9s que aquestes t\u00e8cniques tradicionals garanteixen que l&#8217;ess\u00e8ncia mateixa de la fusta interaccioni amb la mec\u00e0nica de les juntes per assegurar estructures fortes i duradores.<\/p>\t\t\t\t\t\t\t\t<\/div>\n\t\t\t\t<\/div>\n\t\t\t\t<div class=\"elementor-element elementor-element-18dcfdb elementor-widget elementor-widget-image\" data-id=\"18dcfdb\" data-element_type=\"widget\" data-widget_type=\"image.default\">\n\t\t\t\t<div class=\"elementor-widget-container\">\n\t\t\t\t\t\t\t\t\t\t\t\t\t\t\t<img decoding=\"async\" width=\"843\" height=\"587\" src=\"https:\/\/vossenwood.com\/wp-content\/uploads\/2024\/08\/04-about-me.jpg\" class=\"attachment-large size-large wp-image-7346\" alt=\"\" srcset=\"https:\/\/vossenwood.com\/wp-content\/uploads\/2024\/08\/04-about-me.jpg 843w, https:\/\/vossenwood.com\/wp-content\/uploads\/2024\/08\/04-about-me-300x209.jpg 300w, https:\/\/vossenwood.com\/wp-content\/uploads\/2024\/08\/04-about-me-768x535.jpg 768w, https:\/\/vossenwood.com\/wp-content\/uploads\/2024\/08\/04-about-me-700x487.jpg 700w\" sizes=\"(max-width: 843px) 100vw, 843px\" \/>\t\t\t\t\t\t\t\t\t\t\t\t\t\t\t<\/div>\n\t\t\t\t<\/div>\n\t\t\t\t<\/div>\n\t\t\t\t\t<\/div>\n\t\t\t\t<\/div>\n\t\t<div class=\"elementor-element elementor-element-da3475e e-flex e-con-boxed parallax_section_no qode_elementor_container_no e-con e-parent\" data-id=\"da3475e\" data-element_type=\"container\">\n\t\t\t\t\t<div class=\"e-con-inner\">\n\t\t<div class=\"elementor-element elementor-element-6096c57 e-grid e-con-full parallax_section_no qode_elementor_container_no e-con e-child\" data-id=\"6096c57\" data-element_type=\"container\">\n\t\t\t\t<div class=\"elementor-element elementor-element-61d7808 elementor-widget elementor-widget-image\" data-id=\"61d7808\" data-element_type=\"widget\" data-widget_type=\"image.default\">\n\t\t\t\t<div class=\"elementor-widget-container\">\n\t\t\t\t\t\t\t\t\t\t\t\t\t\t\t<img decoding=\"async\" width=\"843\" height=\"587\" src=\"https:\/\/vossenwood.com\/wp-content\/uploads\/2024\/08\/05-about-me.jpg\" class=\"attachment-large size-large wp-image-7347\" alt=\"\" srcset=\"https:\/\/vossenwood.com\/wp-content\/uploads\/2024\/08\/05-about-me.jpg 843w, https:\/\/vossenwood.com\/wp-content\/uploads\/2024\/08\/05-about-me-300x209.jpg 300w, https:\/\/vossenwood.com\/wp-content\/uploads\/2024\/08\/05-about-me-768x535.jpg 768w, https:\/\/vossenwood.com\/wp-content\/uploads\/2024\/08\/05-about-me-700x487.jpg 700w\" sizes=\"(max-width: 843px) 100vw, 843px\" \/>\t\t\t\t\t\t\t\t\t\t\t\t\t\t\t<\/div>\n\t\t\t\t<\/div>\n\t\t\t\t<div class=\"elementor-element elementor-element-46f8bbf elementor-widget__width-initial elementor-widget-tablet__width-inherit elementor-widget elementor-widget-text-editor\" data-id=\"46f8bbf\" data-element_type=\"widget\" data-widget_type=\"text-editor.default\">\n\t\t\t\t<div class=\"elementor-widget-container\">\n\t\t\t\t\t\t\t\t\t<p>Per a mi, el disseny significa la uni\u00f3 d&#8217;est\u00e8tica i funcionalitat. La sinergia entre ambdues eleva un objecte o pe\u00e7a de mobiliari d&#8217;una posici\u00f3 purament utilit\u00e0ria a una interpretaci\u00f3 art\u00edstica del seu \u00fas. Utilitzo tecnologia inform\u00e0tica moderna per donar suport al proc\u00e9s creatiu mitjan\u00e7ant dibuixos t\u00e8cnics i pl\u00e0nols 2D i 3D.<\/p><p>\u00a0<\/p><p>Gr\u00e0cies al meu extens viatge pel m\u00f3n, puc discutir els vostres plans i projectes en diversos idiomes (franc\u00e8s, angl\u00e8s, espanyol (tant catal\u00e0 com castell\u00e0), i en menor mesura en alemany, neerland\u00e8s i itali\u00e0).<\/p><p>\u00a0<\/p><p>No dubteu en contactar-me per parlar de les vostres idees. Podem formar un equip per fer que el vostre projecte somiat es converteixi en realitat.<\/p>\t\t\t\t\t\t\t\t<\/div>\n\t\t\t\t<\/div>\n\t\t\t\t<\/div>\n\t\t\t\t\t<\/div>\n\t\t\t\t<\/div>\n\t\t\t\t<\/div>\n\t\t","protected":false},"excerpt":{"rendered":"<p>Sobre mi Hola. S\u00f3c en David Vossen, un ebenista i fuster belga que viu a Catalunya, al nord d&#8217;Espanya. L&#8217;art i el moviment sempre han estat part de la meva vida i el meu objectiu professional \u00e9stransposar aquesta experi\u00e8ncia a trav\u00e9s de la fusta que&#8230;<\/p>\n","protected":false},"author":1,"featured_media":0,"parent":0,"menu_order":0,"comment_status":"closed","ping_status":"closed","template":"full_width.php","meta":{"footnotes":""},"class_list":["post-7340","page","type-page","status-publish","hentry"],"yoast_head":"<!-- This site is optimized with the Yoast SEO plugin v26.8 - https:\/\/yoast.com\/product\/yoast-seo-wordpress\/ -->\n<title>Sobre mi - Vossen wood<\/title>\n<meta name=\"robots\" content=\"index, follow, max-snippet:-1, max-image-preview:large, max-video-preview:-1\" \/>\n<link rel=\"canonical\" href=\"https:\/\/vossenwood.com\/ca\/sobre-mi\/\" \/>\n<meta property=\"og:locale\" content=\"ca_ES\" \/>\n<meta property=\"og:type\" content=\"article\" \/>\n<meta property=\"og:title\" content=\"Sobre mi - Vossen wood\" \/>\n<meta property=\"og:description\" content=\"Sobre mi Hola. S\u00f3c en David Vossen, un ebenista i fuster belga que viu a Catalunya, al nord d&#8217;Espanya. L&#8217;art i el moviment sempre han estat part de la meva vida i el meu objectiu professional \u00e9stransposar aquesta experi\u00e8ncia a trav\u00e9s de la fusta que...\" \/>\n<meta property=\"og:url\" content=\"https:\/\/vossenwood.com\/ca\/sobre-mi\/\" \/>\n<meta property=\"og:site_name\" content=\"Vossen wood\" \/>\n<meta property=\"article:modified_time\" content=\"2025-07-30T07:37:05+00:00\" \/>\n<meta property=\"og:image\" content=\"https:\/\/vossenwood.com\/wp-content\/uploads\/2024\/08\/02-about-me.jpg\" \/>\n\t<meta property=\"og:image:width\" content=\"624\" \/>\n\t<meta property=\"og:image:height\" content=\"783\" \/>\n\t<meta property=\"og:image:type\" content=\"image\/jpeg\" \/>\n<meta name=\"twitter:card\" content=\"summary_large_image\" \/>\n<meta name=\"twitter:label1\" content=\"Temps estimat de lectura\" \/>\n\t<meta name=\"twitter:data1\" content=\"3 minuts\" \/>\n<script type=\"application\/ld+json\" class=\"yoast-schema-graph\">{\"@context\":\"https:\/\/schema.org\",\"@graph\":[{\"@type\":\"WebPage\",\"@id\":\"https:\/\/vossenwood.com\/ca\/sobre-mi\/\",\"url\":\"https:\/\/vossenwood.com\/ca\/sobre-mi\/\",\"name\":\"Sobre mi - Vossen wood\",\"isPartOf\":{\"@id\":\"https:\/\/vossenwood.com\/ca\/#website\"},\"primaryImageOfPage\":{\"@id\":\"https:\/\/vossenwood.com\/ca\/sobre-mi\/#primaryimage\"},\"image\":{\"@id\":\"https:\/\/vossenwood.com\/ca\/sobre-mi\/#primaryimage\"},\"thumbnailUrl\":\"https:\/\/vossenwood.com\/wp-content\/uploads\/2024\/08\/02-about-me.jpg\",\"datePublished\":\"2023-11-02T07:09:49+00:00\",\"dateModified\":\"2025-07-30T07:37:05+00:00\",\"breadcrumb\":{\"@id\":\"https:\/\/vossenwood.com\/ca\/sobre-mi\/#breadcrumb\"},\"inLanguage\":\"ca\",\"potentialAction\":[{\"@type\":\"ReadAction\",\"target\":[\"https:\/\/vossenwood.com\/ca\/sobre-mi\/\"]}]},{\"@type\":\"ImageObject\",\"inLanguage\":\"ca\",\"@id\":\"https:\/\/vossenwood.com\/ca\/sobre-mi\/#primaryimage\",\"url\":\"https:\/\/vossenwood.com\/wp-content\/uploads\/2024\/08\/02-about-me.jpg\",\"contentUrl\":\"https:\/\/vossenwood.com\/wp-content\/uploads\/2024\/08\/02-about-me.jpg\"},{\"@type\":\"BreadcrumbList\",\"@id\":\"https:\/\/vossenwood.com\/ca\/sobre-mi\/#breadcrumb\",\"itemListElement\":[{\"@type\":\"ListItem\",\"position\":1,\"name\":\"Inici\",\"item\":\"https:\/\/vossenwood.com\/ca\/\"},{\"@type\":\"ListItem\",\"position\":2,\"name\":\"Sobre mi\"}]},{\"@type\":\"WebSite\",\"@id\":\"https:\/\/vossenwood.com\/ca\/#website\",\"url\":\"https:\/\/vossenwood.com\/ca\/\",\"name\":\"Vossen Wood\",\"description\":\"Handcrafted wood design\",\"publisher\":{\"@id\":\"https:\/\/vossenwood.com\/ca\/#organization\"},\"alternateName\":\"Vossen Wood\",\"potentialAction\":[{\"@type\":\"SearchAction\",\"target\":{\"@type\":\"EntryPoint\",\"urlTemplate\":\"https:\/\/vossenwood.com\/ca\/?s={search_term_string}\"},\"query-input\":{\"@type\":\"PropertyValueSpecification\",\"valueRequired\":true,\"valueName\":\"search_term_string\"}}],\"inLanguage\":\"ca\"},{\"@type\":\"Organization\",\"@id\":\"https:\/\/vossenwood.com\/ca\/#organization\",\"name\":\"Vossen Wood\",\"alternateName\":\"Vossen Wood\",\"url\":\"https:\/\/vossenwood.com\/ca\/\",\"logo\":{\"@type\":\"ImageObject\",\"inLanguage\":\"ca\",\"@id\":\"https:\/\/vossenwood.com\/ca\/#\/schema\/logo\/image\/\",\"url\":\"https:\/\/vossenwood.com\/wp-content\/uploads\/2024\/08\/vossen-header.svg\",\"contentUrl\":\"https:\/\/vossenwood.com\/wp-content\/uploads\/2024\/08\/vossen-header.svg\",\"width\":903,\"height\":253,\"caption\":\"Vossen Wood\"},\"image\":{\"@id\":\"https:\/\/vossenwood.com\/ca\/#\/schema\/logo\/image\/\"},\"sameAs\":[\"https:\/\/www.instagram.com\/vossendavid\/\"]}]}<\/script>\n<!-- \/ Yoast SEO plugin. -->","yoast_head_json":{"title":"Sobre mi - Vossen wood","robots":{"index":"index","follow":"follow","max-snippet":"max-snippet:-1","max-image-preview":"max-image-preview:large","max-video-preview":"max-video-preview:-1"},"canonical":"https:\/\/vossenwood.com\/ca\/sobre-mi\/","og_locale":"ca_ES","og_type":"article","og_title":"Sobre mi - Vossen wood","og_description":"Sobre mi Hola. S\u00f3c en David Vossen, un ebenista i fuster belga que viu a Catalunya, al nord d&#8217;Espanya. L&#8217;art i el moviment sempre han estat part de la meva vida i el meu objectiu professional \u00e9stransposar aquesta experi\u00e8ncia a trav\u00e9s de la fusta que...","og_url":"https:\/\/vossenwood.com\/ca\/sobre-mi\/","og_site_name":"Vossen wood","article_modified_time":"2025-07-30T07:37:05+00:00","og_image":[{"width":624,"height":783,"url":"https:\/\/vossenwood.com\/wp-content\/uploads\/2024\/08\/02-about-me.jpg","type":"image\/jpeg"}],"twitter_card":"summary_large_image","twitter_misc":{"Temps estimat de lectura":"3 minuts"},"schema":{"@context":"https:\/\/schema.org","@graph":[{"@type":"WebPage","@id":"https:\/\/vossenwood.com\/ca\/sobre-mi\/","url":"https:\/\/vossenwood.com\/ca\/sobre-mi\/","name":"Sobre mi - Vossen wood","isPartOf":{"@id":"https:\/\/vossenwood.com\/ca\/#website"},"primaryImageOfPage":{"@id":"https:\/\/vossenwood.com\/ca\/sobre-mi\/#primaryimage"},"image":{"@id":"https:\/\/vossenwood.com\/ca\/sobre-mi\/#primaryimage"},"thumbnailUrl":"https:\/\/vossenwood.com\/wp-content\/uploads\/2024\/08\/02-about-me.jpg","datePublished":"2023-11-02T07:09:49+00:00","dateModified":"2025-07-30T07:37:05+00:00","breadcrumb":{"@id":"https:\/\/vossenwood.com\/ca\/sobre-mi\/#breadcrumb"},"inLanguage":"ca","potentialAction":[{"@type":"ReadAction","target":["https:\/\/vossenwood.com\/ca\/sobre-mi\/"]}]},{"@type":"ImageObject","inLanguage":"ca","@id":"https:\/\/vossenwood.com\/ca\/sobre-mi\/#primaryimage","url":"https:\/\/vossenwood.com\/wp-content\/uploads\/2024\/08\/02-about-me.jpg","contentUrl":"https:\/\/vossenwood.com\/wp-content\/uploads\/2024\/08\/02-about-me.jpg"},{"@type":"BreadcrumbList","@id":"https:\/\/vossenwood.com\/ca\/sobre-mi\/#breadcrumb","itemListElement":[{"@type":"ListItem","position":1,"name":"Inici","item":"https:\/\/vossenwood.com\/ca\/"},{"@type":"ListItem","position":2,"name":"Sobre mi"}]},{"@type":"WebSite","@id":"https:\/\/vossenwood.com\/ca\/#website","url":"https:\/\/vossenwood.com\/ca\/","name":"Vossen Wood","description":"Handcrafted wood design","publisher":{"@id":"https:\/\/vossenwood.com\/ca\/#organization"},"alternateName":"Vossen Wood","potentialAction":[{"@type":"SearchAction","target":{"@type":"EntryPoint","urlTemplate":"https:\/\/vossenwood.com\/ca\/?s={search_term_string}"},"query-input":{"@type":"PropertyValueSpecification","valueRequired":true,"valueName":"search_term_string"}}],"inLanguage":"ca"},{"@type":"Organization","@id":"https:\/\/vossenwood.com\/ca\/#organization","name":"Vossen Wood","alternateName":"Vossen Wood","url":"https:\/\/vossenwood.com\/ca\/","logo":{"@type":"ImageObject","inLanguage":"ca","@id":"https:\/\/vossenwood.com\/ca\/#\/schema\/logo\/image\/","url":"https:\/\/vossenwood.com\/wp-content\/uploads\/2024\/08\/vossen-header.svg","contentUrl":"https:\/\/vossenwood.com\/wp-content\/uploads\/2024\/08\/vossen-header.svg","width":903,"height":253,"caption":"Vossen Wood"},"image":{"@id":"https:\/\/vossenwood.com\/ca\/#\/schema\/logo\/image\/"},"sameAs":["https:\/\/www.instagram.com\/vossendavid\/"]}]}},"_links":{"self":[{"href":"https:\/\/vossenwood.com\/ca\/wp-json\/wp\/v2\/pages\/7340","targetHints":{"allow":["GET"]}}],"collection":[{"href":"https:\/\/vossenwood.com\/ca\/wp-json\/wp\/v2\/pages"}],"about":[{"href":"https:\/\/vossenwood.com\/ca\/wp-json\/wp\/v2\/types\/page"}],"author":[{"embeddable":true,"href":"https:\/\/vossenwood.com\/ca\/wp-json\/wp\/v2\/users\/1"}],"replies":[{"embeddable":true,"href":"https:\/\/vossenwood.com\/ca\/wp-json\/wp\/v2\/comments?post=7340"}],"version-history":[{"count":0,"href":"https:\/\/vossenwood.com\/ca\/wp-json\/wp\/v2\/pages\/7340\/revisions"}],"wp:attachment":[{"href":"https:\/\/vossenwood.com\/ca\/wp-json\/wp\/v2\/media?parent=7340"}],"curies":[{"name":"wp","href":"https:\/\/api.w.org\/{rel}","templated":true}]}}